{"id":14336,"date":"2018-06-29T14:48:17","date_gmt":"2018-06-29T12:48:17","guid":{"rendered":"https:\/\/kinoteka.mk\/%d0%b2%d1%80%d0%b0%d0%b1%d0%be%d1%82%d0%b5%d0%bd%d0%b8\/"},"modified":"2025-02-25T14:00:11","modified_gmt":"2025-02-25T13:00:11","slug":"%d0%b2%d1%80%d0%b0%d0%b1%d0%be%d1%82%d0%b5%d0%bd%d0%b8","status":"publish","type":"page","link":"https:\/\/staging.kinoteka.borkko.com\/sq\/%d0%b2%d1%80%d0%b0%d0%b1%d0%be%d1%82%d0%b5%d0%bd%d0%b8\/","title":{"rendered":"T\u00eb pun\u00ebsuarit"},"content":{"rendered":"\t\t<div data-elementor-type=\"wp-page\" data-elementor-id=\"14336\" class=\"elementor elementor-14336 elementor-390\" data-elementor-post-type=\"page\">\n\t\t\t\t<div class=\"elementor-element elementor-element-77aaf8c e-con-full animated-slow e-flex elementor-invisible e-con e-parent\" data-id=\"77aaf8c\" data-element_type=\"container\" data-e-type=\"container\" data-settings=\"{&quot;background_background&quot;:&quot;gradient&quot;,&quot;animation&quot;:&quot;fadeIn&quot;,&quot;animation_delay&quot;:0.3}\">\n\t\t\t\t<div class=\"elementor-element elementor-element-979de61 elementor-widget elementor-widget-heading\" data-id=\"979de61\" data-element_type=\"widget\" data-e-type=\"widget\" data-widget_type=\"heading.default\">\n\t\t\t\t<div class=\"elementor-widget-container\">\n\t\t\t\t\t<h2 class=\"elementor-heading-title elementor-size-default\">t\u00eb pun\u00ebsuarit<\/h2>\t\t\t\t<\/div>\n\t\t\t\t<\/div>\n\t\t\t\t<\/div>\n\t\t<div class=\"elementor-element elementor-element-6be047d6 e-flex e-con-boxed e-con e-parent\" data-id=\"6be047d6\" data-element_type=\"container\" data-e-type=\"container\">\n\t\t\t\t\t<div class=\"e-con-inner\">\n\t\t\t\t<div class=\"elementor-element elementor-element-2a9d78bc elementor-widget elementor-widget-text-editor\" data-id=\"2a9d78bc\" data-element_type=\"widget\" data-e-type=\"widget\" data-widget_type=\"text-editor.default\">\n\t\t\t\t<div class=\"elementor-widget-container\">\n\t\t\t\t\t\t\t\t\t<p>Bosko Grujoski \u2013 Drejtor, email: boskog@maccinema.com<\/p><h3><strong>Departamenti p\u00ebr mbledhjen, mbrojtjen, p\u00ebrpunimin, ruajtjen e veprave audiovizive dhe dokumentacionit filmik shoq\u00ebrues (dokumentacioni i shkruar dhe fotografik dhe ekspozitat muzeale):<\/strong><\/h3><p>1. Igor Stardelov &#8211; Shef i departamentit p\u00ebr grumbullimin, mbrojtjen, p\u00ebrpunimin, ruajtjen e veprave audiovizive dhe dokumentacionit filmik p\u00ebrcjell\u00ebs (dokumentacioni i shkruar dhe fotografik dhe ekspozita muzeale), tel. 078\/460-201, email: igors@maccinema.com <br>2. Atanas \u00c7uposki &#8211; k\u00ebshilltar filmolog &#8211; arkiv filmik, email: atanasc@maccinema.com<br>3. Suncica Veselinovska &#8211; Filmologe e lart\u00eb \u2013 arkiv filmik, suncicav@maccinema.com<br>4. Arsim Leskovica &#8211; Filmolog &#8211; arkiv filmik, email: cimi_160@hotmail.com<br>5. Aleksandar Trajkovski \u2013 Filmolog \u2013 arkiv filmik, aleksandart@maccinema.com<br>6. Miranda Alla Reci \u2013 Filmologe \u2013 arkivi filmik, mirandareci@gmail.com<br>7. Lidija Kiroska \u2013 Filmologe \u2013 bashk\u00ebpun\u00ebtore p\u00ebr veprimtari filmike n\u00eb fush\u00ebn e trash\u00ebgimis\u00eb shpirt\u00ebrore, email: lidija.trpkovska@yahoo.com<br>8. Lidija Hristova &#8211; Filmologe &#8211; bashk\u00ebpun\u00ebtore p\u00ebr veprimtari filmike n\u00eb fush\u00ebn e trash\u00ebgimis\u00eb shpirt\u00ebrore, email: lidija.stanoevska@gmail.com<br>9. Kiro Velkov &#8211; Teknik filmi &#8211; arkiv filmik, email: kirov@maccinema.com<br>10. Svetlana Bla\u017eeska &#8211; Teknike filmi &#8211; arkiv filmik, email: svetlanab@maccinema.com<br>11. Zoran Trendafilovi\u0107 &#8211; Teknik filmi &#8211; arkiv filmik, email: lamatrendo@gmail.com<br>12. Sedat Jusufoviq &#8211; Teknik i dokumentacionit &#8211; dokumentacion me shkrim, tel: 078\/460-205; email: sedatj@maccinema.com<br>13. Silvana Jovanovska &#8211; Teknike e dokumentar\u00ebve &#8211; fototek\u00eb, email: silvanaj@maccinema.com<br>14. Milka Kapsarova Zoximovska &#8211; Teknike e dokumentarit &#8211; email muzeut: milkakapsarova@gmail.com<br>15. Petranka Mitrovska &#8211; Teknike e dokumentarit &#8211; muze, email: petrankakinoteka@gmail.com<\/p><h3><strong>Departamenti p\u00ebr k\u00ebrkime, botime, veprimtari publike, nd\u00ebrkomb\u00ebtare, veprimtari bibliotekare dhe program filmik:<\/strong><\/h3><p>16. Petar Volnarovski &#8211; Udh\u00ebheq\u00ebs i departamentit p\u00ebr hulumtime, botime, veprimtari publike, nd\u00ebrkomb\u00ebtare, veprimtari bibliotekare dhe program filmik. tel 078\/460-204, email: petarvolnarovski@yahoo.com; petarv@maccinema.com<br>17. Aleksandra Mlladenoviq &#8211; Filmologe &#8211; program filmik, aleksandram@maccinema.com<br>18. Muezzin Miftari Filmolog \u2013 program filmik, mujomiftari@gmail.com<br>19. Damjana Pat\u00e7eva &#8211; Filmologe &#8211; program filmik, tel: 078\/398 \u2013 085; email: damjanai@maccinema.com<br>20. Emil Kostovski \u2013 Filmolog \u2013 veprimtari nd\u00ebrkomb\u00ebtare dhe publike, email: kostovskiemil@hotmail.com<br>21. Aleksandar Vasilevski \u2013 Filmolog \u2013 veprimtari nd\u00ebrkomb\u00ebtare dhe publike email: aleksandarv@maccinema.com<br>22. Bojan Stanisic &#8211; Filmolog &#8211; veprimtari nd\u00ebrkomb\u00ebtare dhe publike tel. 075\/343\u2013291, email: bojans@maccinema.com dhe bojan.stanisik@gmail.com<br>23. Vladimir Angelov &#8211; Filmolog i lart\u00eb; vladoa@maccinema.com<br>24. Tihomir Kashmicovski-Tekniku i filmit-programi i filmit email:tihokash82@gmail.com<br>25. Mile Milenkovski \u2013 Teknik filmi \u2013 program filmik, email: miksa.mile@gmail.com<br>26. Verica Stojanovska &#8211; Teknike e dokumentarit, email: vericas@maccinema.com<br>27. Suzana Smilevska &#8211; Asistente bibliotekare, email: suzanas@maccinema.com  <\/p><h3><strong>Departamenti p\u00ebr \u00e7\u00ebshtje administrative, juridike, burime njer\u00ebzore dhe operacione financiare materiale:<\/strong><\/h3><p>28. Denica Todorovska &#8211; K\u00ebshilltare p\u00ebr \u00e7\u00ebshtje administrative, t\u00eb p\u00ebrgjithshme dhe juridike tel 075\/451-424, email: denicat@maccinema.com<br>29. Fjola Zeqiri Idrizi &#8211; Bashk\u00ebpun\u00ebtor i Burimeve Njer\u00ebzore tel. 070\/429-374, email: fjollaz@maccinema.com<br>30. Snezhana Veljanovska &#8211; N\u00ebpun\u00ebse e pavarur &#8211; kontabiliste, tel: 078\/228\u2013421, email: snezanav@maccinema.com<br>31. Violeta Petrushevska \u2013 Shit\u00ebse biletash, email: vikitemjanuska@yahoo.com<br>32. Sonja Nedelkovska \u2013 Shit\u00ebse biletash<br>33. Pane Angelovski &#8211; Pun\u00ebtor sigurimi<br>34. Jov\u00e7e Nedelkovski &#8211; Pun\u00ebtor sigurimi<br>35. Zoran Trpevski \u2013 Pun\u00ebtor sigurimi<br>36. Gordana Trajkovska \u2013 mikprit\u00ebse<br>37. Jaklina Milloshevska \u2013 mikprit\u00ebse<br>38. Boro Simeonov &#8211; Nj\u00eb tjet\u00ebr NKV p\u00ebr mir\u00ebmbajtjen e nd\u00ebrtesave<br>39. Beti Zlatanovska &#8211; Pun\u00ebtore tjet\u00ebr p\u00ebr mir\u00ebmbajtjen e objekteve, tel: 075\/305\u2013863, email: zlatanovska.beti@hotmail.com <\/p><h4><strong>Shkarko: <\/strong><a href=\"https:\/\/staging.kinoteka.borkko.com\/wp-content\/uploads\/2023\/03\/%D0%92%D1%80%D0%B0%D0%B1%D0%BE%D1%82%D0%B5%D0%BD%D0%B8.pdf\"><strong>Punonj\u00ebsit<\/strong><\/a><\/h4>\t\t\t\t\t\t\t\t<\/div>\n\t\t\t\t<\/div>\n\t\t\t\t\t<\/div>\n\t\t\t\t<\/div>\n\t\t\t\t<\/div>\n\t\t","protected":false},"excerpt":{"rendered":"<p>t\u00eb pun\u00ebsuarit Bosko Grujoski \u2013 Drejtor, email: boskog@maccinema.com Departamenti p\u00ebr mbledhjen, mbrojtjen, p\u00ebrpunimin, ruajtjen e veprave audiovizive dhe dokumentacionit filmik shoq\u00ebrues (dokumentacioni i shkruar dhe fotografik dhe ekspozitat muzeale): 1. Igor Stardelov &#8211; Shef i departamentit p\u00ebr grumbullimin, mbrojtjen, p\u00ebrpunimin, ruajtjen e veprave audiovizive dhe dokumentacionit filmik p\u00ebrcjell\u00ebs (dokumentacioni i shkruar dhe fotografik dhe ekspozita [&hellip;]<\/p>\n","protected":false},"author":7,"featured_media":0,"parent":0,"menu_order":0,"comment_status":"closed","ping_status":"closed","template":"","meta":{"_acf_changed":false,"footnotes":""},"class_list":["post-14336","page","type-page","status-publish","hentry"],"acf":[],"yoast_head":"<!-- This site is optimized with the Yoast SEO plugin v27.3 - https:\/\/yoast.com\/product\/yoast-seo-wordpress\/ -->\n<title>T\u00eb pun\u00ebsuarit - \u041a\u0438\u043d\u043e\u0442\u0435\u043a\u0430 \u043d\u0430 \u041c\u0430\u043a\u0435\u0434\u043e\u043d\u0438\u0458\u0430<\/title>\n<meta name=\"robots\" content=\"index, follow, max-snippet:-1, max-image-preview:large, max-video-preview:-1\" \/>\n<link rel=\"canonical\" href=\"https:\/\/staging.kinoteka.borkko.com\/vraboteni\/\" \/>\n<meta property=\"og:locale\" content=\"sq_AL\" \/>\n<meta property=\"og:type\" content=\"article\" \/>\n<meta property=\"og:title\" content=\"T\u00eb pun\u00ebsuarit - \u041a\u0438\u043d\u043e\u0442\u0435\u043a\u0430 \u043d\u0430 \u041c\u0430\u043a\u0435\u0434\u043e\u043d\u0438\u0458\u0430\" \/>\n<meta property=\"og:description\" content=\"t\u00eb pun\u00ebsuarit Bosko Grujoski \u2013 Drejtor, email: boskog@maccinema.com Departamenti p\u00ebr mbledhjen, mbrojtjen, p\u00ebrpunimin, ruajtjen e veprave audiovizive dhe dokumentacionit filmik shoq\u00ebrues (dokumentacioni i shkruar dhe fotografik dhe ekspozitat muzeale): 1. Igor Stardelov &#8211; Shef i departamentit p\u00ebr grumbullimin, mbrojtjen, p\u00ebrpunimin, ruajtjen e veprave audiovizive dhe dokumentacionit filmik p\u00ebrcjell\u00ebs (dokumentacioni i shkruar dhe fotografik dhe ekspozita [&hellip;]\" \/>\n<meta property=\"og:url\" content=\"https:\/\/staging.kinoteka.borkko.com\/vraboteni\/\" \/>\n<meta property=\"og:site_name\" content=\"\u041a\u0438\u043d\u043e\u0442\u0435\u043a\u0430 \u043d\u0430 \u041c\u0430\u043a\u0435\u0434\u043e\u043d\u0438\u0458\u0430\" \/>\n<meta property=\"article:publisher\" content=\"https:\/\/www.facebook.com\/KinotekaNaSevernaMakedonija\/\" \/>\n<meta property=\"article:modified_time\" content=\"2025-02-25T13:00:11+00:00\" \/>\n<meta name=\"twitter:card\" content=\"summary_large_image\" \/>\n<meta name=\"twitter:label1\" content=\"Est. reading time\" \/>\n\t<meta name=\"twitter:data1\" content=\"3 minutes\" \/>\n<script type=\"application\/ld+json\" class=\"yoast-schema-graph\">{\"@context\":\"https:\\\/\\\/schema.org\",\"@graph\":[{\"@type\":\"WebPage\",\"@id\":\"https:\\\/\\\/staging.kinoteka.borkko.com\\\/vraboteni\\\/\",\"url\":\"https:\\\/\\\/staging.kinoteka.borkko.com\\\/vraboteni\\\/\",\"name\":\"T\u00eb pun\u00ebsuarit - \u041a\u0438\u043d\u043e\u0442\u0435\u043a\u0430 \u043d\u0430 \u041c\u0430\u043a\u0435\u0434\u043e\u043d\u0438\u0458\u0430\",\"isPartOf\":{\"@id\":\"https:\\\/\\\/staging.kinoteka.borkko.com\\\/#website\"},\"datePublished\":\"2018-06-29T12:48:17+00:00\",\"dateModified\":\"2025-02-25T13:00:11+00:00\",\"breadcrumb\":{\"@id\":\"https:\\\/\\\/staging.kinoteka.borkko.com\\\/vraboteni\\\/#breadcrumb\"},\"inLanguage\":\"sq-AL\",\"potentialAction\":[{\"@type\":\"ReadAction\",\"target\":[\"https:\\\/\\\/staging.kinoteka.borkko.com\\\/vraboteni\\\/\"]}]},{\"@type\":\"BreadcrumbList\",\"@id\":\"https:\\\/\\\/staging.kinoteka.borkko.com\\\/vraboteni\\\/#breadcrumb\",\"itemListElement\":[{\"@type\":\"ListItem\",\"position\":1,\"name\":\"Home\",\"item\":\"https:\\\/\\\/staging.kinoteka.borkko.com\\\/sq\\\/\"},{\"@type\":\"ListItem\",\"position\":2,\"name\":\"T\u00eb pun\u00ebsuarit\"}]},{\"@type\":\"WebSite\",\"@id\":\"https:\\\/\\\/staging.kinoteka.borkko.com\\\/#website\",\"url\":\"https:\\\/\\\/staging.kinoteka.borkko.com\\\/\",\"name\":\"\u041a\u0438\u043d\u043e\u0442\u0435\u043a\u0430 \u043d\u0430 \u041c\u0430\u043a\u0435\u0434\u043e\u043d\u0438\u0458\u0430\",\"description\":\"\u041e\u0444\u0438\u0446\u0438\u0458\u0430\u043b\u043d\u0438\u043e\u0442 \u0432\u0435\u0431 \u043f\u043e\u0440\u0442\u0430\u043b \u043d\u0430 \u041a\u0438\u043d\u043e\u0442\u0435\u043a\u0430 \u043d\u0430 \u041c\u0430\u043a\u0435\u0434\u043e\u043d\u0438\u0458\u0430\",\"publisher\":{\"@id\":\"https:\\\/\\\/staging.kinoteka.borkko.com\\\/#organization\"},\"potentialAction\":[{\"@type\":\"SearchAction\",\"target\":{\"@type\":\"EntryPoint\",\"urlTemplate\":\"https:\\\/\\\/staging.kinoteka.borkko.com\\\/?s={search_term_string}\"},\"query-input\":{\"@type\":\"PropertyValueSpecification\",\"valueRequired\":true,\"valueName\":\"search_term_string\"}}],\"inLanguage\":\"sq-AL\"},{\"@type\":\"Organization\",\"@id\":\"https:\\\/\\\/staging.kinoteka.borkko.com\\\/#organization\",\"name\":\"\u041a\u0438\u043d\u043e\u0442\u0435\u043a\u0430 \u043d\u0430 \u041c\u0430\u043a\u0435\u0434\u043e\u043d\u0438\u0458\u0430\",\"url\":\"https:\\\/\\\/staging.kinoteka.borkko.com\\\/\",\"logo\":{\"@type\":\"ImageObject\",\"inLanguage\":\"sq-AL\",\"@id\":\"https:\\\/\\\/staging.kinoteka.borkko.com\\\/#\\\/schema\\\/logo\\\/image\\\/\",\"url\":\"https:\\\/\\\/staging.kinoteka.borkko.com\\\/wp-content\\\/uploads\\\/2025\\\/01\\\/LOGO-KINOTEKA-50-01.png\",\"contentUrl\":\"https:\\\/\\\/staging.kinoteka.borkko.com\\\/wp-content\\\/uploads\\\/2025\\\/01\\\/LOGO-KINOTEKA-50-01.png\",\"width\":1124,\"height\":1124,\"caption\":\"\u041a\u0438\u043d\u043e\u0442\u0435\u043a\u0430 \u043d\u0430 \u041c\u0430\u043a\u0435\u0434\u043e\u043d\u0438\u0458\u0430\"},\"image\":{\"@id\":\"https:\\\/\\\/staging.kinoteka.borkko.com\\\/#\\\/schema\\\/logo\\\/image\\\/\"},\"sameAs\":[\"https:\\\/\\\/www.facebook.com\\\/KinotekaNaSevernaMakedonija\\\/\",\"https:\\\/\\\/www.instagram.com\\\/kinoteka.mk\\\/\"]}]}<\/script>\n<!-- \/ Yoast SEO plugin. -->","yoast_head_json":{"title":"T\u00eb pun\u00ebsuarit - \u041a\u0438\u043d\u043e\u0442\u0435\u043a\u0430 \u043d\u0430 \u041c\u0430\u043a\u0435\u0434\u043e\u043d\u0438\u0458\u0430","robots":{"index":"index","follow":"follow","max-snippet":"max-snippet:-1","max-image-preview":"max-image-preview:large","max-video-preview":"max-video-preview:-1"},"canonical":"https:\/\/staging.kinoteka.borkko.com\/vraboteni\/","og_locale":"sq_AL","og_type":"article","og_title":"T\u00eb pun\u00ebsuarit - \u041a\u0438\u043d\u043e\u0442\u0435\u043a\u0430 \u043d\u0430 \u041c\u0430\u043a\u0435\u0434\u043e\u043d\u0438\u0458\u0430","og_description":"t\u00eb pun\u00ebsuarit Bosko Grujoski \u2013 Drejtor, email: boskog@maccinema.com Departamenti p\u00ebr mbledhjen, mbrojtjen, p\u00ebrpunimin, ruajtjen e veprave audiovizive dhe dokumentacionit filmik shoq\u00ebrues (dokumentacioni i shkruar dhe fotografik dhe ekspozitat muzeale): 1. Igor Stardelov &#8211; Shef i departamentit p\u00ebr grumbullimin, mbrojtjen, p\u00ebrpunimin, ruajtjen e veprave audiovizive dhe dokumentacionit filmik p\u00ebrcjell\u00ebs (dokumentacioni i shkruar dhe fotografik dhe ekspozita [&hellip;]","og_url":"https:\/\/staging.kinoteka.borkko.com\/vraboteni\/","og_site_name":"\u041a\u0438\u043d\u043e\u0442\u0435\u043a\u0430 \u043d\u0430 \u041c\u0430\u043a\u0435\u0434\u043e\u043d\u0438\u0458\u0430","article_publisher":"https:\/\/www.facebook.com\/KinotekaNaSevernaMakedonija\/","article_modified_time":"2025-02-25T13:00:11+00:00","twitter_card":"summary_large_image","twitter_misc":{"Est. reading time":"3 minutes"},"schema":{"@context":"https:\/\/schema.org","@graph":[{"@type":"WebPage","@id":"https:\/\/staging.kinoteka.borkko.com\/vraboteni\/","url":"https:\/\/staging.kinoteka.borkko.com\/vraboteni\/","name":"T\u00eb pun\u00ebsuarit - \u041a\u0438\u043d\u043e\u0442\u0435\u043a\u0430 \u043d\u0430 \u041c\u0430\u043a\u0435\u0434\u043e\u043d\u0438\u0458\u0430","isPartOf":{"@id":"https:\/\/staging.kinoteka.borkko.com\/#website"},"datePublished":"2018-06-29T12:48:17+00:00","dateModified":"2025-02-25T13:00:11+00:00","breadcrumb":{"@id":"https:\/\/staging.kinoteka.borkko.com\/vraboteni\/#breadcrumb"},"inLanguage":"sq-AL","potentialAction":[{"@type":"ReadAction","target":["https:\/\/staging.kinoteka.borkko.com\/vraboteni\/"]}]},{"@type":"BreadcrumbList","@id":"https:\/\/staging.kinoteka.borkko.com\/vraboteni\/#breadcrumb","itemListElement":[{"@type":"ListItem","position":1,"name":"Home","item":"https:\/\/staging.kinoteka.borkko.com\/sq\/"},{"@type":"ListItem","position":2,"name":"T\u00eb pun\u00ebsuarit"}]},{"@type":"WebSite","@id":"https:\/\/staging.kinoteka.borkko.com\/#website","url":"https:\/\/staging.kinoteka.borkko.com\/","name":"\u041a\u0438\u043d\u043e\u0442\u0435\u043a\u0430 \u043d\u0430 \u041c\u0430\u043a\u0435\u0434\u043e\u043d\u0438\u0458\u0430","description":"\u041e\u0444\u0438\u0446\u0438\u0458\u0430\u043b\u043d\u0438\u043e\u0442 \u0432\u0435\u0431 \u043f\u043e\u0440\u0442\u0430\u043b \u043d\u0430 \u041a\u0438\u043d\u043e\u0442\u0435\u043a\u0430 \u043d\u0430 \u041c\u0430\u043a\u0435\u0434\u043e\u043d\u0438\u0458\u0430","publisher":{"@id":"https:\/\/staging.kinoteka.borkko.com\/#organization"},"potentialAction":[{"@type":"SearchAction","target":{"@type":"EntryPoint","urlTemplate":"https:\/\/staging.kinoteka.borkko.com\/?s={search_term_string}"},"query-input":{"@type":"PropertyValueSpecification","valueRequired":true,"valueName":"search_term_string"}}],"inLanguage":"sq-AL"},{"@type":"Organization","@id":"https:\/\/staging.kinoteka.borkko.com\/#organization","name":"\u041a\u0438\u043d\u043e\u0442\u0435\u043a\u0430 \u043d\u0430 \u041c\u0430\u043a\u0435\u0434\u043e\u043d\u0438\u0458\u0430","url":"https:\/\/staging.kinoteka.borkko.com\/","logo":{"@type":"ImageObject","inLanguage":"sq-AL","@id":"https:\/\/staging.kinoteka.borkko.com\/#\/schema\/logo\/image\/","url":"https:\/\/staging.kinoteka.borkko.com\/wp-content\/uploads\/2025\/01\/LOGO-KINOTEKA-50-01.png","contentUrl":"https:\/\/staging.kinoteka.borkko.com\/wp-content\/uploads\/2025\/01\/LOGO-KINOTEKA-50-01.png","width":1124,"height":1124,"caption":"\u041a\u0438\u043d\u043e\u0442\u0435\u043a\u0430 \u043d\u0430 \u041c\u0430\u043a\u0435\u0434\u043e\u043d\u0438\u0458\u0430"},"image":{"@id":"https:\/\/staging.kinoteka.borkko.com\/#\/schema\/logo\/image\/"},"sameAs":["https:\/\/www.facebook.com\/KinotekaNaSevernaMakedonija\/","https:\/\/www.instagram.com\/kinoteka.mk\/"]}]}},"_links":{"self":[{"href":"https:\/\/staging.kinoteka.borkko.com\/sq\/wp-json\/wp\/v2\/pages\/14336","targetHints":{"allow":["GET"]}}],"collection":[{"href":"https:\/\/staging.kinoteka.borkko.com\/sq\/wp-json\/wp\/v2\/pages"}],"about":[{"href":"https:\/\/staging.kinoteka.borkko.com\/sq\/wp-json\/wp\/v2\/types\/page"}],"author":[{"embeddable":true,"href":"https:\/\/staging.kinoteka.borkko.com\/sq\/wp-json\/wp\/v2\/users\/7"}],"replies":[{"embeddable":true,"href":"https:\/\/staging.kinoteka.borkko.com\/sq\/wp-json\/wp\/v2\/comments?post=14336"}],"version-history":[{"count":0,"href":"https:\/\/staging.kinoteka.borkko.com\/sq\/wp-json\/wp\/v2\/pages\/14336\/revisions"}],"wp:attachment":[{"href":"https:\/\/staging.kinoteka.borkko.com\/sq\/wp-json\/wp\/v2\/media?parent=14336"}],"curies":[{"name":"wp","href":"https:\/\/api.w.org\/{rel}","templated":true}]}}