{"id":14343,"date":"2022-11-16T14:00:03","date_gmt":"2022-11-16T13:00:03","guid":{"rendered":"https:\/\/kinoteka.mk\/?page_id=14343"},"modified":"2025-02-25T13:59:50","modified_gmt":"2025-02-25T12:59:50","slug":"branko-gapo","status":"publish","type":"page","link":"https:\/\/staging.kinoteka.borkko.com\/sq\/branko-gapo\/","title":{"rendered":"Branko Gapo"},"content":{"rendered":"\t\t<div data-elementor-type=\"wp-page\" data-elementor-id=\"14343\" class=\"elementor elementor-14343 elementor-178\" data-elementor-post-type=\"page\">\n\t\t\t\t<div class=\"elementor-element elementor-element-34b69569 e-con-full e-flex e-con e-parent\" data-id=\"34b69569\" data-element_type=\"container\" data-e-type=\"container\">\n\t\t<div class=\"elementor-element elementor-element-f343c31 e-con-full ken-burns animated-slow e-flex elementor-invisible e-con e-child\" data-id=\"f343c31\" data-element_type=\"container\" data-e-type=\"container\" data-settings=\"{&quot;background_background&quot;:&quot;classic&quot;,&quot;animation&quot;:&quot;fadeIn&quot;,&quot;animation_delay&quot;:1.5}\">\n\t\t\t\t<div class=\"elementor-element elementor-element-622392c elementor-widget elementor-widget-text-editor\" data-id=\"622392c\" data-element_type=\"widget\" data-e-type=\"widget\" data-widget_type=\"text-editor.default\">\n\t\t\t\t<div class=\"elementor-widget-container\">\n\t\t\t\t\t\t\t\t\t<h4 class=\"upper\">Magjistar, \u00ebnd\u00ebrrimtar dhe eksplorues<\/h4><h2><strong>Branko Gapo<\/strong><\/h2>\t\t\t\t\t\t\t\t<\/div>\n\t\t\t\t<\/div>\n\t\t\t\t<\/div>\n\t\t<div class=\"elementor-element elementor-element-f0ac237 e-flex e-con-boxed e-con e-child\" data-id=\"f0ac237\" data-element_type=\"container\" data-e-type=\"container\">\n\t\t\t\t\t<div class=\"e-con-inner\">\n\t\t\t\t<div class=\"elementor-element elementor-element-101df8a elementor-widget__width-initial elementor-widget-tablet__width-inherit elementor-widget elementor-widget-text-editor\" data-id=\"101df8a\" data-element_type=\"widget\" data-e-type=\"widget\" data-widget_type=\"text-editor.default\">\n\t\t\t\t<div class=\"elementor-widget-container\">\n\t\t\t\t\t\t\t\t\t<h4><strong>DIT\u00cbT E GJYQIT<\/strong><\/h4><p><em>Viti i prodhimit<\/em> : 1965<\/p><p><em>Zhanri<\/em> : film artistik<\/p><p><strong><em>Zhanri<\/em><\/strong> <strong>:<\/strong> film historik<\/p><p><em>Teknika<\/em> : kinemaskopi<\/p><p><em>Filmi<\/em> : bardh e zi, me z\u00eb, 35 mm.<\/p><p><em>Koh\u00ebzgjatja<\/em> : 104 min.<\/p><p><strong><em>Prodhimi<\/em><\/strong> <strong>:<\/strong> &#8220;Vardar Film &#8211; Shkup&#8221;<\/p><p> <\/p><h4><strong>KOHA PA LUFTE<\/strong><\/h4><p><em>Viti i prodhimit<\/em> : 1969<\/p><p><em>Zhanri<\/em> : film artistik<\/p><p><strong><em>Zhanri<\/em><\/strong> <strong>: dram\u00eb sociale<\/strong><\/p><p><em>Teknika<\/em> : ekran i gjer\u00eb<\/p><p><em>Filmi<\/em> : bardh e zi, me z\u00eb, 35 mm.<\/p><p><em>Koh\u00ebzgjatja<\/em> : 80 min.<\/p><p><strong><em>Prodhim<\/em><\/strong> <strong>:<\/strong> FRZ &#8211; Shkup<\/p><p> <\/p><h4><strong>Q\u00cbLLIMI<\/strong><\/h4><p><em>Viti i prodhimit<\/em> : 1972<\/p><p><em>Zhanri<\/em> : film artistik<\/p><p><strong><em>Zhanri<\/em><\/strong> <strong>: film luftarak<\/strong><\/p><p><em>Teknika<\/em> : ekran i gjer\u00eb<\/p><p><em>Filmi<\/em> : ngjyra, me z\u00eb, 35 mm.<\/p><p><em>Koh\u00ebzgjatja<\/em> : 98 min.<\/p><p><strong><em>Prodhimi<\/em><\/strong> <strong>: &#8220;<\/strong> Film Studio &#8211; Shkup&#8221;, &#8220;Bosna Film &#8211; Sarajev\u00eb&#8221;<\/p><p><strong>RRUGA M\u00cb E GJAT\u00cb<\/strong><\/p><p><em>Viti i prodhimit<\/em> : 1976<\/p><p><em>Zhanri<\/em> : film artistik<\/p><p><strong><em>Zhanri<\/em><\/strong> <strong>:<\/strong> film historik<\/p><p><em>Teknika<\/em> : ekran i gjer\u00eb<\/p><p><em>Filmi<\/em> : ngjyra, me z\u00eb, 35 mm.<\/p><p><em>Koh\u00ebzgjatja<\/em> : 126 min.<\/p><p><strong><em>Prodhimi<\/em><\/strong> <strong>:<\/strong> &#8220;Vardar Film &#8211; Shkup&#8221;, &#8220;Maqedonia Film &#8211; Shkup&#8221;<\/p>\t\t\t\t\t\t\t\t<\/div>\n\t\t\t\t<\/div>\n\t\t\t\t<div class=\"elementor-element elementor-element-a1c4546 elementor-widget elementor-widget-gallery\" data-id=\"a1c4546\" data-element_type=\"widget\" data-e-type=\"widget\" data-settings=\"{&quot;columns&quot;:2,&quot;gap&quot;:{&quot;unit&quot;:&quot;px&quot;,&quot;size&quot;:20,&quot;sizes&quot;:[]},&quot;lazyload&quot;:&quot;yes&quot;,&quot;gallery_layout&quot;:&quot;grid&quot;,&quot;columns_tablet&quot;:2,&quot;columns_mobile&quot;:1,&quot;gap_tablet&quot;:{&quot;unit&quot;:&quot;px&quot;,&quot;size&quot;:10,&quot;sizes&quot;:[]},&quot;gap_mobile&quot;:{&quot;unit&quot;:&quot;px&quot;,&quot;size&quot;:10,&quot;sizes&quot;:[]},&quot;link_to&quot;:&quot;file&quot;,&quot;aspect_ratio&quot;:&quot;3:2&quot;,&quot;overlay_background&quot;:&quot;yes&quot;,&quot;content_hover_animation&quot;:&quot;fade-in&quot;}\" data-widget_type=\"gallery.default\">\n\t\t\t\t<div class=\"elementor-widget-container\">\n\t\t\t\t\t\t\t<div class=\"elementor-gallery__container\">\n\t\t\t\t\t\t\t<a class=\"e-gallery-item elementor-gallery-item elementor-animated-content\" href=\"https:\/\/staging.kinoteka.borkko.com\/wp-content\/uploads\/2018\/06\/Vreme-vodi-e1529929082393.jpg\" data-elementor-open-lightbox=\"yes\" data-elementor-lightbox-slideshow=\"a1c4546\" data-elementor-lightbox-title=\"Vreme, vodi\" data-e-action-hash=\"#elementor-action%3Aaction%3Dlightbox%26settings%3DeyJpZCI6MTgwLCJ1cmwiOiJodHRwczpcL1wvc3RhZ2luZy5raW5vdGVrYS5ib3Jra28uY29tXC93cC1jb250ZW50XC91cGxvYWRzXC8yMDE4XC8wNlwvVnJlbWUtdm9kaS1lMTUyOTkyOTA4MjM5My5qcGciLCJzbGlkZXNob3ciOiJhMWM0NTQ2In0%3D\">\n\t\t\t\t\t<div class=\"e-gallery-image elementor-gallery-item__image\" data-thumbnail=\"https:\/\/staging.kinoteka.borkko.com\/wp-content\/uploads\/2018\/06\/Vreme-vodi-e1529929082393-768x542.jpg\" data-width=\"768\" data-height=\"542\" aria-label=\"\" role=\"img\" ><\/div>\n\t\t\t\t\t\t\t\t\t\t\t<div class=\"elementor-gallery-item__overlay\"><\/div>\n\t\t\t\t\t\t\t\t\t\t\t\t\t\t<\/a>\n\t\t\t\t\t\t\t<a class=\"e-gallery-item elementor-gallery-item elementor-animated-content\" href=\"https:\/\/staging.kinoteka.borkko.com\/wp-content\/uploads\/2018\/06\/Denovi-na-iskusenie-e1529929061570.jpg\" data-elementor-open-lightbox=\"yes\" data-elementor-lightbox-slideshow=\"a1c4546\" data-elementor-lightbox-title=\"Denovi na iskusenie\" data-e-action-hash=\"#elementor-action%3Aaction%3Dlightbox%26settings%3DeyJpZCI6MTgxLCJ1cmwiOiJodHRwczpcL1wvc3RhZ2luZy5raW5vdGVrYS5ib3Jra28uY29tXC93cC1jb250ZW50XC91cGxvYWRzXC8yMDE4XC8wNlwvRGVub3ZpLW5hLWlza3VzZW5pZS1lMTUyOTkyOTA2MTU3MC5qcGciLCJzbGlkZXNob3ciOiJhMWM0NTQ2In0%3D\">\n\t\t\t\t\t<div class=\"e-gallery-image elementor-gallery-item__image\" data-thumbnail=\"https:\/\/staging.kinoteka.borkko.com\/wp-content\/uploads\/2018\/06\/Denovi-na-iskusenie-e1529929061570-768x565.jpg\" data-width=\"768\" data-height=\"565\" aria-label=\"\" role=\"img\" ><\/div>\n\t\t\t\t\t\t\t\t\t\t\t<div class=\"elementor-gallery-item__overlay\"><\/div>\n\t\t\t\t\t\t\t\t\t\t\t\t\t\t<\/a>\n\t\t\t\t\t<\/div>\n\t\t\t\t\t<\/div>\n\t\t\t\t<\/div>\n\t\t\t\t<div class=\"elementor-element elementor-element-cd389b1 elementor-widget__width-initial elementor-widget-tablet__width-inherit elementor-widget elementor-widget-text-editor\" data-id=\"cd389b1\" data-element_type=\"widget\" data-e-type=\"widget\" data-widget_type=\"text-editor.default\">\n\t\t\t\t<div class=\"elementor-widget-container\">\n\t\t\t\t\t\t\t\t\t<h4><strong>KOHA, UJI<\/strong><\/h4><p><em>Viti i prodhimit<\/em> : 1980<\/p><p><em>Zhanri<\/em> : film artistik<\/p><p><strong><em>Zhanri<\/em><\/strong> <strong>: dram\u00eb historiko-<\/strong> sociale<\/p><p><em>Teknika<\/em> : ekspozit\u00eb<\/p><p><em>Filmi<\/em> : ngjyra, me z\u00eb, 35 mm.<\/p><p><em>Koh\u00ebzgjatja<\/em> : 139 min.<\/p><p><strong><em>Prodhimi<\/em><\/strong> <strong>:<\/strong> &#8220;Vardar Film &#8211; Shkup&#8221;, &#8220;Maqedonia Film &#8211; Shkup&#8221;<\/p><p> <\/p><h4><strong>SAGA MAQEDONISE<\/strong><\/h4><p><em>Viti i prodhimit<\/em> : 1993<\/p><p><em>Zhanri<\/em> : film artistik<\/p><p><strong><em>Zhanri<\/em><\/strong> <strong>:<\/strong> melodram\u00eb<\/p><p><em>Teknika<\/em> : ekran i gjer\u00eb<\/p><p><em>Filmi<\/em> : ngjyra, me z\u00eb, 35 mm.<\/p><p><em>Koh\u00ebzgjatja<\/em> : 113 min.<\/p><p><strong><em>Prodhim<\/em><\/strong> <strong>: &#8220;<\/strong> TFRZ PEGAZ &#8211; Shkup&#8221;, &#8220;Vardar Film&#8221; &#8211; Shkup<\/p><p>Branko Ivanovski Gapo \u00ebsht\u00eb nj\u00eb nga figurat m\u00eb dometh\u00ebn\u00ebse n\u00eb sken\u00ebn e kultur\u00ebs bashk\u00ebkohore maqedonase. Para s\u00eb gjithash, regjisor filmi, por edhe regjisor televizioni e teatri, regjisor i dramave t\u00eb shumta radiofonike&#8230; <\/p><p>Gapo ishte magjistar, \u00ebnd\u00ebrrimtar, eksplorues, prandaj kultura maqedonase pati fatin t\u00eb kishte p\u00ebrqafuar n\u00eb gjirin e saj nj\u00eb autor q\u00eb vazhdimisht, pa l\u00ebn\u00eb gjurm\u00eb, i p\u00ebrkiste bot\u00ebs s\u00eb artit (mbi t\u00eb gjitha, bot\u00ebs s\u00eb imazheve l\u00ebviz\u00ebse), nj\u00eb krijues q\u00eb sillej duke ditur se t\u00eb fantazosh do t\u00eb thot\u00eb t\u00eb eksplorosh, t\u00eb eksplorosh do t\u00eb thot\u00eb t\u00eb krijosh dhe t\u00eb krijosh! \u00c7far\u00eb mund t\u00eb thuhet, shpirti i shqet\u00ebsuar i Gapos fantazoi, eksploroi dhe krijoi, duke i mund\u00ebsuar k\u00ebshtu t\u00eb EKZISTOJ\u00cb. <\/p><p>Gjat\u00eb gjith\u00eb opusit t\u00eb tij krijues, zbulojm\u00eb shp\u00ebrthimin e ankthit, t\u00eb emocioneve, t\u00eb frym\u00ebzimit, gj\u00ebra q\u00eb nuk e lan\u00eb Gapon t\u00eb lundronte (si disa koleg\u00eb t\u00eb tij) n\u00eb uj\u00ebrat e qeta t\u00eb konformizmit krijues dhe t&#8217;i p\u00ebrmbahej form\u00ebs konvencionale dhe tregtare. P\u00ebrkundrazi \u2013 puna e tij e palodhur, entuziazmi i tij, talenti i tij i pafund, i mund\u00ebsuan atij t\u00eb ishte nj\u00eb nga kineast\u00ebt maqedonas m\u00eb produktiv\u00eb. <\/p><h5><strong><a href=\"http:\/\/newsite.maccinema.com\/wp-content\/uploads\/2018\/06\/%D0%91%D1%83%D0%BA%D0%BB%D0%B5%D1%82-%D0%B7%D0%B0-DVD-%D0%91%D1%80%D0%B0%D0%BD%D0%BA%D0%BE-%D0%93%D0%B0%D0%BF%D0%BE-%D0%BB%D0%B5%D0%BA%D1%82%D0%BE%D1%80%D0%B8%D1%80%D0%B0%D0%BD.doc\">Shkarkoni broshur\u00ebn DVD &#8211; Branko Gapo<\/a><\/strong><\/h5>\t\t\t\t\t\t\t\t<\/div>\n\t\t\t\t<\/div>\n\t\t\t\t\t<\/div>\n\t\t\t\t<\/div>\n\t\t\t\t<\/div>\n\t\t\t\t<\/div>\n\t\t","protected":false},"excerpt":{"rendered":"<p>Magjistar, \u00ebnd\u00ebrrimtar dhe eksplorues Branko Gapo DIT\u00cbT E GJYQIT Viti i prodhimit : 1965 Zhanri : film artistik Zhanri : film historik Teknika : kinemaskopi Filmi : bardh e zi, me z\u00eb, 35 mm. Koh\u00ebzgjatja : 104 min. Prodhimi : &#8220;Vardar Film &#8211; Shkup&#8221; KOHA PA LUFTE Viti i prodhimit : 1969 Zhanri : film [&hellip;]<\/p>\n","protected":false},"author":7,"featured_media":0,"parent":0,"menu_order":0,"comment_status":"closed","ping_status":"closed","template":"","meta":{"_acf_changed":false,"footnotes":""},"class_list":["post-14343","page","type-page","status-publish","hentry"],"acf":[],"yoast_head":"<!-- This site is optimized with the Yoast SEO plugin v27.3 - https:\/\/yoast.com\/product\/yoast-seo-wordpress\/ -->\n<title>Branko Gapo - \u041a\u0438\u043d\u043e\u0442\u0435\u043a\u0430 \u043d\u0430 \u041c\u0430\u043a\u0435\u0434\u043e\u043d\u0438\u0458\u0430<\/title>\n<meta name=\"robots\" content=\"index, follow, max-snippet:-1, max-image-preview:large, max-video-preview:-1\" \/>\n<link rel=\"canonical\" href=\"https:\/\/staging.kinoteka.borkko.com\/branko-gapo\/\" \/>\n<meta property=\"og:locale\" content=\"sq_AL\" \/>\n<meta property=\"og:type\" content=\"article\" \/>\n<meta property=\"og:title\" content=\"Branko Gapo - \u041a\u0438\u043d\u043e\u0442\u0435\u043a\u0430 \u043d\u0430 \u041c\u0430\u043a\u0435\u0434\u043e\u043d\u0438\u0458\u0430\" \/>\n<meta property=\"og:description\" content=\"Magjistar, \u00ebnd\u00ebrrimtar dhe eksplorues Branko Gapo DIT\u00cbT E GJYQIT Viti i prodhimit : 1965 Zhanri : film artistik Zhanri : film historik Teknika : kinemaskopi Filmi : bardh e zi, me z\u00eb, 35 mm. Koh\u00ebzgjatja : 104 min. Prodhimi : &#8220;Vardar Film &#8211; Shkup&#8221; KOHA PA LUFTE Viti i prodhimit : 1969 Zhanri : film [&hellip;]\" \/>\n<meta property=\"og:url\" content=\"https:\/\/staging.kinoteka.borkko.com\/branko-gapo\/\" \/>\n<meta property=\"og:site_name\" content=\"\u041a\u0438\u043d\u043e\u0442\u0435\u043a\u0430 \u043d\u0430 \u041c\u0430\u043a\u0435\u0434\u043e\u043d\u0438\u0458\u0430\" \/>\n<meta property=\"article:publisher\" content=\"https:\/\/www.facebook.com\/KinotekaNaSevernaMakedonija\/\" \/>\n<meta property=\"article:modified_time\" content=\"2025-02-25T12:59:50+00:00\" \/>\n<meta name=\"twitter:card\" content=\"summary_large_image\" \/>\n<meta name=\"twitter:label1\" content=\"Est. reading time\" \/>\n\t<meta name=\"twitter:data1\" content=\"2 minutes\" \/>\n<script type=\"application\/ld+json\" class=\"yoast-schema-graph\">{\"@context\":\"https:\\\/\\\/schema.org\",\"@graph\":[{\"@type\":\"WebPage\",\"@id\":\"https:\\\/\\\/staging.kinoteka.borkko.com\\\/branko-gapo\\\/\",\"url\":\"https:\\\/\\\/staging.kinoteka.borkko.com\\\/branko-gapo\\\/\",\"name\":\"Branko Gapo - \u041a\u0438\u043d\u043e\u0442\u0435\u043a\u0430 \u043d\u0430 \u041c\u0430\u043a\u0435\u0434\u043e\u043d\u0438\u0458\u0430\",\"isPartOf\":{\"@id\":\"https:\\\/\\\/staging.kinoteka.borkko.com\\\/#website\"},\"datePublished\":\"2022-11-16T13:00:03+00:00\",\"dateModified\":\"2025-02-25T12:59:50+00:00\",\"breadcrumb\":{\"@id\":\"https:\\\/\\\/staging.kinoteka.borkko.com\\\/branko-gapo\\\/#breadcrumb\"},\"inLanguage\":\"sq-AL\",\"potentialAction\":[{\"@type\":\"ReadAction\",\"target\":[\"https:\\\/\\\/staging.kinoteka.borkko.com\\\/branko-gapo\\\/\"]}]},{\"@type\":\"BreadcrumbList\",\"@id\":\"https:\\\/\\\/staging.kinoteka.borkko.com\\\/branko-gapo\\\/#breadcrumb\",\"itemListElement\":[{\"@type\":\"ListItem\",\"position\":1,\"name\":\"Home\",\"item\":\"https:\\\/\\\/staging.kinoteka.borkko.com\\\/sq\\\/\"},{\"@type\":\"ListItem\",\"position\":2,\"name\":\"Branko Gapo\"}]},{\"@type\":\"WebSite\",\"@id\":\"https:\\\/\\\/staging.kinoteka.borkko.com\\\/#website\",\"url\":\"https:\\\/\\\/staging.kinoteka.borkko.com\\\/\",\"name\":\"\u041a\u0438\u043d\u043e\u0442\u0435\u043a\u0430 \u043d\u0430 \u041c\u0430\u043a\u0435\u0434\u043e\u043d\u0438\u0458\u0430\",\"description\":\"\u041e\u0444\u0438\u0446\u0438\u0458\u0430\u043b\u043d\u0438\u043e\u0442 \u0432\u0435\u0431 \u043f\u043e\u0440\u0442\u0430\u043b \u043d\u0430 \u041a\u0438\u043d\u043e\u0442\u0435\u043a\u0430 \u043d\u0430 \u041c\u0430\u043a\u0435\u0434\u043e\u043d\u0438\u0458\u0430\",\"publisher\":{\"@id\":\"https:\\\/\\\/staging.kinoteka.borkko.com\\\/#organization\"},\"potentialAction\":[{\"@type\":\"SearchAction\",\"target\":{\"@type\":\"EntryPoint\",\"urlTemplate\":\"https:\\\/\\\/staging.kinoteka.borkko.com\\\/?s={search_term_string}\"},\"query-input\":{\"@type\":\"PropertyValueSpecification\",\"valueRequired\":true,\"valueName\":\"search_term_string\"}}],\"inLanguage\":\"sq-AL\"},{\"@type\":\"Organization\",\"@id\":\"https:\\\/\\\/staging.kinoteka.borkko.com\\\/#organization\",\"name\":\"\u041a\u0438\u043d\u043e\u0442\u0435\u043a\u0430 \u043d\u0430 \u041c\u0430\u043a\u0435\u0434\u043e\u043d\u0438\u0458\u0430\",\"url\":\"https:\\\/\\\/staging.kinoteka.borkko.com\\\/\",\"logo\":{\"@type\":\"ImageObject\",\"inLanguage\":\"sq-AL\",\"@id\":\"https:\\\/\\\/staging.kinoteka.borkko.com\\\/#\\\/schema\\\/logo\\\/image\\\/\",\"url\":\"https:\\\/\\\/staging.kinoteka.borkko.com\\\/wp-content\\\/uploads\\\/2025\\\/01\\\/LOGO-KINOTEKA-50-01.png\",\"contentUrl\":\"https:\\\/\\\/staging.kinoteka.borkko.com\\\/wp-content\\\/uploads\\\/2025\\\/01\\\/LOGO-KINOTEKA-50-01.png\",\"width\":1124,\"height\":1124,\"caption\":\"\u041a\u0438\u043d\u043e\u0442\u0435\u043a\u0430 \u043d\u0430 \u041c\u0430\u043a\u0435\u0434\u043e\u043d\u0438\u0458\u0430\"},\"image\":{\"@id\":\"https:\\\/\\\/staging.kinoteka.borkko.com\\\/#\\\/schema\\\/logo\\\/image\\\/\"},\"sameAs\":[\"https:\\\/\\\/www.facebook.com\\\/KinotekaNaSevernaMakedonija\\\/\",\"https:\\\/\\\/www.instagram.com\\\/kinoteka.mk\\\/\"]}]}<\/script>\n<!-- \/ Yoast SEO plugin. -->","yoast_head_json":{"title":"Branko Gapo - \u041a\u0438\u043d\u043e\u0442\u0435\u043a\u0430 \u043d\u0430 \u041c\u0430\u043a\u0435\u0434\u043e\u043d\u0438\u0458\u0430","robots":{"index":"index","follow":"follow","max-snippet":"max-snippet:-1","max-image-preview":"max-image-preview:large","max-video-preview":"max-video-preview:-1"},"canonical":"https:\/\/staging.kinoteka.borkko.com\/branko-gapo\/","og_locale":"sq_AL","og_type":"article","og_title":"Branko Gapo - \u041a\u0438\u043d\u043e\u0442\u0435\u043a\u0430 \u043d\u0430 \u041c\u0430\u043a\u0435\u0434\u043e\u043d\u0438\u0458\u0430","og_description":"Magjistar, \u00ebnd\u00ebrrimtar dhe eksplorues Branko Gapo DIT\u00cbT E GJYQIT Viti i prodhimit : 1965 Zhanri : film artistik Zhanri : film historik Teknika : kinemaskopi Filmi : bardh e zi, me z\u00eb, 35 mm. Koh\u00ebzgjatja : 104 min. Prodhimi : &#8220;Vardar Film &#8211; Shkup&#8221; KOHA PA LUFTE Viti i prodhimit : 1969 Zhanri : film [&hellip;]","og_url":"https:\/\/staging.kinoteka.borkko.com\/branko-gapo\/","og_site_name":"\u041a\u0438\u043d\u043e\u0442\u0435\u043a\u0430 \u043d\u0430 \u041c\u0430\u043a\u0435\u0434\u043e\u043d\u0438\u0458\u0430","article_publisher":"https:\/\/www.facebook.com\/KinotekaNaSevernaMakedonija\/","article_modified_time":"2025-02-25T12:59:50+00:00","twitter_card":"summary_large_image","twitter_misc":{"Est. reading time":"2 minutes"},"schema":{"@context":"https:\/\/schema.org","@graph":[{"@type":"WebPage","@id":"https:\/\/staging.kinoteka.borkko.com\/branko-gapo\/","url":"https:\/\/staging.kinoteka.borkko.com\/branko-gapo\/","name":"Branko Gapo - \u041a\u0438\u043d\u043e\u0442\u0435\u043a\u0430 \u043d\u0430 \u041c\u0430\u043a\u0435\u0434\u043e\u043d\u0438\u0458\u0430","isPartOf":{"@id":"https:\/\/staging.kinoteka.borkko.com\/#website"},"datePublished":"2022-11-16T13:00:03+00:00","dateModified":"2025-02-25T12:59:50+00:00","breadcrumb":{"@id":"https:\/\/staging.kinoteka.borkko.com\/branko-gapo\/#breadcrumb"},"inLanguage":"sq-AL","potentialAction":[{"@type":"ReadAction","target":["https:\/\/staging.kinoteka.borkko.com\/branko-gapo\/"]}]},{"@type":"BreadcrumbList","@id":"https:\/\/staging.kinoteka.borkko.com\/branko-gapo\/#breadcrumb","itemListElement":[{"@type":"ListItem","position":1,"name":"Home","item":"https:\/\/staging.kinoteka.borkko.com\/sq\/"},{"@type":"ListItem","position":2,"name":"Branko Gapo"}]},{"@type":"WebSite","@id":"https:\/\/staging.kinoteka.borkko.com\/#website","url":"https:\/\/staging.kinoteka.borkko.com\/","name":"\u041a\u0438\u043d\u043e\u0442\u0435\u043a\u0430 \u043d\u0430 \u041c\u0430\u043a\u0435\u0434\u043e\u043d\u0438\u0458\u0430","description":"\u041e\u0444\u0438\u0446\u0438\u0458\u0430\u043b\u043d\u0438\u043e\u0442 \u0432\u0435\u0431 \u043f\u043e\u0440\u0442\u0430\u043b \u043d\u0430 \u041a\u0438\u043d\u043e\u0442\u0435\u043a\u0430 \u043d\u0430 \u041c\u0430\u043a\u0435\u0434\u043e\u043d\u0438\u0458\u0430","publisher":{"@id":"https:\/\/staging.kinoteka.borkko.com\/#organization"},"potentialAction":[{"@type":"SearchAction","target":{"@type":"EntryPoint","urlTemplate":"https:\/\/staging.kinoteka.borkko.com\/?s={search_term_string}"},"query-input":{"@type":"PropertyValueSpecification","valueRequired":true,"valueName":"search_term_string"}}],"inLanguage":"sq-AL"},{"@type":"Organization","@id":"https:\/\/staging.kinoteka.borkko.com\/#organization","name":"\u041a\u0438\u043d\u043e\u0442\u0435\u043a\u0430 \u043d\u0430 \u041c\u0430\u043a\u0435\u0434\u043e\u043d\u0438\u0458\u0430","url":"https:\/\/staging.kinoteka.borkko.com\/","logo":{"@type":"ImageObject","inLanguage":"sq-AL","@id":"https:\/\/staging.kinoteka.borkko.com\/#\/schema\/logo\/image\/","url":"https:\/\/staging.kinoteka.borkko.com\/wp-content\/uploads\/2025\/01\/LOGO-KINOTEKA-50-01.png","contentUrl":"https:\/\/staging.kinoteka.borkko.com\/wp-content\/uploads\/2025\/01\/LOGO-KINOTEKA-50-01.png","width":1124,"height":1124,"caption":"\u041a\u0438\u043d\u043e\u0442\u0435\u043a\u0430 \u043d\u0430 \u041c\u0430\u043a\u0435\u0434\u043e\u043d\u0438\u0458\u0430"},"image":{"@id":"https:\/\/staging.kinoteka.borkko.com\/#\/schema\/logo\/image\/"},"sameAs":["https:\/\/www.facebook.com\/KinotekaNaSevernaMakedonija\/","https:\/\/www.instagram.com\/kinoteka.mk\/"]}]}},"_links":{"self":[{"href":"https:\/\/staging.kinoteka.borkko.com\/sq\/wp-json\/wp\/v2\/pages\/14343","targetHints":{"allow":["GET"]}}],"collection":[{"href":"https:\/\/staging.kinoteka.borkko.com\/sq\/wp-json\/wp\/v2\/pages"}],"about":[{"href":"https:\/\/staging.kinoteka.borkko.com\/sq\/wp-json\/wp\/v2\/types\/page"}],"author":[{"embeddable":true,"href":"https:\/\/staging.kinoteka.borkko.com\/sq\/wp-json\/wp\/v2\/users\/7"}],"replies":[{"embeddable":true,"href":"https:\/\/staging.kinoteka.borkko.com\/sq\/wp-json\/wp\/v2\/comments?post=14343"}],"version-history":[{"count":0,"href":"https:\/\/staging.kinoteka.borkko.com\/sq\/wp-json\/wp\/v2\/pages\/14343\/revisions"}],"wp:attachment":[{"href":"https:\/\/staging.kinoteka.borkko.com\/sq\/wp-json\/wp\/v2\/media?parent=14343"}],"curies":[{"name":"wp","href":"https:\/\/api.w.org\/{rel}","templated":true}]}}