{"id":22485,"date":"2025-02-18T21:16:25","date_gmt":"2025-02-18T20:16:25","guid":{"rendered":"https:\/\/staging.kinoteka.borkko.com\/frosina\/"},"modified":"2025-02-25T14:04:04","modified_gmt":"2025-02-25T13:04:04","slug":"frosina","status":"publish","type":"page","link":"https:\/\/staging.kinoteka.borkko.com\/sq\/frosina\/","title":{"rendered":"Frosina"},"content":{"rendered":"\t\t<div data-elementor-type=\"wp-page\" data-elementor-id=\"22485\" class=\"elementor elementor-22485 elementor-14940\" data-elementor-post-type=\"page\">\n\t\t\t\t<div class=\"elementor-element elementor-element-52a5cef e-con-full e-flex e-con e-parent\" data-id=\"52a5cef\" data-element_type=\"container\" data-e-type=\"container\">\n\t\t<div class=\"elementor-element elementor-element-fe4e49b e-con-full ken-burns animated-slow e-flex elementor-invisible e-con e-child\" data-id=\"fe4e49b\" data-element_type=\"container\" data-e-type=\"container\" data-settings=\"{&quot;background_background&quot;:&quot;classic&quot;,&quot;animation&quot;:&quot;fadeIn&quot;,&quot;animation_delay&quot;:1.5}\">\n\t\t\t\t<div class=\"elementor-element elementor-element-90beba7 elementor-widget elementor-widget-text-editor\" data-id=\"90beba7\" data-element_type=\"widget\" data-e-type=\"widget\" data-widget_type=\"text-editor.default\">\n\t\t\t\t<div class=\"elementor-widget-container\">\n\t\t\t\t\t\t\t\t\t<h4><span style=\"font-size: 20px; font-weight: 600;\">P\u00ebr k\u00ebt\u00eb \u00e7\u00ebshtje&#8230;<\/span><\/h4><h2><span style=\"font-size: 38px;\"><br><strong>70 VJET FILMI I PAR\u00cb ARTI MAQEDONIS<\/strong><\/span><\/h2><h4><span style=\"font-size: 20px; font-weight: 600;\">Vladimir Angelov<\/span><\/h4><h4><span style=\"font-size: 20px; font-weight: 600;\">Drejtor i Kinematek\u00ebs s\u00eb Maqedonis\u00eb s\u00eb Veriut<\/span><\/h4>\t\t\t\t\t\t\t\t<\/div>\n\t\t\t\t<\/div>\n\t\t\t\t<\/div>\n\t\t<div class=\"elementor-element elementor-element-d9c5b56 e-flex e-con-boxed e-con e-child\" data-id=\"d9c5b56\" data-element_type=\"container\" data-e-type=\"container\">\n\t\t\t\t\t<div class=\"e-con-inner\">\n\t\t\t\t<div class=\"elementor-element elementor-element-37d620f elementor-widget__width-initial elementor-widget-tablet__width-inherit elementor-widget elementor-widget-text-editor\" data-id=\"37d620f\" data-element_type=\"widget\" data-e-type=\"widget\" data-widget_type=\"text-editor.default\">\n\t\t\t\t<div class=\"elementor-widget-container\">\n\t\t\t\t\t\t\t\t\t<p>Me t\u00eb drejt\u00eb mund t\u00eb them se jemi ve\u00e7an\u00ebrisht krenar\u00eb q\u00eb n\u00eb 70-vjetorin e filmit FROSINA, po ju prezantojm\u00eb edicionin e ri Blu-ray t\u00eb filmit t\u00eb par\u00eb artistik maqedonas.<\/p><p>70 vjet m\u00eb von\u00eb, FROSINA-n mund ta shohim n\u00eb nj\u00eb version t\u00eb ri dixhital, i cili \u00ebsht\u00eb ve\u00e7an\u00ebrisht dometh\u00ebn\u00ebs sepse FROSINA \u00ebsht\u00eb nj\u00eb lexim p\u00ebr t\u00eb gjitha koh\u00ebrat dhe epokat, p\u00ebr t\u00eb gjith\u00eb t\u00eb interesuarit p\u00ebr historin\u00eb ton\u00eb, politike dhe kinematografike.<\/p><p>N\u00ebse n\u00eb vitin 1952, nd\u00ebrmarrja e xhirimit t\u00eb nj\u00eb filmi dukej e v\u00ebshtir\u00eb dhe k\u00ebrkuese, ishte fare e qart\u00eb se ai do t\u00eb p\u00ebrfaq\u00ebsonte nj\u00eb ngjarje q\u00eb sh\u00ebnonte nj\u00eb epok\u00eb t\u00eb re n\u00eb kinematografin\u00eb maqedonase. T\u00eb kesh nj\u00eb sken\u00eb t\u00eb frytshme kulturore, pas luft\u00ebs shkat\u00ebrruese n\u00eb mesin e shekullit t\u00eb kaluar, do t\u00eb thot\u00eb p\u00ebrparim &#8211; sukses i njer\u00ebzve, e me k\u00ebt\u00eb edhe afrim me bot\u00ebn. Nuk \u00ebsht\u00eb rast\u00ebsi q\u00eb filmi artistik shfaqet n\u00eb fund t\u00eb planit t\u00eb par\u00eb pes\u00ebvje\u00e7ar, gjegj\u00ebsisht n\u00eb planin pes\u00ebvje\u00e7ar p\u00ebr zhvillimin e shoq\u00ebris\u00eb s\u00eb re socialiste n\u00eb Republik\u00ebn Popullore t\u00eb Maqedonis\u00eb. Filmi artistik si kurora e industrializimit dhe elektrifikimit (si parakushtet baz\u00eb q\u00eb duhej t\u00eb na \u00e7onin n\u00eb komuniz\u00ebm).   <\/p><p>Koh\u00ebt e fundit, duke shqyrtuar materialin e shkruar p\u00ebr k\u00ebt\u00eb film, ve\u00e7an\u00ebrisht n\u00eb at\u00eb vit 1952, p\u00ebrmes gazet\u00ebs s\u00eb p\u00ebrditshme &#8220;Nova Makedonija&#8221; kam mundur t\u00eb shikoj lajmet e p\u00ebrditshme q\u00eb ishin aktuale n\u00eb at\u00eb vit 1952 dhe t\u00eb ndjej frym\u00ebn e asaj kohe. Gazeta e p\u00ebrditshme raportonte p\u00ebr premier\u00ebn e filmit t\u00eb par\u00eb maqedonas FROSINA, ku mor\u00ebn pjes\u00eb udh\u00ebheq\u00ebsit e asaj kohe, dhe n\u00eb t\u00eb nj\u00ebjt\u00ebn koh\u00eb n\u00eb vendin e ri po nd\u00ebrtoheshin rrug\u00eb dhe hekurudha t\u00eb reja, u zhduk analfabetizmi dhe u vendos higjiena n\u00eb qytet dhe n\u00eb popullat\u00eb, lufta kund\u00ebr s\u00ebmundjeve ngjit\u00ebse&#8230; Koh\u00ebt e reja soll\u00ebn p\u00ebrpjekje t\u00eb reja dhe kjo u p\u00ebrhap ngadal\u00eb n\u00eb t\u00eb gjitha sferat e shoq\u00ebris\u00eb, p\u00ebrfshir\u00eb edhe kultur\u00ebn. Me nj\u00eb entuziaz\u00ebm t\u00eb papar\u00eb. Entuziazmi karakteristik i nj\u00eb shoq\u00ebrie t\u00eb dal\u00eb nga rr\u00ebnojat e nj\u00eb lufte t\u00eb madhe bot\u00ebrore. N\u00eb at\u00eb vit 1952 u ndjen\u00eb jehona e luft\u00ebs n\u00eb Kore, por n\u00eb p\u00ebrgjith\u00ebsi bota nuk u trondit nga krizat si 10 vjet m\u00eb par\u00eb. Dhe n\u00eb kushte t\u00eb tilla rritjeje dhe fluturimi u krijua filmi i par\u00eb artistik maqedonas. Ndoshta shum\u00eb von\u00eb, ndoshta anakronike, mbase dhjet\u00eb vjet pas QYTETARIT KANE, me nj\u00eb estetik\u00eb socialiste realiste, por gjithsesi filmi i par\u00eb artistik maqedonas q\u00eb fillon prodhimin e filmit artistik maqedonas q\u00eb pas vet\u00ebm 42 vitesh do t\u00eb arrij\u00eb kulmin aktual.      <\/p><p>Ky botim blu-ray \u00ebsht\u00eb nj\u00eb mund\u00ebsi p\u00ebr t\u00eb rishikuar, por edhe p\u00ebr t\u00eb rivler\u00ebsuar &#8220;filmin e par\u00eb artistik maqedonas&#8221;, p\u00ebr ta krahasuar at\u00eb me arritjet e koh\u00ebs s\u00eb tij, p\u00ebr ta vendosur n\u00eb nj\u00eb kontekst historik lokal dhe global. Sepse FROSINA mbetet jo vet\u00ebm filmi i par\u00eb artistik maqedonas, por edhe dokument i nj\u00eb kohe. <\/p><p><strong>Shkarko: <a href=\"https:\/\/staging.kinoteka.borkko.com\/wp-content\/uploads\/2023\/01\/Booklet-FROSINA_print.pdf\">FROSINA BOKLETA<\/a><\/strong><\/p>\t\t\t\t\t\t\t\t<\/div>\n\t\t\t\t<\/div>\n\t\t\t\t\t<\/div>\n\t\t\t\t<\/div>\n\t\t\t\t<\/div>\n\t\t\t\t<\/div>\n\t\t","protected":false},"excerpt":{"rendered":"<p>P\u00ebr k\u00ebt\u00eb \u00e7\u00ebshtje&#8230; 70 VJET FILMI I PAR\u00cb ARTI MAQEDONIS Vladimir Angelov Drejtor i Kinematek\u00ebs s\u00eb Maqedonis\u00eb s\u00eb Veriut Me t\u00eb drejt\u00eb mund t\u00eb them se jemi ve\u00e7an\u00ebrisht krenar\u00eb q\u00eb n\u00eb 70-vjetorin e filmit FROSINA, po ju prezantojm\u00eb edicionin e ri Blu-ray t\u00eb filmit t\u00eb par\u00eb artistik maqedonas. 70 vjet m\u00eb von\u00eb, FROSINA-n mund ta [&hellip;]<\/p>\n","protected":false},"author":7,"featured_media":14948,"parent":0,"menu_order":0,"comment_status":"closed","ping_status":"closed","template":"","meta":{"_acf_changed":false,"footnotes":""},"class_list":["post-22485","page","type-page","status-publish","has-post-thumbnail","hentry"],"acf":[],"yoast_head":"<!-- This site is optimized with the Yoast SEO plugin v27.3 - https:\/\/yoast.com\/product\/yoast-seo-wordpress\/ -->\n<title>Frosina - \u041a\u0438\u043d\u043e\u0442\u0435\u043a\u0430 \u043d\u0430 \u041c\u0430\u043a\u0435\u0434\u043e\u043d\u0438\u0458\u0430<\/title>\n<meta name=\"robots\" content=\"index, follow, max-snippet:-1, max-image-preview:large, max-video-preview:-1\" \/>\n<link rel=\"canonical\" href=\"https:\/\/staging.kinoteka.borkko.com\/sq\/frosina\/\" \/>\n<meta property=\"og:locale\" content=\"sq_AL\" \/>\n<meta property=\"og:type\" content=\"article\" \/>\n<meta property=\"og:title\" content=\"Frosina - \u041a\u0438\u043d\u043e\u0442\u0435\u043a\u0430 \u043d\u0430 \u041c\u0430\u043a\u0435\u0434\u043e\u043d\u0438\u0458\u0430\" \/>\n<meta property=\"og:description\" content=\"P\u00ebr k\u00ebt\u00eb \u00e7\u00ebshtje&#8230; 70 VJET FILMI I PAR\u00cb ARTI MAQEDONIS Vladimir Angelov Drejtor i Kinematek\u00ebs s\u00eb Maqedonis\u00eb s\u00eb Veriut Me t\u00eb drejt\u00eb mund t\u00eb them se jemi ve\u00e7an\u00ebrisht krenar\u00eb q\u00eb n\u00eb 70-vjetorin e filmit FROSINA, po ju prezantojm\u00eb edicionin e ri Blu-ray t\u00eb filmit t\u00eb par\u00eb artistik maqedonas. 70 vjet m\u00eb von\u00eb, FROSINA-n mund ta [&hellip;]\" \/>\n<meta property=\"og:url\" content=\"https:\/\/staging.kinoteka.borkko.com\/sq\/frosina\/\" \/>\n<meta property=\"og:site_name\" content=\"\u041a\u0438\u043d\u043e\u0442\u0435\u043a\u0430 \u043d\u0430 \u041c\u0430\u043a\u0435\u0434\u043e\u043d\u0438\u0458\u0430\" \/>\n<meta property=\"article:publisher\" content=\"https:\/\/www.facebook.com\/KinotekaNaSevernaMakedonija\/\" \/>\n<meta property=\"article:modified_time\" content=\"2025-02-25T13:04:04+00:00\" \/>\n<meta property=\"og:image\" content=\"https:\/\/staging.kinoteka.borkko.com\/wp-content\/uploads\/2023\/01\/Omot-Frosina_print1.jpg\" \/>\n\t<meta property=\"og:image:width\" content=\"1557\" \/>\n\t<meta property=\"og:image:height\" content=\"1972\" \/>\n\t<meta property=\"og:image:type\" content=\"image\/jpeg\" \/>\n<meta name=\"twitter:card\" content=\"summary_large_image\" \/>\n<meta name=\"twitter:label1\" content=\"Est. reading time\" \/>\n\t<meta name=\"twitter:data1\" content=\"3 minutes\" \/>\n<script type=\"application\/ld+json\" class=\"yoast-schema-graph\">{\"@context\":\"https:\\\/\\\/schema.org\",\"@graph\":[{\"@type\":\"WebPage\",\"@id\":\"https:\\\/\\\/staging.kinoteka.borkko.com\\\/sq\\\/frosina\\\/\",\"url\":\"https:\\\/\\\/staging.kinoteka.borkko.com\\\/sq\\\/frosina\\\/\",\"name\":\"Frosina - \u041a\u0438\u043d\u043e\u0442\u0435\u043a\u0430 \u043d\u0430 \u041c\u0430\u043a\u0435\u0434\u043e\u043d\u0438\u0458\u0430\",\"isPartOf\":{\"@id\":\"https:\\\/\\\/staging.kinoteka.borkko.com\\\/#website\"},\"primaryImageOfPage\":{\"@id\":\"https:\\\/\\\/staging.kinoteka.borkko.com\\\/sq\\\/frosina\\\/#primaryimage\"},\"image\":{\"@id\":\"https:\\\/\\\/staging.kinoteka.borkko.com\\\/sq\\\/frosina\\\/#primaryimage\"},\"thumbnailUrl\":\"https:\\\/\\\/staging.kinoteka.borkko.com\\\/wp-content\\\/uploads\\\/2023\\\/01\\\/Omot-Frosina_print1.jpg\",\"datePublished\":\"2025-02-18T20:16:25+00:00\",\"dateModified\":\"2025-02-25T13:04:04+00:00\",\"breadcrumb\":{\"@id\":\"https:\\\/\\\/staging.kinoteka.borkko.com\\\/sq\\\/frosina\\\/#breadcrumb\"},\"inLanguage\":\"sq-AL\",\"potentialAction\":[{\"@type\":\"ReadAction\",\"target\":[\"https:\\\/\\\/staging.kinoteka.borkko.com\\\/sq\\\/frosina\\\/\"]}]},{\"@type\":\"ImageObject\",\"inLanguage\":\"sq-AL\",\"@id\":\"https:\\\/\\\/staging.kinoteka.borkko.com\\\/sq\\\/frosina\\\/#primaryimage\",\"url\":\"https:\\\/\\\/staging.kinoteka.borkko.com\\\/wp-content\\\/uploads\\\/2023\\\/01\\\/Omot-Frosina_print1.jpg\",\"contentUrl\":\"https:\\\/\\\/staging.kinoteka.borkko.com\\\/wp-content\\\/uploads\\\/2023\\\/01\\\/Omot-Frosina_print1.jpg\",\"width\":1557,\"height\":1972},{\"@type\":\"BreadcrumbList\",\"@id\":\"https:\\\/\\\/staging.kinoteka.borkko.com\\\/sq\\\/frosina\\\/#breadcrumb\",\"itemListElement\":[{\"@type\":\"ListItem\",\"position\":1,\"name\":\"Home\",\"item\":\"https:\\\/\\\/staging.kinoteka.borkko.com\\\/sq\\\/\"},{\"@type\":\"ListItem\",\"position\":2,\"name\":\"Frosina\"}]},{\"@type\":\"WebSite\",\"@id\":\"https:\\\/\\\/staging.kinoteka.borkko.com\\\/#website\",\"url\":\"https:\\\/\\\/staging.kinoteka.borkko.com\\\/\",\"name\":\"\u041a\u0438\u043d\u043e\u0442\u0435\u043a\u0430 \u043d\u0430 \u041c\u0430\u043a\u0435\u0434\u043e\u043d\u0438\u0458\u0430\",\"description\":\"\u041e\u0444\u0438\u0446\u0438\u0458\u0430\u043b\u043d\u0438\u043e\u0442 \u0432\u0435\u0431 \u043f\u043e\u0440\u0442\u0430\u043b \u043d\u0430 \u041a\u0438\u043d\u043e\u0442\u0435\u043a\u0430 \u043d\u0430 \u041c\u0430\u043a\u0435\u0434\u043e\u043d\u0438\u0458\u0430\",\"publisher\":{\"@id\":\"https:\\\/\\\/staging.kinoteka.borkko.com\\\/#organization\"},\"potentialAction\":[{\"@type\":\"SearchAction\",\"target\":{\"@type\":\"EntryPoint\",\"urlTemplate\":\"https:\\\/\\\/staging.kinoteka.borkko.com\\\/?s={search_term_string}\"},\"query-input\":{\"@type\":\"PropertyValueSpecification\",\"valueRequired\":true,\"valueName\":\"search_term_string\"}}],\"inLanguage\":\"sq-AL\"},{\"@type\":\"Organization\",\"@id\":\"https:\\\/\\\/staging.kinoteka.borkko.com\\\/#organization\",\"name\":\"\u041a\u0438\u043d\u043e\u0442\u0435\u043a\u0430 \u043d\u0430 \u041c\u0430\u043a\u0435\u0434\u043e\u043d\u0438\u0458\u0430\",\"url\":\"https:\\\/\\\/staging.kinoteka.borkko.com\\\/\",\"logo\":{\"@type\":\"ImageObject\",\"inLanguage\":\"sq-AL\",\"@id\":\"https:\\\/\\\/staging.kinoteka.borkko.com\\\/#\\\/schema\\\/logo\\\/image\\\/\",\"url\":\"https:\\\/\\\/staging.kinoteka.borkko.com\\\/wp-content\\\/uploads\\\/2025\\\/01\\\/LOGO-KINOTEKA-50-01.png\",\"contentUrl\":\"https:\\\/\\\/staging.kinoteka.borkko.com\\\/wp-content\\\/uploads\\\/2025\\\/01\\\/LOGO-KINOTEKA-50-01.png\",\"width\":1124,\"height\":1124,\"caption\":\"\u041a\u0438\u043d\u043e\u0442\u0435\u043a\u0430 \u043d\u0430 \u041c\u0430\u043a\u0435\u0434\u043e\u043d\u0438\u0458\u0430\"},\"image\":{\"@id\":\"https:\\\/\\\/staging.kinoteka.borkko.com\\\/#\\\/schema\\\/logo\\\/image\\\/\"},\"sameAs\":[\"https:\\\/\\\/www.facebook.com\\\/KinotekaNaSevernaMakedonija\\\/\",\"https:\\\/\\\/www.instagram.com\\\/kinoteka.mk\\\/\"]}]}<\/script>\n<!-- \/ Yoast SEO plugin. -->","yoast_head_json":{"title":"Frosina - \u041a\u0438\u043d\u043e\u0442\u0435\u043a\u0430 \u043d\u0430 \u041c\u0430\u043a\u0435\u0434\u043e\u043d\u0438\u0458\u0430","robots":{"index":"index","follow":"follow","max-snippet":"max-snippet:-1","max-image-preview":"max-image-preview:large","max-video-preview":"max-video-preview:-1"},"canonical":"https:\/\/staging.kinoteka.borkko.com\/sq\/frosina\/","og_locale":"sq_AL","og_type":"article","og_title":"Frosina - \u041a\u0438\u043d\u043e\u0442\u0435\u043a\u0430 \u043d\u0430 \u041c\u0430\u043a\u0435\u0434\u043e\u043d\u0438\u0458\u0430","og_description":"P\u00ebr k\u00ebt\u00eb \u00e7\u00ebshtje&#8230; 70 VJET FILMI I PAR\u00cb ARTI MAQEDONIS Vladimir Angelov Drejtor i Kinematek\u00ebs s\u00eb Maqedonis\u00eb s\u00eb Veriut Me t\u00eb drejt\u00eb mund t\u00eb them se jemi ve\u00e7an\u00ebrisht krenar\u00eb q\u00eb n\u00eb 70-vjetorin e filmit FROSINA, po ju prezantojm\u00eb edicionin e ri Blu-ray t\u00eb filmit t\u00eb par\u00eb artistik maqedonas. 70 vjet m\u00eb von\u00eb, FROSINA-n mund ta [&hellip;]","og_url":"https:\/\/staging.kinoteka.borkko.com\/sq\/frosina\/","og_site_name":"\u041a\u0438\u043d\u043e\u0442\u0435\u043a\u0430 \u043d\u0430 \u041c\u0430\u043a\u0435\u0434\u043e\u043d\u0438\u0458\u0430","article_publisher":"https:\/\/www.facebook.com\/KinotekaNaSevernaMakedonija\/","article_modified_time":"2025-02-25T13:04:04+00:00","og_image":[{"width":1557,"height":1972,"url":"https:\/\/staging.kinoteka.borkko.com\/wp-content\/uploads\/2023\/01\/Omot-Frosina_print1.jpg","type":"image\/jpeg"}],"twitter_card":"summary_large_image","twitter_misc":{"Est. reading time":"3 minutes"},"schema":{"@context":"https:\/\/schema.org","@graph":[{"@type":"WebPage","@id":"https:\/\/staging.kinoteka.borkko.com\/sq\/frosina\/","url":"https:\/\/staging.kinoteka.borkko.com\/sq\/frosina\/","name":"Frosina - \u041a\u0438\u043d\u043e\u0442\u0435\u043a\u0430 \u043d\u0430 \u041c\u0430\u043a\u0435\u0434\u043e\u043d\u0438\u0458\u0430","isPartOf":{"@id":"https:\/\/staging.kinoteka.borkko.com\/#website"},"primaryImageOfPage":{"@id":"https:\/\/staging.kinoteka.borkko.com\/sq\/frosina\/#primaryimage"},"image":{"@id":"https:\/\/staging.kinoteka.borkko.com\/sq\/frosina\/#primaryimage"},"thumbnailUrl":"https:\/\/staging.kinoteka.borkko.com\/wp-content\/uploads\/2023\/01\/Omot-Frosina_print1.jpg","datePublished":"2025-02-18T20:16:25+00:00","dateModified":"2025-02-25T13:04:04+00:00","breadcrumb":{"@id":"https:\/\/staging.kinoteka.borkko.com\/sq\/frosina\/#breadcrumb"},"inLanguage":"sq-AL","potentialAction":[{"@type":"ReadAction","target":["https:\/\/staging.kinoteka.borkko.com\/sq\/frosina\/"]}]},{"@type":"ImageObject","inLanguage":"sq-AL","@id":"https:\/\/staging.kinoteka.borkko.com\/sq\/frosina\/#primaryimage","url":"https:\/\/staging.kinoteka.borkko.com\/wp-content\/uploads\/2023\/01\/Omot-Frosina_print1.jpg","contentUrl":"https:\/\/staging.kinoteka.borkko.com\/wp-content\/uploads\/2023\/01\/Omot-Frosina_print1.jpg","width":1557,"height":1972},{"@type":"BreadcrumbList","@id":"https:\/\/staging.kinoteka.borkko.com\/sq\/frosina\/#breadcrumb","itemListElement":[{"@type":"ListItem","position":1,"name":"Home","item":"https:\/\/staging.kinoteka.borkko.com\/sq\/"},{"@type":"ListItem","position":2,"name":"Frosina"}]},{"@type":"WebSite","@id":"https:\/\/staging.kinoteka.borkko.com\/#website","url":"https:\/\/staging.kinoteka.borkko.com\/","name":"\u041a\u0438\u043d\u043e\u0442\u0435\u043a\u0430 \u043d\u0430 \u041c\u0430\u043a\u0435\u0434\u043e\u043d\u0438\u0458\u0430","description":"\u041e\u0444\u0438\u0446\u0438\u0458\u0430\u043b\u043d\u0438\u043e\u0442 \u0432\u0435\u0431 \u043f\u043e\u0440\u0442\u0430\u043b \u043d\u0430 \u041a\u0438\u043d\u043e\u0442\u0435\u043a\u0430 \u043d\u0430 \u041c\u0430\u043a\u0435\u0434\u043e\u043d\u0438\u0458\u0430","publisher":{"@id":"https:\/\/staging.kinoteka.borkko.com\/#organization"},"potentialAction":[{"@type":"SearchAction","target":{"@type":"EntryPoint","urlTemplate":"https:\/\/staging.kinoteka.borkko.com\/?s={search_term_string}"},"query-input":{"@type":"PropertyValueSpecification","valueRequired":true,"valueName":"search_term_string"}}],"inLanguage":"sq-AL"},{"@type":"Organization","@id":"https:\/\/staging.kinoteka.borkko.com\/#organization","name":"\u041a\u0438\u043d\u043e\u0442\u0435\u043a\u0430 \u043d\u0430 \u041c\u0430\u043a\u0435\u0434\u043e\u043d\u0438\u0458\u0430","url":"https:\/\/staging.kinoteka.borkko.com\/","logo":{"@type":"ImageObject","inLanguage":"sq-AL","@id":"https:\/\/staging.kinoteka.borkko.com\/#\/schema\/logo\/image\/","url":"https:\/\/staging.kinoteka.borkko.com\/wp-content\/uploads\/2025\/01\/LOGO-KINOTEKA-50-01.png","contentUrl":"https:\/\/staging.kinoteka.borkko.com\/wp-content\/uploads\/2025\/01\/LOGO-KINOTEKA-50-01.png","width":1124,"height":1124,"caption":"\u041a\u0438\u043d\u043e\u0442\u0435\u043a\u0430 \u043d\u0430 \u041c\u0430\u043a\u0435\u0434\u043e\u043d\u0438\u0458\u0430"},"image":{"@id":"https:\/\/staging.kinoteka.borkko.com\/#\/schema\/logo\/image\/"},"sameAs":["https:\/\/www.facebook.com\/KinotekaNaSevernaMakedonija\/","https:\/\/www.instagram.com\/kinoteka.mk\/"]}]}},"_links":{"self":[{"href":"https:\/\/staging.kinoteka.borkko.com\/sq\/wp-json\/wp\/v2\/pages\/22485","targetHints":{"allow":["GET"]}}],"collection":[{"href":"https:\/\/staging.kinoteka.borkko.com\/sq\/wp-json\/wp\/v2\/pages"}],"about":[{"href":"https:\/\/staging.kinoteka.borkko.com\/sq\/wp-json\/wp\/v2\/types\/page"}],"author":[{"embeddable":true,"href":"https:\/\/staging.kinoteka.borkko.com\/sq\/wp-json\/wp\/v2\/users\/7"}],"replies":[{"embeddable":true,"href":"https:\/\/staging.kinoteka.borkko.com\/sq\/wp-json\/wp\/v2\/comments?post=22485"}],"version-history":[{"count":0,"href":"https:\/\/staging.kinoteka.borkko.com\/sq\/wp-json\/wp\/v2\/pages\/22485\/revisions"}],"wp:featuredmedia":[{"embeddable":true,"href":"https:\/\/staging.kinoteka.borkko.com\/sq\/wp-json\/wp\/v2\/media\/14948"}],"wp:attachment":[{"href":"https:\/\/staging.kinoteka.borkko.com\/sq\/wp-json\/wp\/v2\/media?parent=22485"}],"curies":[{"name":"wp","href":"https:\/\/api.w.org\/{rel}","templated":true}]}}