{"id":22521,"date":"2025-02-18T21:47:40","date_gmt":"2025-02-18T20:47:40","guid":{"rendered":"https:\/\/staging.kinoteka.borkko.com\/drejtori\/"},"modified":"2025-02-25T14:33:08","modified_gmt":"2025-02-25T13:33:08","slug":"drejtori","status":"publish","type":"page","link":"https:\/\/staging.kinoteka.borkko.com\/sq\/drejtori\/","title":{"rendered":"Drejtori"},"content":{"rendered":"\t\t<div data-elementor-type=\"wp-page\" data-elementor-id=\"22521\" class=\"elementor elementor-22521 elementor-18346\" data-elementor-post-type=\"page\">\n\t\t\t\t<div class=\"elementor-element elementor-element-f906e7d e-con-full animated-slow hero-section e-flex elementor-invisible e-con e-parent\" data-id=\"f906e7d\" data-element_type=\"container\" data-e-type=\"container\" data-settings=\"{&quot;background_background&quot;:&quot;gradient&quot;,&quot;animation&quot;:&quot;fadeIn&quot;,&quot;animation_delay&quot;:0.3}\">\n\t\t\t\t<div class=\"elementor-element elementor-element-db93b9d elementor-widget elementor-widget-heading\" data-id=\"db93b9d\" data-element_type=\"widget\" data-e-type=\"widget\" data-widget_type=\"heading.default\">\n\t\t\t\t<div class=\"elementor-widget-container\">\n\t\t\t\t\t<h2 class=\"elementor-heading-title elementor-size-default\">drejtor<\/h2>\t\t\t\t<\/div>\n\t\t\t\t<\/div>\n\t\t\t\t<\/div>\n\t\t<div class=\"elementor-element elementor-element-51d89cac e-flex e-con-boxed e-con e-parent\" data-id=\"51d89cac\" data-element_type=\"container\" data-e-type=\"container\">\n\t\t\t\t\t<div class=\"e-con-inner\">\n\t\t\t\t<div class=\"elementor-element elementor-element-3feda1f elementor-widget__width-inherit elementor-widget elementor-widget-image\" data-id=\"3feda1f\" data-element_type=\"widget\" data-e-type=\"widget\" data-widget_type=\"image.default\">\n\t\t\t\t<div class=\"elementor-widget-container\">\n\t\t\t\t\t\t\t\t\t\t\t\t\t\t\t<img fetchpriority=\"high\" decoding=\"async\" width=\"768\" height=\"576\" src=\"https:\/\/staging.kinoteka.borkko.com\/wp-content\/uploads\/2024\/07\/20240706_070818-768x576.jpg\" class=\"attachment-medium_large size-medium_large wp-image-19472\" alt=\"\" srcset=\"https:\/\/staging.kinoteka.borkko.com\/wp-content\/uploads\/2024\/07\/20240706_070818-768x576.jpg 768w, https:\/\/staging.kinoteka.borkko.com\/wp-content\/uploads\/2024\/07\/20240706_070818-300x225.jpg 300w, https:\/\/staging.kinoteka.borkko.com\/wp-content\/uploads\/2024\/07\/20240706_070818-1024x768.jpg 1024w, https:\/\/staging.kinoteka.borkko.com\/wp-content\/uploads\/2024\/07\/20240706_070818-1536x1152.jpg 1536w, https:\/\/staging.kinoteka.borkko.com\/wp-content\/uploads\/2024\/07\/20240706_070818-960x720.jpg 960w, https:\/\/staging.kinoteka.borkko.com\/wp-content\/uploads\/2024\/07\/20240706_070818-600x450.jpg 600w, https:\/\/staging.kinoteka.borkko.com\/wp-content\/uploads\/2024\/07\/20240706_070818-853x640.jpg 853w, https:\/\/staging.kinoteka.borkko.com\/wp-content\/uploads\/2024\/07\/20240706_070818-800x600.jpg 800w, https:\/\/staging.kinoteka.borkko.com\/wp-content\/uploads\/2024\/07\/20240706_070818.jpg 1600w\" sizes=\"(max-width: 768px) 100vw, 768px\" \/>\t\t\t\t\t\t\t\t\t\t\t\t\t\t\t<\/div>\n\t\t\t\t<\/div>\n\t\t\t\t<div class=\"elementor-element elementor-element-526eed1f elementor-widget__width-inherit elementor-widget elementor-widget-text-editor\" data-id=\"526eed1f\" data-element_type=\"widget\" data-e-type=\"widget\" data-widget_type=\"text-editor.default\">\n\t\t\t\t<div class=\"elementor-widget-container\">\n\t\t\t\t\t\t\t\t\t<p><strong>Boshko Grujoski<\/strong> ka qen\u00eb pjes\u00eb e ekipit t\u00eb Kinematek\u00ebs p\u00ebr m\u00eb shum\u00eb se 15 vjet, nd\u00ebrsa m\u00eb par\u00eb ka mbajtur postin e drejtorit, n\u00eb periudh\u00ebn 2016 dhe 2017. Ai vjen n\u00eb pozit\u00ebn drejtuese nga Departamenti p\u00ebr K\u00ebrkime, Botime, Bibliotek\u00eb, \u00c7\u00ebshtje Nd\u00ebrkomb\u00ebtare dhe Publike dhe Programi i Filmit i Kinematek\u00ebs. <\/p><p>N\u00eb periudh\u00ebn kur Grujoski ishte drejtor aktiv i Arkivit t\u00eb Filmit, nd\u00ebr t\u00eb tjera u b\u00ebn\u00eb restaurime digjitale t\u00eb filmave artistik\u00eb t\u00eb regjisorit Branko Gapo, m\u00eb pas u realizua projekti nd\u00ebrkomb\u00ebtar European Film Gateway n\u00eb bashk\u00ebpunim me Shoqat\u00ebn Evropiane t\u00eb Arkivave t\u00eb Filmit, si dhe dy filmat e fundit dokumentar\u00eb nga seriali &#8220;D\u00ebshmitar\u00ebt&#8221; u p\u00ebrfunduan si rezultat i projektit k\u00ebrkimor-shkencor t\u00eb tij komb\u00ebtar t\u00eb MRTV-s\u00eb.<\/p><h4> <\/h4>\t\t\t\t\t\t\t\t<\/div>\n\t\t\t\t<\/div>\n\t\t\t\t\t<\/div>\n\t\t\t\t<\/div>\n\t\t\t\t<\/div>\n\t\t","protected":false},"excerpt":{"rendered":"<p>drejtor Boshko Grujoski ka qen\u00eb pjes\u00eb e ekipit t\u00eb Kinematek\u00ebs p\u00ebr m\u00eb shum\u00eb se 15 vjet, nd\u00ebrsa m\u00eb par\u00eb ka mbajtur postin e drejtorit, n\u00eb periudh\u00ebn 2016 dhe 2017. Ai vjen n\u00eb pozit\u00ebn drejtuese nga Departamenti p\u00ebr K\u00ebrkime, Botime, Bibliotek\u00eb, \u00c7\u00ebshtje Nd\u00ebrkomb\u00ebtare dhe Publike dhe Programi i Filmit i Kinematek\u00ebs. N\u00eb periudh\u00ebn kur Grujoski ishte [&hellip;]<\/p>\n","protected":false},"author":7,"featured_media":19472,"parent":0,"menu_order":0,"comment_status":"closed","ping_status":"closed","template":"","meta":{"_acf_changed":false,"footnotes":""},"class_list":["post-22521","page","type-page","status-publish","has-post-thumbnail","hentry"],"acf":[],"yoast_head":"<!-- This site is optimized with the Yoast SEO plugin v27.3 - https:\/\/yoast.com\/product\/yoast-seo-wordpress\/ -->\n<title>Drejtori - \u041a\u0438\u043d\u043e\u0442\u0435\u043a\u0430 \u043d\u0430 \u041c\u0430\u043a\u0435\u0434\u043e\u043d\u0438\u0458\u0430<\/title>\n<meta name=\"robots\" content=\"index, follow, max-snippet:-1, max-image-preview:large, max-video-preview:-1\" \/>\n<link rel=\"canonical\" href=\"https:\/\/staging.kinoteka.borkko.com\/sq\/drejtori\/\" \/>\n<meta property=\"og:locale\" content=\"sq_AL\" \/>\n<meta property=\"og:type\" content=\"article\" \/>\n<meta property=\"og:title\" content=\"Drejtori - \u041a\u0438\u043d\u043e\u0442\u0435\u043a\u0430 \u043d\u0430 \u041c\u0430\u043a\u0435\u0434\u043e\u043d\u0438\u0458\u0430\" \/>\n<meta property=\"og:description\" content=\"drejtor Boshko Grujoski ka qen\u00eb pjes\u00eb e ekipit t\u00eb Kinematek\u00ebs p\u00ebr m\u00eb shum\u00eb se 15 vjet, nd\u00ebrsa m\u00eb par\u00eb ka mbajtur postin e drejtorit, n\u00eb periudh\u00ebn 2016 dhe 2017. Ai vjen n\u00eb pozit\u00ebn drejtuese nga Departamenti p\u00ebr K\u00ebrkime, Botime, Bibliotek\u00eb, \u00c7\u00ebshtje Nd\u00ebrkomb\u00ebtare dhe Publike dhe Programi i Filmit i Kinematek\u00ebs. N\u00eb periudh\u00ebn kur Grujoski ishte [&hellip;]\" \/>\n<meta property=\"og:url\" content=\"https:\/\/staging.kinoteka.borkko.com\/sq\/drejtori\/\" \/>\n<meta property=\"og:site_name\" content=\"\u041a\u0438\u043d\u043e\u0442\u0435\u043a\u0430 \u043d\u0430 \u041c\u0430\u043a\u0435\u0434\u043e\u043d\u0438\u0458\u0430\" \/>\n<meta property=\"article:publisher\" content=\"https:\/\/www.facebook.com\/KinotekaNaSevernaMakedonija\/\" \/>\n<meta property=\"article:modified_time\" content=\"2025-02-25T13:33:08+00:00\" \/>\n<meta property=\"og:image\" content=\"https:\/\/staging.kinoteka.borkko.com\/wp-content\/uploads\/2024\/02\/bojan1-1024x739.webp\" \/>\n<meta name=\"twitter:card\" content=\"summary_large_image\" \/>\n<meta name=\"twitter:image\" content=\"https:\/\/staging.kinoteka.borkko.com\/wp-content\/uploads\/2024\/02\/bojan1-1024x739.webp\" \/>\n<meta name=\"twitter:label1\" content=\"Est. reading time\" \/>\n\t<meta name=\"twitter:data1\" content=\"1 minute\" \/>\n<script type=\"application\/ld+json\" class=\"yoast-schema-graph\">{\"@context\":\"https:\\\/\\\/schema.org\",\"@graph\":[{\"@type\":\"WebPage\",\"@id\":\"https:\\\/\\\/staging.kinoteka.borkko.com\\\/sq\\\/drejtori\\\/\",\"url\":\"https:\\\/\\\/staging.kinoteka.borkko.com\\\/sq\\\/drejtori\\\/\",\"name\":\"Drejtori - \u041a\u0438\u043d\u043e\u0442\u0435\u043a\u0430 \u043d\u0430 \u041c\u0430\u043a\u0435\u0434\u043e\u043d\u0438\u0458\u0430\",\"isPartOf\":{\"@id\":\"https:\\\/\\\/staging.kinoteka.borkko.com\\\/#website\"},\"primaryImageOfPage\":{\"@id\":\"https:\\\/\\\/staging.kinoteka.borkko.com\\\/sq\\\/drejtori\\\/#primaryimage\"},\"image\":{\"@id\":\"https:\\\/\\\/staging.kinoteka.borkko.com\\\/sq\\\/drejtori\\\/#primaryimage\"},\"thumbnailUrl\":\"https:\\\/\\\/staging.kinoteka.borkko.com\\\/wp-content\\\/uploads\\\/2024\\\/07\\\/20240706_070818.jpg\",\"datePublished\":\"2025-02-18T20:47:40+00:00\",\"dateModified\":\"2025-02-25T13:33:08+00:00\",\"breadcrumb\":{\"@id\":\"https:\\\/\\\/staging.kinoteka.borkko.com\\\/sq\\\/drejtori\\\/#breadcrumb\"},\"inLanguage\":\"sq-AL\",\"potentialAction\":[{\"@type\":\"ReadAction\",\"target\":[\"https:\\\/\\\/staging.kinoteka.borkko.com\\\/sq\\\/drejtori\\\/\"]}]},{\"@type\":\"ImageObject\",\"inLanguage\":\"sq-AL\",\"@id\":\"https:\\\/\\\/staging.kinoteka.borkko.com\\\/sq\\\/drejtori\\\/#primaryimage\",\"url\":\"https:\\\/\\\/staging.kinoteka.borkko.com\\\/wp-content\\\/uploads\\\/2024\\\/07\\\/20240706_070818.jpg\",\"contentUrl\":\"https:\\\/\\\/staging.kinoteka.borkko.com\\\/wp-content\\\/uploads\\\/2024\\\/07\\\/20240706_070818.jpg\",\"width\":1600,\"height\":1200},{\"@type\":\"BreadcrumbList\",\"@id\":\"https:\\\/\\\/staging.kinoteka.borkko.com\\\/sq\\\/drejtori\\\/#breadcrumb\",\"itemListElement\":[{\"@type\":\"ListItem\",\"position\":1,\"name\":\"Home\",\"item\":\"https:\\\/\\\/staging.kinoteka.borkko.com\\\/sq\\\/\"},{\"@type\":\"ListItem\",\"position\":2,\"name\":\"Drejtori\"}]},{\"@type\":\"WebSite\",\"@id\":\"https:\\\/\\\/staging.kinoteka.borkko.com\\\/#website\",\"url\":\"https:\\\/\\\/staging.kinoteka.borkko.com\\\/\",\"name\":\"\u041a\u0438\u043d\u043e\u0442\u0435\u043a\u0430 \u043d\u0430 \u041c\u0430\u043a\u0435\u0434\u043e\u043d\u0438\u0458\u0430\",\"description\":\"\u041e\u0444\u0438\u0446\u0438\u0458\u0430\u043b\u043d\u0438\u043e\u0442 \u0432\u0435\u0431 \u043f\u043e\u0440\u0442\u0430\u043b \u043d\u0430 \u041a\u0438\u043d\u043e\u0442\u0435\u043a\u0430 \u043d\u0430 \u041c\u0430\u043a\u0435\u0434\u043e\u043d\u0438\u0458\u0430\",\"publisher\":{\"@id\":\"https:\\\/\\\/staging.kinoteka.borkko.com\\\/#organization\"},\"potentialAction\":[{\"@type\":\"SearchAction\",\"target\":{\"@type\":\"EntryPoint\",\"urlTemplate\":\"https:\\\/\\\/staging.kinoteka.borkko.com\\\/?s={search_term_string}\"},\"query-input\":{\"@type\":\"PropertyValueSpecification\",\"valueRequired\":true,\"valueName\":\"search_term_string\"}}],\"inLanguage\":\"sq-AL\"},{\"@type\":\"Organization\",\"@id\":\"https:\\\/\\\/staging.kinoteka.borkko.com\\\/#organization\",\"name\":\"\u041a\u0438\u043d\u043e\u0442\u0435\u043a\u0430 \u043d\u0430 \u041c\u0430\u043a\u0435\u0434\u043e\u043d\u0438\u0458\u0430\",\"url\":\"https:\\\/\\\/staging.kinoteka.borkko.com\\\/\",\"logo\":{\"@type\":\"ImageObject\",\"inLanguage\":\"sq-AL\",\"@id\":\"https:\\\/\\\/staging.kinoteka.borkko.com\\\/#\\\/schema\\\/logo\\\/image\\\/\",\"url\":\"https:\\\/\\\/staging.kinoteka.borkko.com\\\/wp-content\\\/uploads\\\/2025\\\/01\\\/LOGO-KINOTEKA-50-01.png\",\"contentUrl\":\"https:\\\/\\\/staging.kinoteka.borkko.com\\\/wp-content\\\/uploads\\\/2025\\\/01\\\/LOGO-KINOTEKA-50-01.png\",\"width\":1124,\"height\":1124,\"caption\":\"\u041a\u0438\u043d\u043e\u0442\u0435\u043a\u0430 \u043d\u0430 \u041c\u0430\u043a\u0435\u0434\u043e\u043d\u0438\u0458\u0430\"},\"image\":{\"@id\":\"https:\\\/\\\/staging.kinoteka.borkko.com\\\/#\\\/schema\\\/logo\\\/image\\\/\"},\"sameAs\":[\"https:\\\/\\\/www.facebook.com\\\/KinotekaNaSevernaMakedonija\\\/\",\"https:\\\/\\\/www.instagram.com\\\/kinoteka.mk\\\/\"]}]}<\/script>\n<!-- \/ Yoast SEO plugin. -->","yoast_head_json":{"title":"Drejtori - \u041a\u0438\u043d\u043e\u0442\u0435\u043a\u0430 \u043d\u0430 \u041c\u0430\u043a\u0435\u0434\u043e\u043d\u0438\u0458\u0430","robots":{"index":"index","follow":"follow","max-snippet":"max-snippet:-1","max-image-preview":"max-image-preview:large","max-video-preview":"max-video-preview:-1"},"canonical":"https:\/\/staging.kinoteka.borkko.com\/sq\/drejtori\/","og_locale":"sq_AL","og_type":"article","og_title":"Drejtori - \u041a\u0438\u043d\u043e\u0442\u0435\u043a\u0430 \u043d\u0430 \u041c\u0430\u043a\u0435\u0434\u043e\u043d\u0438\u0458\u0430","og_description":"drejtor Boshko Grujoski ka qen\u00eb pjes\u00eb e ekipit t\u00eb Kinematek\u00ebs p\u00ebr m\u00eb shum\u00eb se 15 vjet, nd\u00ebrsa m\u00eb par\u00eb ka mbajtur postin e drejtorit, n\u00eb periudh\u00ebn 2016 dhe 2017. Ai vjen n\u00eb pozit\u00ebn drejtuese nga Departamenti p\u00ebr K\u00ebrkime, Botime, Bibliotek\u00eb, \u00c7\u00ebshtje Nd\u00ebrkomb\u00ebtare dhe Publike dhe Programi i Filmit i Kinematek\u00ebs. N\u00eb periudh\u00ebn kur Grujoski ishte [&hellip;]","og_url":"https:\/\/staging.kinoteka.borkko.com\/sq\/drejtori\/","og_site_name":"\u041a\u0438\u043d\u043e\u0442\u0435\u043a\u0430 \u043d\u0430 \u041c\u0430\u043a\u0435\u0434\u043e\u043d\u0438\u0458\u0430","article_publisher":"https:\/\/www.facebook.com\/KinotekaNaSevernaMakedonija\/","article_modified_time":"2025-02-25T13:33:08+00:00","og_image":[{"url":"https:\/\/staging.kinoteka.borkko.com\/wp-content\/uploads\/2024\/02\/bojan1-1024x739.webp","type":"","width":"","height":""}],"twitter_card":"summary_large_image","twitter_image":"https:\/\/staging.kinoteka.borkko.com\/wp-content\/uploads\/2024\/02\/bojan1-1024x739.webp","twitter_misc":{"Est. reading time":"1 minute"},"schema":{"@context":"https:\/\/schema.org","@graph":[{"@type":"WebPage","@id":"https:\/\/staging.kinoteka.borkko.com\/sq\/drejtori\/","url":"https:\/\/staging.kinoteka.borkko.com\/sq\/drejtori\/","name":"Drejtori - \u041a\u0438\u043d\u043e\u0442\u0435\u043a\u0430 \u043d\u0430 \u041c\u0430\u043a\u0435\u0434\u043e\u043d\u0438\u0458\u0430","isPartOf":{"@id":"https:\/\/staging.kinoteka.borkko.com\/#website"},"primaryImageOfPage":{"@id":"https:\/\/staging.kinoteka.borkko.com\/sq\/drejtori\/#primaryimage"},"image":{"@id":"https:\/\/staging.kinoteka.borkko.com\/sq\/drejtori\/#primaryimage"},"thumbnailUrl":"https:\/\/staging.kinoteka.borkko.com\/wp-content\/uploads\/2024\/07\/20240706_070818.jpg","datePublished":"2025-02-18T20:47:40+00:00","dateModified":"2025-02-25T13:33:08+00:00","breadcrumb":{"@id":"https:\/\/staging.kinoteka.borkko.com\/sq\/drejtori\/#breadcrumb"},"inLanguage":"sq-AL","potentialAction":[{"@type":"ReadAction","target":["https:\/\/staging.kinoteka.borkko.com\/sq\/drejtori\/"]}]},{"@type":"ImageObject","inLanguage":"sq-AL","@id":"https:\/\/staging.kinoteka.borkko.com\/sq\/drejtori\/#primaryimage","url":"https:\/\/staging.kinoteka.borkko.com\/wp-content\/uploads\/2024\/07\/20240706_070818.jpg","contentUrl":"https:\/\/staging.kinoteka.borkko.com\/wp-content\/uploads\/2024\/07\/20240706_070818.jpg","width":1600,"height":1200},{"@type":"BreadcrumbList","@id":"https:\/\/staging.kinoteka.borkko.com\/sq\/drejtori\/#breadcrumb","itemListElement":[{"@type":"ListItem","position":1,"name":"Home","item":"https:\/\/staging.kinoteka.borkko.com\/sq\/"},{"@type":"ListItem","position":2,"name":"Drejtori"}]},{"@type":"WebSite","@id":"https:\/\/staging.kinoteka.borkko.com\/#website","url":"https:\/\/staging.kinoteka.borkko.com\/","name":"\u041a\u0438\u043d\u043e\u0442\u0435\u043a\u0430 \u043d\u0430 \u041c\u0430\u043a\u0435\u0434\u043e\u043d\u0438\u0458\u0430","description":"\u041e\u0444\u0438\u0446\u0438\u0458\u0430\u043b\u043d\u0438\u043e\u0442 \u0432\u0435\u0431 \u043f\u043e\u0440\u0442\u0430\u043b \u043d\u0430 \u041a\u0438\u043d\u043e\u0442\u0435\u043a\u0430 \u043d\u0430 \u041c\u0430\u043a\u0435\u0434\u043e\u043d\u0438\u0458\u0430","publisher":{"@id":"https:\/\/staging.kinoteka.borkko.com\/#organization"},"potentialAction":[{"@type":"SearchAction","target":{"@type":"EntryPoint","urlTemplate":"https:\/\/staging.kinoteka.borkko.com\/?s={search_term_string}"},"query-input":{"@type":"PropertyValueSpecification","valueRequired":true,"valueName":"search_term_string"}}],"inLanguage":"sq-AL"},{"@type":"Organization","@id":"https:\/\/staging.kinoteka.borkko.com\/#organization","name":"\u041a\u0438\u043d\u043e\u0442\u0435\u043a\u0430 \u043d\u0430 \u041c\u0430\u043a\u0435\u0434\u043e\u043d\u0438\u0458\u0430","url":"https:\/\/staging.kinoteka.borkko.com\/","logo":{"@type":"ImageObject","inLanguage":"sq-AL","@id":"https:\/\/staging.kinoteka.borkko.com\/#\/schema\/logo\/image\/","url":"https:\/\/staging.kinoteka.borkko.com\/wp-content\/uploads\/2025\/01\/LOGO-KINOTEKA-50-01.png","contentUrl":"https:\/\/staging.kinoteka.borkko.com\/wp-content\/uploads\/2025\/01\/LOGO-KINOTEKA-50-01.png","width":1124,"height":1124,"caption":"\u041a\u0438\u043d\u043e\u0442\u0435\u043a\u0430 \u043d\u0430 \u041c\u0430\u043a\u0435\u0434\u043e\u043d\u0438\u0458\u0430"},"image":{"@id":"https:\/\/staging.kinoteka.borkko.com\/#\/schema\/logo\/image\/"},"sameAs":["https:\/\/www.facebook.com\/KinotekaNaSevernaMakedonija\/","https:\/\/www.instagram.com\/kinoteka.mk\/"]}]}},"_links":{"self":[{"href":"https:\/\/staging.kinoteka.borkko.com\/sq\/wp-json\/wp\/v2\/pages\/22521","targetHints":{"allow":["GET"]}}],"collection":[{"href":"https:\/\/staging.kinoteka.borkko.com\/sq\/wp-json\/wp\/v2\/pages"}],"about":[{"href":"https:\/\/staging.kinoteka.borkko.com\/sq\/wp-json\/wp\/v2\/types\/page"}],"author":[{"embeddable":true,"href":"https:\/\/staging.kinoteka.borkko.com\/sq\/wp-json\/wp\/v2\/users\/7"}],"replies":[{"embeddable":true,"href":"https:\/\/staging.kinoteka.borkko.com\/sq\/wp-json\/wp\/v2\/comments?post=22521"}],"version-history":[{"count":0,"href":"https:\/\/staging.kinoteka.borkko.com\/sq\/wp-json\/wp\/v2\/pages\/22521\/revisions"}],"wp:featuredmedia":[{"embeddable":true,"href":"https:\/\/staging.kinoteka.borkko.com\/sq\/wp-json\/wp\/v2\/media\/19472"}],"wp:attachment":[{"href":"https:\/\/staging.kinoteka.borkko.com\/sq\/wp-json\/wp\/v2\/media?parent=22521"}],"curies":[{"name":"wp","href":"https:\/\/api.w.org\/{rel}","templated":true}]}}