{"id":22522,"date":"2025-02-18T21:49:15","date_gmt":"2025-02-18T20:49:15","guid":{"rendered":"https:\/\/staging.kinoteka.borkko.com\/per-ne\/"},"modified":"2025-02-25T14:32:09","modified_gmt":"2025-02-25T13:32:09","slug":"per-ne","status":"publish","type":"page","link":"https:\/\/staging.kinoteka.borkko.com\/sq\/per-ne\/","title":{"rendered":"P\u00ebr ne"},"content":{"rendered":"\t\t<div data-elementor-type=\"wp-page\" data-elementor-id=\"22522\" class=\"elementor elementor-22522 elementor-20689\" data-elementor-post-type=\"page\">\n\t\t\t\t<div class=\"elementor-element elementor-element-620d9f4 e-con-full e-flex e-con e-parent\" data-id=\"620d9f4\" data-element_type=\"container\" data-e-type=\"container\" data-settings=\"{&quot;background_background&quot;:&quot;classic&quot;}\">\n\t\t<div class=\"elementor-element elementor-element-7b4113a hero-section animated-slow e-flex e-con-boxed elementor-invisible e-con e-child\" data-id=\"7b4113a\" data-element_type=\"container\" data-e-type=\"container\" data-settings=\"{&quot;background_background&quot;:&quot;classic&quot;,&quot;background_motion_fx_motion_fx_scrolling&quot;:&quot;yes&quot;,&quot;background_motion_fx_translateY_effect&quot;:&quot;yes&quot;,&quot;background_motion_fx_translateY_direction&quot;:&quot;negative&quot;,&quot;background_motion_fx_translateY_speed&quot;:{&quot;unit&quot;:&quot;px&quot;,&quot;size&quot;:10,&quot;sizes&quot;:[]},&quot;background_motion_fx_translateY_affectedRange&quot;:{&quot;unit&quot;:&quot;%&quot;,&quot;size&quot;:&quot;&quot;,&quot;sizes&quot;:{&quot;start&quot;:0,&quot;end&quot;:81}},&quot;background_motion_fx_range&quot;:&quot;page&quot;,&quot;animation&quot;:&quot;fadeIn&quot;,&quot;animation_delay&quot;:1.5,&quot;background_motion_fx_devices&quot;:[&quot;desktop&quot;,&quot;tablet&quot;,&quot;mobile&quot;]}\">\n\t\t\t\t\t<div class=\"e-con-inner\">\n\t\t\t\t<div class=\"elementor-element elementor-element-36b30e5 elementor-widget elementor-widget-heading\" data-id=\"36b30e5\" data-element_type=\"widget\" data-e-type=\"widget\" data-widget_type=\"heading.default\">\n\t\t\t\t<div class=\"elementor-widget-container\">\n\t\t\t\t\t<h2 class=\"elementor-heading-title elementor-size-default\">P\u00ebr ne<\/h2>\t\t\t\t<\/div>\n\t\t\t\t<\/div>\n\t\t\t\t\t<\/div>\n\t\t\t\t<\/div>\n\t\t<div class=\"elementor-element elementor-element-5a640ac e-flex e-con-boxed e-con e-child\" data-id=\"5a640ac\" data-element_type=\"container\" data-e-type=\"container\">\n\t\t\t\t\t<div class=\"e-con-inner\">\n\t\t\t\t<div class=\"elementor-element elementor-element-d682db3 elementor-widget-tablet__width-inherit elementor-widget elementor-widget-text-editor\" data-id=\"d682db3\" data-element_type=\"widget\" data-e-type=\"widget\" data-widget_type=\"text-editor.default\">\n\t\t\t\t<div class=\"elementor-widget-container\">\n\t\t\t\t\t\t\t\t\t<h4 class=\"m_-2997599477644775403ydpfbf2925cMsoNormal\"><b>Kinoteka e Maqedonis\u00eb<\/b><\/h4><p class=\"m_-2997599477644775403ydpfbf2925cMsoNormal\">M\u00eb 29 prill 1974 u botua Ligji p\u00ebr themelimin e Kinematek\u00ebs s\u00eb Maqedonis\u00eb. Zyrtarisht, Kinoteka filloi pun\u00ebn e saj n\u00eb vitin 1976, si nj\u00eb institucion me interes t\u00eb ve\u00e7ant\u00eb p\u00ebr Republik\u00ebn, me detyr\u00eb mbledhjen, p\u00ebrpunimin, ruajtjen, mbrojtjen dhe prezantimin e filmave dhe materialeve filmike me r\u00ebnd\u00ebsi t\u00eb ve\u00e7ant\u00eb artistike, kulturore, shkencore, historike e t\u00eb tjera shoq\u00ebrore. <\/p><p class=\"m_-2997599477644775403ydpfbf2925cMsoNormal\">P\u00ebr realizimin e veprimtaris\u00eb s\u00eb p\u00ebrcaktuar n\u00eb k\u00ebt\u00eb m\u00ebnyr\u00eb, Kinoteka e Maqedonis\u00eb financohet t\u00ebr\u00ebsisht nga Ministria e Kultur\u00ebs pran\u00eb Qeveris\u00eb s\u00eb Republik\u00ebs s\u00eb Maqedonis\u00eb.<\/p><p class=\"m_-2997599477644775403ydpfbf2925cMsoNormal\">N\u00eb vitin 2005, Kinoteka u zhvendos n\u00eb ambiente t\u00eb reja n\u00eb ul. Nikolla Rusinski nr.1. Materialet arkivore, gjegj\u00ebsisht i gjith\u00eb prodhimi filmik maqedonas (nga viti 1905 e deri m\u00eb sot), si dhe filmat e xhiruar nga autor\u00eb t\u00eb huaj n\u00eb Maqedoni n\u00eb periudh\u00ebn deri n\u00eb Luft\u00ebn e Dyt\u00eb Bot\u00ebrore, ruhen n\u00eb nj\u00eb repart t\u00eb ve\u00e7ant\u00eb, n\u00eb depo me temperatur\u00eb t\u00eb kontrolluar nga 4 deri n\u00eb 6\u00b0C dhe lag\u00ebshti <span lang=\"MK\">50<\/span> % Ph. Materialet e mbetura filmike gjenden n\u00eb depo filmike n\u00eb zon\u00ebn e Shkupit.  <\/p><p class=\"m_-2997599477644775403ydpfbf2925cMsoNormal\">N\u00eb Kinematek\u00ebn e Maqedonis\u00eb funksionojn\u00eb 2 sektor\u00eb. Arkivi filmik ose Departamenti p\u00ebr grumbullimin, mbrojtjen, ruajtjen dhe p\u00ebrpunimin e filmave dhe materialeve filmike dhe dokumentacionit filmik shoq\u00ebrues, pastaj Departamenti p\u00ebr k\u00ebrkime, botime, veprimtari publike dhe nd\u00ebrkomb\u00ebtare, veprimtari bibliotekare dhe program filmik. <\/p><p class=\"m_-2997599477644775403ydpfbf2925cMsoNormal\">Kinoteka e Maqedonis\u00eb ka nj\u00eb fond prej mbi 15,000 kopjesh filmike, m\u00eb shum\u00eb se 72,000 materiale propagandistike, fotografi dhe postera, si dhe m\u00eb shum\u00eb se 100,000 dokumente t\u00eb shkruara. Kinemateka p\u00ebrfshin nj\u00eb bibliotek\u00eb t\u00eb specializuar me mbi 4,500 libra dhe revista mbi historin\u00eb dhe teorin\u00eb e filmit, si dhe 32,500 cop\u00ebza shtypi. Kinemaja ka gjithashtu nj\u00eb koleksion t\u00eb pajisjeve t\u00eb vjetra kinematografike.  <\/p><p class=\"m_-2997599477644775403ydpfbf2925cMsoNormal\">Kinemateka \u00ebsht\u00eb an\u00ebtare e Federat\u00ebs Nd\u00ebrkomb\u00ebtare t\u00eb Arkivave t\u00eb Filmit (FIAF), Shoqat\u00ebs Evropiane t\u00eb Kinematekave (ACE) dhe shoqat\u00ebs &#8220;Europa Cinemas&#8221;.<br><br> <br> <br><\/p>\t\t\t\t\t\t\t\t<\/div>\n\t\t\t\t<\/div>\n\t\t\t\t\t<\/div>\n\t\t\t\t<\/div>\n\t\t\t\t<\/div>\n\t\t\t\t<\/div>\n\t\t","protected":false},"excerpt":{"rendered":"<p>P\u00ebr ne Kinoteka e Maqedonis\u00eb M\u00eb 29 prill 1974 u botua Ligji p\u00ebr themelimin e Kinematek\u00ebs s\u00eb Maqedonis\u00eb. Zyrtarisht, Kinoteka filloi pun\u00ebn e saj n\u00eb vitin 1976, si nj\u00eb institucion me interes t\u00eb ve\u00e7ant\u00eb p\u00ebr Republik\u00ebn, me detyr\u00eb mbledhjen, p\u00ebrpunimin, ruajtjen, mbrojtjen dhe prezantimin e filmave dhe materialeve filmike me r\u00ebnd\u00ebsi t\u00eb ve\u00e7ant\u00eb artistike, kulturore, [&hellip;]<\/p>\n","protected":false},"author":7,"featured_media":0,"parent":0,"menu_order":0,"comment_status":"closed","ping_status":"closed","template":"","meta":{"_acf_changed":false,"footnotes":""},"class_list":["post-22522","page","type-page","status-publish","hentry"],"acf":[],"yoast_head":"<!-- This site is optimized with the Yoast SEO plugin v27.3 - https:\/\/yoast.com\/product\/yoast-seo-wordpress\/ -->\n<title>P\u00ebr ne - \u041a\u0438\u043d\u043e\u0442\u0435\u043a\u0430 \u043d\u0430 \u041c\u0430\u043a\u0435\u0434\u043e\u043d\u0438\u0458\u0430<\/title>\n<meta name=\"robots\" content=\"index, follow, max-snippet:-1, max-image-preview:large, max-video-preview:-1\" \/>\n<link rel=\"canonical\" href=\"https:\/\/staging.kinoteka.borkko.com\/sq\/per-ne\/\" \/>\n<meta property=\"og:locale\" content=\"sq_AL\" \/>\n<meta property=\"og:type\" content=\"article\" \/>\n<meta property=\"og:title\" content=\"P\u00ebr ne - \u041a\u0438\u043d\u043e\u0442\u0435\u043a\u0430 \u043d\u0430 \u041c\u0430\u043a\u0435\u0434\u043e\u043d\u0438\u0458\u0430\" \/>\n<meta property=\"og:description\" content=\"P\u00ebr ne Kinoteka e Maqedonis\u00eb M\u00eb 29 prill 1974 u botua Ligji p\u00ebr themelimin e Kinematek\u00ebs s\u00eb Maqedonis\u00eb. Zyrtarisht, Kinoteka filloi pun\u00ebn e saj n\u00eb vitin 1976, si nj\u00eb institucion me interes t\u00eb ve\u00e7ant\u00eb p\u00ebr Republik\u00ebn, me detyr\u00eb mbledhjen, p\u00ebrpunimin, ruajtjen, mbrojtjen dhe prezantimin e filmave dhe materialeve filmike me r\u00ebnd\u00ebsi t\u00eb ve\u00e7ant\u00eb artistike, kulturore, [&hellip;]\" \/>\n<meta property=\"og:url\" content=\"https:\/\/staging.kinoteka.borkko.com\/sq\/per-ne\/\" \/>\n<meta property=\"og:site_name\" content=\"\u041a\u0438\u043d\u043e\u0442\u0435\u043a\u0430 \u043d\u0430 \u041c\u0430\u043a\u0435\u0434\u043e\u043d\u0438\u0458\u0430\" \/>\n<meta property=\"article:publisher\" content=\"https:\/\/www.facebook.com\/KinotekaNaSevernaMakedonija\/\" \/>\n<meta property=\"article:modified_time\" content=\"2025-02-25T13:32:09+00:00\" \/>\n<meta name=\"twitter:card\" content=\"summary_large_image\" \/>\n<meta name=\"twitter:label1\" content=\"Est. reading time\" \/>\n\t<meta name=\"twitter:data1\" content=\"2 minutes\" \/>\n<script type=\"application\/ld+json\" class=\"yoast-schema-graph\">{\"@context\":\"https:\\\/\\\/schema.org\",\"@graph\":[{\"@type\":\"WebPage\",\"@id\":\"https:\\\/\\\/staging.kinoteka.borkko.com\\\/sq\\\/per-ne\\\/\",\"url\":\"https:\\\/\\\/staging.kinoteka.borkko.com\\\/sq\\\/per-ne\\\/\",\"name\":\"P\u00ebr ne - \u041a\u0438\u043d\u043e\u0442\u0435\u043a\u0430 \u043d\u0430 \u041c\u0430\u043a\u0435\u0434\u043e\u043d\u0438\u0458\u0430\",\"isPartOf\":{\"@id\":\"https:\\\/\\\/staging.kinoteka.borkko.com\\\/#website\"},\"datePublished\":\"2025-02-18T20:49:15+00:00\",\"dateModified\":\"2025-02-25T13:32:09+00:00\",\"breadcrumb\":{\"@id\":\"https:\\\/\\\/staging.kinoteka.borkko.com\\\/sq\\\/per-ne\\\/#breadcrumb\"},\"inLanguage\":\"sq-AL\",\"potentialAction\":[{\"@type\":\"ReadAction\",\"target\":[\"https:\\\/\\\/staging.kinoteka.borkko.com\\\/sq\\\/per-ne\\\/\"]}]},{\"@type\":\"BreadcrumbList\",\"@id\":\"https:\\\/\\\/staging.kinoteka.borkko.com\\\/sq\\\/per-ne\\\/#breadcrumb\",\"itemListElement\":[{\"@type\":\"ListItem\",\"position\":1,\"name\":\"Home\",\"item\":\"https:\\\/\\\/staging.kinoteka.borkko.com\\\/sq\\\/\"},{\"@type\":\"ListItem\",\"position\":2,\"name\":\"P\u00ebr ne\"}]},{\"@type\":\"WebSite\",\"@id\":\"https:\\\/\\\/staging.kinoteka.borkko.com\\\/#website\",\"url\":\"https:\\\/\\\/staging.kinoteka.borkko.com\\\/\",\"name\":\"\u041a\u0438\u043d\u043e\u0442\u0435\u043a\u0430 \u043d\u0430 \u041c\u0430\u043a\u0435\u0434\u043e\u043d\u0438\u0458\u0430\",\"description\":\"\u041e\u0444\u0438\u0446\u0438\u0458\u0430\u043b\u043d\u0438\u043e\u0442 \u0432\u0435\u0431 \u043f\u043e\u0440\u0442\u0430\u043b \u043d\u0430 \u041a\u0438\u043d\u043e\u0442\u0435\u043a\u0430 \u043d\u0430 \u041c\u0430\u043a\u0435\u0434\u043e\u043d\u0438\u0458\u0430\",\"publisher\":{\"@id\":\"https:\\\/\\\/staging.kinoteka.borkko.com\\\/#organization\"},\"potentialAction\":[{\"@type\":\"SearchAction\",\"target\":{\"@type\":\"EntryPoint\",\"urlTemplate\":\"https:\\\/\\\/staging.kinoteka.borkko.com\\\/?s={search_term_string}\"},\"query-input\":{\"@type\":\"PropertyValueSpecification\",\"valueRequired\":true,\"valueName\":\"search_term_string\"}}],\"inLanguage\":\"sq-AL\"},{\"@type\":\"Organization\",\"@id\":\"https:\\\/\\\/staging.kinoteka.borkko.com\\\/#organization\",\"name\":\"\u041a\u0438\u043d\u043e\u0442\u0435\u043a\u0430 \u043d\u0430 \u041c\u0430\u043a\u0435\u0434\u043e\u043d\u0438\u0458\u0430\",\"url\":\"https:\\\/\\\/staging.kinoteka.borkko.com\\\/\",\"logo\":{\"@type\":\"ImageObject\",\"inLanguage\":\"sq-AL\",\"@id\":\"https:\\\/\\\/staging.kinoteka.borkko.com\\\/#\\\/schema\\\/logo\\\/image\\\/\",\"url\":\"https:\\\/\\\/staging.kinoteka.borkko.com\\\/wp-content\\\/uploads\\\/2025\\\/01\\\/LOGO-KINOTEKA-50-01.png\",\"contentUrl\":\"https:\\\/\\\/staging.kinoteka.borkko.com\\\/wp-content\\\/uploads\\\/2025\\\/01\\\/LOGO-KINOTEKA-50-01.png\",\"width\":1124,\"height\":1124,\"caption\":\"\u041a\u0438\u043d\u043e\u0442\u0435\u043a\u0430 \u043d\u0430 \u041c\u0430\u043a\u0435\u0434\u043e\u043d\u0438\u0458\u0430\"},\"image\":{\"@id\":\"https:\\\/\\\/staging.kinoteka.borkko.com\\\/#\\\/schema\\\/logo\\\/image\\\/\"},\"sameAs\":[\"https:\\\/\\\/www.facebook.com\\\/KinotekaNaSevernaMakedonija\\\/\",\"https:\\\/\\\/www.instagram.com\\\/kinoteka.mk\\\/\"]}]}<\/script>\n<!-- \/ Yoast SEO plugin. -->","yoast_head_json":{"title":"P\u00ebr ne - \u041a\u0438\u043d\u043e\u0442\u0435\u043a\u0430 \u043d\u0430 \u041c\u0430\u043a\u0435\u0434\u043e\u043d\u0438\u0458\u0430","robots":{"index":"index","follow":"follow","max-snippet":"max-snippet:-1","max-image-preview":"max-image-preview:large","max-video-preview":"max-video-preview:-1"},"canonical":"https:\/\/staging.kinoteka.borkko.com\/sq\/per-ne\/","og_locale":"sq_AL","og_type":"article","og_title":"P\u00ebr ne - \u041a\u0438\u043d\u043e\u0442\u0435\u043a\u0430 \u043d\u0430 \u041c\u0430\u043a\u0435\u0434\u043e\u043d\u0438\u0458\u0430","og_description":"P\u00ebr ne Kinoteka e Maqedonis\u00eb M\u00eb 29 prill 1974 u botua Ligji p\u00ebr themelimin e Kinematek\u00ebs s\u00eb Maqedonis\u00eb. Zyrtarisht, Kinoteka filloi pun\u00ebn e saj n\u00eb vitin 1976, si nj\u00eb institucion me interes t\u00eb ve\u00e7ant\u00eb p\u00ebr Republik\u00ebn, me detyr\u00eb mbledhjen, p\u00ebrpunimin, ruajtjen, mbrojtjen dhe prezantimin e filmave dhe materialeve filmike me r\u00ebnd\u00ebsi t\u00eb ve\u00e7ant\u00eb artistike, kulturore, [&hellip;]","og_url":"https:\/\/staging.kinoteka.borkko.com\/sq\/per-ne\/","og_site_name":"\u041a\u0438\u043d\u043e\u0442\u0435\u043a\u0430 \u043d\u0430 \u041c\u0430\u043a\u0435\u0434\u043e\u043d\u0438\u0458\u0430","article_publisher":"https:\/\/www.facebook.com\/KinotekaNaSevernaMakedonija\/","article_modified_time":"2025-02-25T13:32:09+00:00","twitter_card":"summary_large_image","twitter_misc":{"Est. reading time":"2 minutes"},"schema":{"@context":"https:\/\/schema.org","@graph":[{"@type":"WebPage","@id":"https:\/\/staging.kinoteka.borkko.com\/sq\/per-ne\/","url":"https:\/\/staging.kinoteka.borkko.com\/sq\/per-ne\/","name":"P\u00ebr ne - \u041a\u0438\u043d\u043e\u0442\u0435\u043a\u0430 \u043d\u0430 \u041c\u0430\u043a\u0435\u0434\u043e\u043d\u0438\u0458\u0430","isPartOf":{"@id":"https:\/\/staging.kinoteka.borkko.com\/#website"},"datePublished":"2025-02-18T20:49:15+00:00","dateModified":"2025-02-25T13:32:09+00:00","breadcrumb":{"@id":"https:\/\/staging.kinoteka.borkko.com\/sq\/per-ne\/#breadcrumb"},"inLanguage":"sq-AL","potentialAction":[{"@type":"ReadAction","target":["https:\/\/staging.kinoteka.borkko.com\/sq\/per-ne\/"]}]},{"@type":"BreadcrumbList","@id":"https:\/\/staging.kinoteka.borkko.com\/sq\/per-ne\/#breadcrumb","itemListElement":[{"@type":"ListItem","position":1,"name":"Home","item":"https:\/\/staging.kinoteka.borkko.com\/sq\/"},{"@type":"ListItem","position":2,"name":"P\u00ebr ne"}]},{"@type":"WebSite","@id":"https:\/\/staging.kinoteka.borkko.com\/#website","url":"https:\/\/staging.kinoteka.borkko.com\/","name":"\u041a\u0438\u043d\u043e\u0442\u0435\u043a\u0430 \u043d\u0430 \u041c\u0430\u043a\u0435\u0434\u043e\u043d\u0438\u0458\u0430","description":"\u041e\u0444\u0438\u0446\u0438\u0458\u0430\u043b\u043d\u0438\u043e\u0442 \u0432\u0435\u0431 \u043f\u043e\u0440\u0442\u0430\u043b \u043d\u0430 \u041a\u0438\u043d\u043e\u0442\u0435\u043a\u0430 \u043d\u0430 \u041c\u0430\u043a\u0435\u0434\u043e\u043d\u0438\u0458\u0430","publisher":{"@id":"https:\/\/staging.kinoteka.borkko.com\/#organization"},"potentialAction":[{"@type":"SearchAction","target":{"@type":"EntryPoint","urlTemplate":"https:\/\/staging.kinoteka.borkko.com\/?s={search_term_string}"},"query-input":{"@type":"PropertyValueSpecification","valueRequired":true,"valueName":"search_term_string"}}],"inLanguage":"sq-AL"},{"@type":"Organization","@id":"https:\/\/staging.kinoteka.borkko.com\/#organization","name":"\u041a\u0438\u043d\u043e\u0442\u0435\u043a\u0430 \u043d\u0430 \u041c\u0430\u043a\u0435\u0434\u043e\u043d\u0438\u0458\u0430","url":"https:\/\/staging.kinoteka.borkko.com\/","logo":{"@type":"ImageObject","inLanguage":"sq-AL","@id":"https:\/\/staging.kinoteka.borkko.com\/#\/schema\/logo\/image\/","url":"https:\/\/staging.kinoteka.borkko.com\/wp-content\/uploads\/2025\/01\/LOGO-KINOTEKA-50-01.png","contentUrl":"https:\/\/staging.kinoteka.borkko.com\/wp-content\/uploads\/2025\/01\/LOGO-KINOTEKA-50-01.png","width":1124,"height":1124,"caption":"\u041a\u0438\u043d\u043e\u0442\u0435\u043a\u0430 \u043d\u0430 \u041c\u0430\u043a\u0435\u0434\u043e\u043d\u0438\u0458\u0430"},"image":{"@id":"https:\/\/staging.kinoteka.borkko.com\/#\/schema\/logo\/image\/"},"sameAs":["https:\/\/www.facebook.com\/KinotekaNaSevernaMakedonija\/","https:\/\/www.instagram.com\/kinoteka.mk\/"]}]}},"_links":{"self":[{"href":"https:\/\/staging.kinoteka.borkko.com\/sq\/wp-json\/wp\/v2\/pages\/22522","targetHints":{"allow":["GET"]}}],"collection":[{"href":"https:\/\/staging.kinoteka.borkko.com\/sq\/wp-json\/wp\/v2\/pages"}],"about":[{"href":"https:\/\/staging.kinoteka.borkko.com\/sq\/wp-json\/wp\/v2\/types\/page"}],"author":[{"embeddable":true,"href":"https:\/\/staging.kinoteka.borkko.com\/sq\/wp-json\/wp\/v2\/users\/7"}],"replies":[{"embeddable":true,"href":"https:\/\/staging.kinoteka.borkko.com\/sq\/wp-json\/wp\/v2\/comments?post=22522"}],"version-history":[{"count":0,"href":"https:\/\/staging.kinoteka.borkko.com\/sq\/wp-json\/wp\/v2\/pages\/22522\/revisions"}],"wp:attachment":[{"href":"https:\/\/staging.kinoteka.borkko.com\/sq\/wp-json\/wp\/v2\/media?parent=22522"}],"curies":[{"name":"wp","href":"https:\/\/api.w.org\/{rel}","templated":true}]}}