{"id":22545,"date":"2025-02-18T22:33:40","date_gmt":"2025-02-18T21:33:40","guid":{"rendered":"https:\/\/staging.kinoteka.borkko.com\/hulumtimi\/"},"modified":"2025-02-25T14:01:50","modified_gmt":"2025-02-25T13:01:50","slug":"hulumtimi","status":"publish","type":"page","link":"https:\/\/staging.kinoteka.borkko.com\/sq\/hulumtimi\/","title":{"rendered":"Hulumtimi"},"content":{"rendered":"\t\t<div data-elementor-type=\"wp-page\" data-elementor-id=\"22545\" class=\"elementor elementor-22545 elementor-20772\" data-elementor-post-type=\"page\">\n\t\t\t\t<div class=\"elementor-element elementor-element-5b77330 e-con-full animated-slow ken-burns e-flex elementor-invisible e-con e-parent\" data-id=\"5b77330\" data-element_type=\"container\" data-e-type=\"container\" data-settings=\"{&quot;background_background&quot;:&quot;classic&quot;,&quot;background_motion_fx_translateY_effect&quot;:&quot;yes&quot;,&quot;background_motion_fx_translateY_direction&quot;:&quot;negative&quot;,&quot;background_motion_fx_translateY_speed&quot;:{&quot;unit&quot;:&quot;px&quot;,&quot;size&quot;:10,&quot;sizes&quot;:[]},&quot;background_motion_fx_translateY_affectedRange&quot;:{&quot;unit&quot;:&quot;%&quot;,&quot;size&quot;:&quot;&quot;,&quot;sizes&quot;:{&quot;start&quot;:0,&quot;end&quot;:81}},&quot;animation&quot;:&quot;fadeIn&quot;,&quot;animation_delay&quot;:1.5,&quot;background_motion_fx_range&quot;:&quot;page&quot;,&quot;background_motion_fx_motion_fx_scrolling&quot;:&quot;yes&quot;,&quot;background_motion_fx_devices&quot;:[&quot;desktop&quot;,&quot;tablet&quot;,&quot;mobile&quot;]}\">\n\t\t\t\t<div class=\"elementor-element elementor-element-10e6f66 elementor-widget elementor-widget-heading\" data-id=\"10e6f66\" data-element_type=\"widget\" data-e-type=\"widget\" data-widget_type=\"heading.default\">\n\t\t\t\t<div class=\"elementor-widget-container\">\n\t\t\t\t\t<h2 class=\"elementor-heading-title elementor-size-default\">Hulumtimi<\/h2>\t\t\t\t<\/div>\n\t\t\t\t<\/div>\n\t\t\t\t<\/div>\n\t\t<div class=\"elementor-element elementor-element-8b72cf9 e-flex e-con-boxed e-con e-parent\" data-id=\"8b72cf9\" data-element_type=\"container\" data-e-type=\"container\">\n\t\t\t\t\t<div class=\"e-con-inner\">\n\t\t\t\t<div class=\"elementor-element elementor-element-b04f6cd elementor-widget elementor-widget-text-editor\" data-id=\"b04f6cd\" data-element_type=\"widget\" data-e-type=\"widget\" data-widget_type=\"text-editor.default\">\n\t\t\t\t<div class=\"elementor-widget-container\">\n\t\t\t\t\t\t\t\t\t<p class=\"p3\"><span class=\"s1\">Kinoteka e Republik\u00ebs s\u00eb Maqedonis\u00eb s\u00eb Veriut p\u00ebrmes projekteve t\u00eb saj k\u00ebrkimore deri m\u00eb tani ka arritur t\u00eb mbledh\u00eb nj\u00eb sasi t\u00eb madhe t\u00eb dh\u00ebnash p\u00ebr shfaqjen dhe zhvillimin e kinematografis\u00eb maqedonase. P\u00ebr m\u00eb tep\u00ebr, p\u00ebrmes projekteve t\u00eb tilla Kinoteka ka grumbulluar materiale t\u00eb r\u00ebnd\u00ebsishme empirike, dokumente dhe filma q\u00eb jan\u00eb xhiruar n\u00eb Maqedoni ose i referohen Maqedonis\u00eb n\u00eb periudh\u00ebn deri n\u00eb fund t\u00eb Luft\u00ebs s\u00eb Dyt\u00eb Bot\u00ebrore. <\/span><\/p><p class=\"p3\"><span class=\"s1\">Ky lloj i projekteve k\u00ebrkimore mund t\u00eb ndahet n\u00eb dy grupe: nj\u00ebri \u00ebsht\u00eb organizimi i simpoziumeve vendase dhe nd\u00ebrkomb\u00ebtare (nga t\u00eb cilat m\u00eb pas botohen p\u00ebrmbledhjet e punimeve), dhe i dyti jan\u00eb q\u00ebndrimet k\u00ebrkimore n\u00eb institucione dhe arkiva p\u00ebrkat\u00ebse n\u00eb vend dhe n\u00eb bot\u00eb. N\u00eb grupin e par\u00eb, t\u00eb ashtuquajturat simpoziumet vendase &#8220;Fillimet dhe faza e par\u00eb e kinematografis\u00eb maqedonase t\u00eb pasluft\u00ebs&#8221; dhe &#8220;Fillimi i dyt\u00eb i filmit maqedonas&#8221; (hulumtimi nd\u00ebrdisiplinor dhe ekipor i produksionit artistik maqedonas p\u00ebrmes simpoziumeve t\u00eb organizuara), si dhe ato nd\u00ebrkomb\u00ebtare: &#8220;Kinematografit\u00eb e kombeve t\u00eb vogla&#8221;, &#8220;Refugjat\u00ebt dhe filmi&#8221; dhe &#8220;Filmi n\u00eb kontekstin kulturor ballkanik&#8221;. <\/span><\/p><p class=\"p3\"><span class=\"s1\">N\u00eb grupin e dyt\u00eb, hulumtimi p\u00ebr zhvillimin e kinematografis\u00eb riprodhuese n\u00eb periudh\u00ebn 1897-1947, veprimtaria e Institutit t\u00eb Higjien\u00ebs nga Shkupi dhe kameramanit t\u00eb tij Stevan Mishkoviq nd\u00ebrmjet dy luft\u00ebrave bot\u00ebrore, si dhe k\u00ebrkimet n\u00eb arkivat e filmit n\u00eb Sofje, Beogradi, Zagrebi, Bukureshti, Budapesti, Roma, Vjena, Parisi, Londra, Koblenci, nga ku jan\u00eb marr\u00eb filma dhe dokumentacion interesant p\u00ebr Maqedonin\u00eb, t\u00eb regjistruara nga kineast\u00ebt e huaj, deri n\u00eb fund t\u00eb Luft\u00ebs s\u00eb Dyt\u00eb Bot\u00ebrore.<\/span><\/p><p class=\"p3\"><span class=\"s1\">P\u00ebrve\u00e7 k\u00ebsaj, Kinoteka e Maqedonis\u00eb \u00e7do vit nd\u00ebrmerr edhe projekte k\u00ebrkimore afatshkurtra dhe afatgjata. Nd\u00ebr hulumtimet e tjera afatshkurt\u00ebra jan\u00eb bisedat\/kujtimet e regjistruara dhe grumbullimi i materialit kujtimor, nga doajen\u00ebt e kinematografis\u00eb maqedonase, duke p\u00ebrfshir\u00eb Traj\u00e7e Popov, Blagoja Drnkov, Ko\u00e7o Nedkov, Kiro Bilbilovski, Misho Samoilovski, Branko Mihajlovski, Gligor Pakovski, Ilija Milchin, Nikola Lazarevski, Vojne Petkovski, Nada Geshovska, Meri Boshkova, Dragomir Felba, Kole St. <\/span><\/p><p class=\"p3\"><span class=\"s1\">Nd\u00ebr projektet k\u00ebrkimore afatgjata, sipas r\u00ebnd\u00ebsis\u00eb s\u00eb tyre, ve\u00e7ohen: &#8220;Bibliografia filmologjike&#8221;, e cila duhet t\u00eb p\u00ebrfshij\u00eb nj\u00ebsi bibliografike p\u00ebr filmin nga gazetat dhe periodik\u00ebt nga viti 1897 deri n\u00eb vitin 1944, &#8220;Metamorfozat dhe ve\u00e7orit\u00eb stilistike t\u00eb filmit artistik maqedonas&#8221;, &#8220;Historia e fotografis\u00eb n\u00eb Maqedoni&#8221;, &#8220;Filmi amator n\u00eb Maqedoni&#8221;. Maqedonia\u201d dhe \u201cKinematografia riprodhuese n\u00eb Maqedoni (1897-1947).<\/span><\/p><p class=\"p3\"><span class=\"s1\">Nj\u00eb num\u00ebr i madh punimesh q\u00eb jan\u00eb rezultat i hulumtimeve t\u00eb kryera n\u00eb Kinematek\u00eb, shfaqen n\u00eb revist\u00ebn <i>Kinopis <\/i>t\u00eb botuar nga Kinemateka.<\/span><\/p>\t\t\t\t\t\t\t\t<\/div>\n\t\t\t\t<\/div>\n\t\t\t\t\t<\/div>\n\t\t\t\t<\/div>\n\t\t\t\t<\/div>\n\t\t","protected":false},"excerpt":{"rendered":"<p>Hulumtimi Kinoteka e Republik\u00ebs s\u00eb Maqedonis\u00eb s\u00eb Veriut p\u00ebrmes projekteve t\u00eb saj k\u00ebrkimore deri m\u00eb tani ka arritur t\u00eb mbledh\u00eb nj\u00eb sasi t\u00eb madhe t\u00eb dh\u00ebnash p\u00ebr shfaqjen dhe zhvillimin e kinematografis\u00eb maqedonase. P\u00ebr m\u00eb tep\u00ebr, p\u00ebrmes projekteve t\u00eb tilla Kinoteka ka grumbulluar materiale t\u00eb r\u00ebnd\u00ebsishme empirike, dokumente dhe filma q\u00eb jan\u00eb xhiruar n\u00eb Maqedoni [&hellip;]<\/p>\n","protected":false},"author":7,"featured_media":0,"parent":0,"menu_order":0,"comment_status":"closed","ping_status":"closed","template":"","meta":{"_acf_changed":false,"footnotes":""},"class_list":["post-22545","page","type-page","status-publish","hentry"],"acf":[],"yoast_head":"<!-- This site is optimized with the Yoast SEO plugin v27.3 - https:\/\/yoast.com\/product\/yoast-seo-wordpress\/ -->\n<title>Hulumtimi - \u041a\u0438\u043d\u043e\u0442\u0435\u043a\u0430 \u043d\u0430 \u041c\u0430\u043a\u0435\u0434\u043e\u043d\u0438\u0458\u0430<\/title>\n<meta name=\"robots\" content=\"index, follow, max-snippet:-1, max-image-preview:large, max-video-preview:-1\" \/>\n<link rel=\"canonical\" href=\"https:\/\/staging.kinoteka.borkko.com\/sq\/hulumtimi\/\" \/>\n<meta property=\"og:locale\" content=\"sq_AL\" \/>\n<meta property=\"og:type\" content=\"article\" \/>\n<meta property=\"og:title\" content=\"Hulumtimi - \u041a\u0438\u043d\u043e\u0442\u0435\u043a\u0430 \u043d\u0430 \u041c\u0430\u043a\u0435\u0434\u043e\u043d\u0438\u0458\u0430\" \/>\n<meta property=\"og:description\" content=\"Hulumtimi Kinoteka e Republik\u00ebs s\u00eb Maqedonis\u00eb s\u00eb Veriut p\u00ebrmes projekteve t\u00eb saj k\u00ebrkimore deri m\u00eb tani ka arritur t\u00eb mbledh\u00eb nj\u00eb sasi t\u00eb madhe t\u00eb dh\u00ebnash p\u00ebr shfaqjen dhe zhvillimin e kinematografis\u00eb maqedonase. P\u00ebr m\u00eb tep\u00ebr, p\u00ebrmes projekteve t\u00eb tilla Kinoteka ka grumbulluar materiale t\u00eb r\u00ebnd\u00ebsishme empirike, dokumente dhe filma q\u00eb jan\u00eb xhiruar n\u00eb Maqedoni [&hellip;]\" \/>\n<meta property=\"og:url\" content=\"https:\/\/staging.kinoteka.borkko.com\/sq\/hulumtimi\/\" \/>\n<meta property=\"og:site_name\" content=\"\u041a\u0438\u043d\u043e\u0442\u0435\u043a\u0430 \u043d\u0430 \u041c\u0430\u043a\u0435\u0434\u043e\u043d\u0438\u0458\u0430\" \/>\n<meta property=\"article:publisher\" content=\"https:\/\/www.facebook.com\/KinotekaNaSevernaMakedonija\/\" \/>\n<meta property=\"article:modified_time\" content=\"2025-02-25T13:01:50+00:00\" \/>\n<meta name=\"twitter:card\" content=\"summary_large_image\" \/>\n<meta name=\"twitter:label1\" content=\"Est. reading time\" \/>\n\t<meta name=\"twitter:data1\" content=\"2 minutes\" \/>\n<script type=\"application\/ld+json\" class=\"yoast-schema-graph\">{\"@context\":\"https:\\\/\\\/schema.org\",\"@graph\":[{\"@type\":\"WebPage\",\"@id\":\"https:\\\/\\\/staging.kinoteka.borkko.com\\\/sq\\\/hulumtimi\\\/\",\"url\":\"https:\\\/\\\/staging.kinoteka.borkko.com\\\/sq\\\/hulumtimi\\\/\",\"name\":\"Hulumtimi - \u041a\u0438\u043d\u043e\u0442\u0435\u043a\u0430 \u043d\u0430 \u041c\u0430\u043a\u0435\u0434\u043e\u043d\u0438\u0458\u0430\",\"isPartOf\":{\"@id\":\"https:\\\/\\\/staging.kinoteka.borkko.com\\\/#website\"},\"datePublished\":\"2025-02-18T21:33:40+00:00\",\"dateModified\":\"2025-02-25T13:01:50+00:00\",\"breadcrumb\":{\"@id\":\"https:\\\/\\\/staging.kinoteka.borkko.com\\\/sq\\\/hulumtimi\\\/#breadcrumb\"},\"inLanguage\":\"sq-AL\",\"potentialAction\":[{\"@type\":\"ReadAction\",\"target\":[\"https:\\\/\\\/staging.kinoteka.borkko.com\\\/sq\\\/hulumtimi\\\/\"]}]},{\"@type\":\"BreadcrumbList\",\"@id\":\"https:\\\/\\\/staging.kinoteka.borkko.com\\\/sq\\\/hulumtimi\\\/#breadcrumb\",\"itemListElement\":[{\"@type\":\"ListItem\",\"position\":1,\"name\":\"Home\",\"item\":\"https:\\\/\\\/staging.kinoteka.borkko.com\\\/sq\\\/\"},{\"@type\":\"ListItem\",\"position\":2,\"name\":\"Hulumtimi\"}]},{\"@type\":\"WebSite\",\"@id\":\"https:\\\/\\\/staging.kinoteka.borkko.com\\\/#website\",\"url\":\"https:\\\/\\\/staging.kinoteka.borkko.com\\\/\",\"name\":\"\u041a\u0438\u043d\u043e\u0442\u0435\u043a\u0430 \u043d\u0430 \u041c\u0430\u043a\u0435\u0434\u043e\u043d\u0438\u0458\u0430\",\"description\":\"\u041e\u0444\u0438\u0446\u0438\u0458\u0430\u043b\u043d\u0438\u043e\u0442 \u0432\u0435\u0431 \u043f\u043e\u0440\u0442\u0430\u043b \u043d\u0430 \u041a\u0438\u043d\u043e\u0442\u0435\u043a\u0430 \u043d\u0430 \u041c\u0430\u043a\u0435\u0434\u043e\u043d\u0438\u0458\u0430\",\"publisher\":{\"@id\":\"https:\\\/\\\/staging.kinoteka.borkko.com\\\/#organization\"},\"potentialAction\":[{\"@type\":\"SearchAction\",\"target\":{\"@type\":\"EntryPoint\",\"urlTemplate\":\"https:\\\/\\\/staging.kinoteka.borkko.com\\\/?s={search_term_string}\"},\"query-input\":{\"@type\":\"PropertyValueSpecification\",\"valueRequired\":true,\"valueName\":\"search_term_string\"}}],\"inLanguage\":\"sq-AL\"},{\"@type\":\"Organization\",\"@id\":\"https:\\\/\\\/staging.kinoteka.borkko.com\\\/#organization\",\"name\":\"\u041a\u0438\u043d\u043e\u0442\u0435\u043a\u0430 \u043d\u0430 \u041c\u0430\u043a\u0435\u0434\u043e\u043d\u0438\u0458\u0430\",\"url\":\"https:\\\/\\\/staging.kinoteka.borkko.com\\\/\",\"logo\":{\"@type\":\"ImageObject\",\"inLanguage\":\"sq-AL\",\"@id\":\"https:\\\/\\\/staging.kinoteka.borkko.com\\\/#\\\/schema\\\/logo\\\/image\\\/\",\"url\":\"https:\\\/\\\/staging.kinoteka.borkko.com\\\/wp-content\\\/uploads\\\/2025\\\/01\\\/LOGO-KINOTEKA-50-01.png\",\"contentUrl\":\"https:\\\/\\\/staging.kinoteka.borkko.com\\\/wp-content\\\/uploads\\\/2025\\\/01\\\/LOGO-KINOTEKA-50-01.png\",\"width\":1124,\"height\":1124,\"caption\":\"\u041a\u0438\u043d\u043e\u0442\u0435\u043a\u0430 \u043d\u0430 \u041c\u0430\u043a\u0435\u0434\u043e\u043d\u0438\u0458\u0430\"},\"image\":{\"@id\":\"https:\\\/\\\/staging.kinoteka.borkko.com\\\/#\\\/schema\\\/logo\\\/image\\\/\"},\"sameAs\":[\"https:\\\/\\\/www.facebook.com\\\/KinotekaNaSevernaMakedonija\\\/\",\"https:\\\/\\\/www.instagram.com\\\/kinoteka.mk\\\/\"]}]}<\/script>\n<!-- \/ Yoast SEO plugin. -->","yoast_head_json":{"title":"Hulumtimi - \u041a\u0438\u043d\u043e\u0442\u0435\u043a\u0430 \u043d\u0430 \u041c\u0430\u043a\u0435\u0434\u043e\u043d\u0438\u0458\u0430","robots":{"index":"index","follow":"follow","max-snippet":"max-snippet:-1","max-image-preview":"max-image-preview:large","max-video-preview":"max-video-preview:-1"},"canonical":"https:\/\/staging.kinoteka.borkko.com\/sq\/hulumtimi\/","og_locale":"sq_AL","og_type":"article","og_title":"Hulumtimi - \u041a\u0438\u043d\u043e\u0442\u0435\u043a\u0430 \u043d\u0430 \u041c\u0430\u043a\u0435\u0434\u043e\u043d\u0438\u0458\u0430","og_description":"Hulumtimi Kinoteka e Republik\u00ebs s\u00eb Maqedonis\u00eb s\u00eb Veriut p\u00ebrmes projekteve t\u00eb saj k\u00ebrkimore deri m\u00eb tani ka arritur t\u00eb mbledh\u00eb nj\u00eb sasi t\u00eb madhe t\u00eb dh\u00ebnash p\u00ebr shfaqjen dhe zhvillimin e kinematografis\u00eb maqedonase. P\u00ebr m\u00eb tep\u00ebr, p\u00ebrmes projekteve t\u00eb tilla Kinoteka ka grumbulluar materiale t\u00eb r\u00ebnd\u00ebsishme empirike, dokumente dhe filma q\u00eb jan\u00eb xhiruar n\u00eb Maqedoni [&hellip;]","og_url":"https:\/\/staging.kinoteka.borkko.com\/sq\/hulumtimi\/","og_site_name":"\u041a\u0438\u043d\u043e\u0442\u0435\u043a\u0430 \u043d\u0430 \u041c\u0430\u043a\u0435\u0434\u043e\u043d\u0438\u0458\u0430","article_publisher":"https:\/\/www.facebook.com\/KinotekaNaSevernaMakedonija\/","article_modified_time":"2025-02-25T13:01:50+00:00","twitter_card":"summary_large_image","twitter_misc":{"Est. reading time":"2 minutes"},"schema":{"@context":"https:\/\/schema.org","@graph":[{"@type":"WebPage","@id":"https:\/\/staging.kinoteka.borkko.com\/sq\/hulumtimi\/","url":"https:\/\/staging.kinoteka.borkko.com\/sq\/hulumtimi\/","name":"Hulumtimi - \u041a\u0438\u043d\u043e\u0442\u0435\u043a\u0430 \u043d\u0430 \u041c\u0430\u043a\u0435\u0434\u043e\u043d\u0438\u0458\u0430","isPartOf":{"@id":"https:\/\/staging.kinoteka.borkko.com\/#website"},"datePublished":"2025-02-18T21:33:40+00:00","dateModified":"2025-02-25T13:01:50+00:00","breadcrumb":{"@id":"https:\/\/staging.kinoteka.borkko.com\/sq\/hulumtimi\/#breadcrumb"},"inLanguage":"sq-AL","potentialAction":[{"@type":"ReadAction","target":["https:\/\/staging.kinoteka.borkko.com\/sq\/hulumtimi\/"]}]},{"@type":"BreadcrumbList","@id":"https:\/\/staging.kinoteka.borkko.com\/sq\/hulumtimi\/#breadcrumb","itemListElement":[{"@type":"ListItem","position":1,"name":"Home","item":"https:\/\/staging.kinoteka.borkko.com\/sq\/"},{"@type":"ListItem","position":2,"name":"Hulumtimi"}]},{"@type":"WebSite","@id":"https:\/\/staging.kinoteka.borkko.com\/#website","url":"https:\/\/staging.kinoteka.borkko.com\/","name":"\u041a\u0438\u043d\u043e\u0442\u0435\u043a\u0430 \u043d\u0430 \u041c\u0430\u043a\u0435\u0434\u043e\u043d\u0438\u0458\u0430","description":"\u041e\u0444\u0438\u0446\u0438\u0458\u0430\u043b\u043d\u0438\u043e\u0442 \u0432\u0435\u0431 \u043f\u043e\u0440\u0442\u0430\u043b \u043d\u0430 \u041a\u0438\u043d\u043e\u0442\u0435\u043a\u0430 \u043d\u0430 \u041c\u0430\u043a\u0435\u0434\u043e\u043d\u0438\u0458\u0430","publisher":{"@id":"https:\/\/staging.kinoteka.borkko.com\/#organization"},"potentialAction":[{"@type":"SearchAction","target":{"@type":"EntryPoint","urlTemplate":"https:\/\/staging.kinoteka.borkko.com\/?s={search_term_string}"},"query-input":{"@type":"PropertyValueSpecification","valueRequired":true,"valueName":"search_term_string"}}],"inLanguage":"sq-AL"},{"@type":"Organization","@id":"https:\/\/staging.kinoteka.borkko.com\/#organization","name":"\u041a\u0438\u043d\u043e\u0442\u0435\u043a\u0430 \u043d\u0430 \u041c\u0430\u043a\u0435\u0434\u043e\u043d\u0438\u0458\u0430","url":"https:\/\/staging.kinoteka.borkko.com\/","logo":{"@type":"ImageObject","inLanguage":"sq-AL","@id":"https:\/\/staging.kinoteka.borkko.com\/#\/schema\/logo\/image\/","url":"https:\/\/staging.kinoteka.borkko.com\/wp-content\/uploads\/2025\/01\/LOGO-KINOTEKA-50-01.png","contentUrl":"https:\/\/staging.kinoteka.borkko.com\/wp-content\/uploads\/2025\/01\/LOGO-KINOTEKA-50-01.png","width":1124,"height":1124,"caption":"\u041a\u0438\u043d\u043e\u0442\u0435\u043a\u0430 \u043d\u0430 \u041c\u0430\u043a\u0435\u0434\u043e\u043d\u0438\u0458\u0430"},"image":{"@id":"https:\/\/staging.kinoteka.borkko.com\/#\/schema\/logo\/image\/"},"sameAs":["https:\/\/www.facebook.com\/KinotekaNaSevernaMakedonija\/","https:\/\/www.instagram.com\/kinoteka.mk\/"]}]}},"_links":{"self":[{"href":"https:\/\/staging.kinoteka.borkko.com\/sq\/wp-json\/wp\/v2\/pages\/22545","targetHints":{"allow":["GET"]}}],"collection":[{"href":"https:\/\/staging.kinoteka.borkko.com\/sq\/wp-json\/wp\/v2\/pages"}],"about":[{"href":"https:\/\/staging.kinoteka.borkko.com\/sq\/wp-json\/wp\/v2\/types\/page"}],"author":[{"embeddable":true,"href":"https:\/\/staging.kinoteka.borkko.com\/sq\/wp-json\/wp\/v2\/users\/7"}],"replies":[{"embeddable":true,"href":"https:\/\/staging.kinoteka.borkko.com\/sq\/wp-json\/wp\/v2\/comments?post=22545"}],"version-history":[{"count":0,"href":"https:\/\/staging.kinoteka.borkko.com\/sq\/wp-json\/wp\/v2\/pages\/22545\/revisions"}],"wp:attachment":[{"href":"https:\/\/staging.kinoteka.borkko.com\/sq\/wp-json\/wp\/v2\/media?parent=22545"}],"curies":[{"name":"wp","href":"https:\/\/api.w.org\/{rel}","templated":true}]}}