{"id":22548,"date":"2025-02-18T22:37:12","date_gmt":"2025-02-18T21:37:12","guid":{"rendered":"https:\/\/staging.kinoteka.borkko.com\/historiku-2\/"},"modified":"2025-02-25T14:01:41","modified_gmt":"2025-02-25T13:01:41","slug":"historiku-2","status":"publish","type":"page","link":"https:\/\/staging.kinoteka.borkko.com\/sq\/historiku-2\/","title":{"rendered":"Historiku"},"content":{"rendered":"\t\t<div data-elementor-type=\"wp-page\" data-elementor-id=\"22548\" class=\"elementor elementor-22548 elementor-20766\" data-elementor-post-type=\"page\">\n\t\t\t\t<div class=\"elementor-element elementor-element-99aac63 e-con-full animated-slow e-flex elementor-invisible e-con e-parent\" data-id=\"99aac63\" data-element_type=\"container\" data-e-type=\"container\" data-settings=\"{&quot;background_background&quot;:&quot;gradient&quot;,&quot;animation&quot;:&quot;fadeIn&quot;,&quot;animation_delay&quot;:0.3}\">\n\t\t\t\t<div class=\"elementor-element elementor-element-f367209 elementor-widget elementor-widget-heading\" data-id=\"f367209\" data-element_type=\"widget\" data-e-type=\"widget\" data-widget_type=\"heading.default\">\n\t\t\t\t<div class=\"elementor-widget-container\">\n\t\t\t\t\t<h2 class=\"elementor-heading-title elementor-size-default\">Historiku<\/h2>\t\t\t\t<\/div>\n\t\t\t\t<\/div>\n\t\t\t\t<\/div>\n\t\t<div class=\"elementor-element elementor-element-6701ff3 e-flex e-con-boxed e-con e-parent\" data-id=\"6701ff3\" data-element_type=\"container\" data-e-type=\"container\">\n\t\t\t\t\t<div class=\"e-con-inner\">\n\t\t\t\t<div class=\"elementor-element elementor-element-72ac7a3 elementor-widget elementor-widget-text-editor\" data-id=\"72ac7a3\" data-element_type=\"widget\" data-e-type=\"widget\" data-widget_type=\"text-editor.default\">\n\t\t\t\t<div class=\"elementor-widget-container\">\n\t\t\t\t\t\t\t\t\t<p class=\"p1\"><span class=\"s1\">Kinoteka e Republik\u00ebs s\u00eb Maqedonis\u00eb s\u00eb Veriut \u00ebsht\u00eb nj\u00eb arkiv komb\u00ebtar i filmit i themeluar me ligj n\u00eb vitin 1974 si Kinoteka e Maqedonis\u00eb dhe merret me mbledhjen, ruajtjen, mbrojtjen, p\u00ebrpunimin, hulumtimin dhe prezantimin e filmave dhe materialeve filmike me r\u00ebnd\u00ebsi t\u00eb ve\u00e7ant\u00eb artistike, kulturore, shkencore, historike dhe t\u00eb tjera, ve\u00e7an\u00ebrisht t\u00eb trash\u00ebgimis\u00eb komb\u00ebtare filmike. P\u00ebrve\u00e7 k\u00ebsaj, Kinoteka grumbullon edhe filma dhe materiale filmike n\u00eb lidhje me Maqedonin\u00eb q\u00eb jan\u00eb xhiruar nga kineast\u00ebt e huaj, si dhe filma nga prodhimi bot\u00ebror. <\/span><\/p><p class=\"p1\"><span class=\"s1\">K\u00ebshilli ekzekutiv i Kuvendit t\u00eb Republik\u00ebs Socialiste t\u00eb Maqedonis\u00eb, m\u00eb 25 mars t\u00eb vitit 1976, e em\u00ebron pun\u00ebtorin e filmit nga Shkupi, Atanas Aco Petrovskin, p\u00ebr drejtor t\u00eb Kinotek\u00ebs.<\/span><\/p><p class=\"p1\"><span class=\"s1\">N\u00eb Kinematek\u00eb ka 3 departamente. Arkivi i Filmit ose Departamenti p\u00ebr Mbrojtjen, Ruajtjen dhe P\u00ebrpunimin e Filmave dhe Materialeve Filmike, m\u00eb pas Departamenti i Dokumentacionit, i p\u00ebrb\u00ebr\u00eb nga Departamenti i Dokumentacionit t\u00eb Shkruar, Fototek\u00ebs dhe Bibliotek\u00ebs, si dhe Departamenti p\u00ebr Veprimtari Publike, K\u00ebrkimore dhe Botuese. <\/span><\/p><p class=\"p1\"><span class=\"s1\">Biblioteka e filmit ka nj\u00eb koleksion prej mbi 16,000 kopjesh filmike,<span class=\"Apple-converted-space\">  <\/span>82,000 cop\u00eb materiale propagandistike, fotografi dhe postera, si dhe m\u00eb shum\u00eb se 200 metra dokumente t\u00eb shkruara. Kinemateka p\u00ebrfshin gjithashtu nj\u00eb bibliotek\u00eb t\u00eb specializuar me m\u00eb shum\u00eb se 4,500 libra dhe revista mbi historin\u00eb dhe teorin\u00eb e filmit dhe rreth 35,500 cop\u00ebza shtypi. Biblioteka e kinemas\u00eb ka gjithashtu nj\u00eb koleksion muze me artefakte t\u00eb vjetra kinematografike.  <\/span><\/p><p class=\"p1\"><span class=\"s1\">N\u00eb vitin 2005, kinoteka u zhvendos n\u00eb ambiente t\u00eb reja (n\u00eb godin\u00ebn e bibliotek\u00ebs &#8220;Drugar\u00e7e&#8221;, ku ka sall\u00ebn e kinemas\u00eb dhe depo p\u00ebr ruajtjen e kinematografis\u00eb komb\u00ebtare, t\u00eb nd\u00ebrtuara sipas standardeve m\u00eb bashk\u00ebkohore p\u00ebr ruajtjen e trash\u00ebgimis\u00eb audiovizive), dhe n\u00eb t\u00eb nj\u00ebjt\u00ebn koh\u00eb ka edhe kompleksin e rezidenc\u00ebs s\u00eb Havzi-Pash\u00ebs, n\u00eb kompleks. Bardovci, p\u00ebr ruajtjen e filmave dhe materialeve filmike nga prodhimi i huaj dhe nj\u00eb pjes\u00eb t\u00eb materialeve arkivore. <\/span><\/p><p class=\"p1\"><span class=\"s1\">Gjat\u00eb mbi 40 viteve t\u00eb funksionimit t\u00eb tij, Arkivi i Filmit vazhdimisht \u00ebsht\u00eb p\u00ebrkujdesur p\u00ebr t\u00eb gjith\u00eb trash\u00ebgimin\u00eb audiovizive duke realizuar projekte t\u00eb shumta t\u00eb r\u00ebnd\u00ebsishme p\u00ebr mbrojtjen dhe restaurimin e produksionit filmik maqedonas. Gjithashtu, Kinemateka \u00ebsht\u00eb iniciatore dhe organizatore afatgjat\u00eb e Festivalit Nd\u00ebrkomb\u00ebtar t\u00eb Filmit &#8220;V\u00ebllez\u00ebrit Manaki&#8221; n\u00eb Manastir; \u00ebsht\u00eb botues i revist\u00ebs &#8220;Kinopis&#8221;, si dhe i rreth 40 botimeve t\u00eb r\u00ebnd\u00ebsishme filmologjike (libra, katalog\u00eb dhe broshura); Kinoteka \u00ebsht\u00eb botuese e CD-ROM-it &#8220;Shekulli i filmit n\u00eb Maqedoni&#8221;, dhe menaxhon kinetek\u00ebn dhe faqen e filmit &#8220;Qendra Informative e Filmit t\u00eb Maqedonis\u00eb&#8221; (http:\/\/www.maccinema.com), ku prezantohen t\u00eb gjitha informacionet e r\u00ebnd\u00ebsishme p\u00ebr kinematografin\u00eb maqedonase; Kinoteka n\u00eb vazhdim\u00ebsi kujdeset p\u00ebr zhvillimin e kultur\u00ebs s\u00eb filmit n\u00eb vendin ton\u00eb p\u00ebrmes programit t\u00eb rregullt t\u00eb kinetek\u00ebs s\u00eb filmit n\u00eb Shkup, por edhe me paraqitje n\u00eb mbar\u00eb Republik\u00ebn; Kinemateka \u00ebsht\u00eb gjithashtu organizatore e disa simpoziumeve t\u00eb r\u00ebnd\u00ebsishme shkencore nd\u00ebrkomb\u00ebtare. <\/span><\/p><p class=\"p1\"><span class=\"s1\">Kinoteka \u00ebsht\u00eb an\u00ebtare e Federat\u00ebs nd\u00ebrkomb\u00ebtare t\u00eb arkivave filmike (FIAF) dhe Asociacionit t\u00eb kinoteka evropiane (\u0410\u0421\u0415).<\/span><\/p><p class=\"p1\"><span class=\"s1\">Fal\u00eb statutit q\u00eb Kinoteka e g\u00ebzon n\u00eb nivel nd\u00ebrkomb\u00ebtar, n\u00eb vitin 2014 ishte organizator dhe nikoqir i Kongresit t\u00eb 70 t\u00eb FIAF-it, q\u00eb u mbajt n\u00eb Shkup me pjes\u00ebmarrje t\u00eb 200 delegat\u00ebve nga e gjith\u00eb bota.<\/span><\/p><p>N\u00eb vitin 2019, n\u00eb p\u00ebrputhje me ndryshimet kushtetuese, Kinoteka e Maqedonis\u00eb e ka ndryshuar emrin n\u00eb Kinematek\u00eb t\u00eb Republik\u00ebs s\u00eb Maqedonis\u00eb s\u00eb Veriut.<br><br> <br> <br><\/p>\t\t\t\t\t\t\t\t<\/div>\n\t\t\t\t<\/div>\n\t\t\t\t\t<\/div>\n\t\t\t\t<\/div>\n\t\t\t\t<\/div>\n\t\t","protected":false},"excerpt":{"rendered":"<p>Historiku Kinoteka e Republik\u00ebs s\u00eb Maqedonis\u00eb s\u00eb Veriut \u00ebsht\u00eb nj\u00eb arkiv komb\u00ebtar i filmit i themeluar me ligj n\u00eb vitin 1974 si Kinoteka e Maqedonis\u00eb dhe merret me mbledhjen, ruajtjen, mbrojtjen, p\u00ebrpunimin, hulumtimin dhe prezantimin e filmave dhe materialeve filmike me r\u00ebnd\u00ebsi t\u00eb ve\u00e7ant\u00eb artistike, kulturore, shkencore, historike dhe t\u00eb tjera, ve\u00e7an\u00ebrisht t\u00eb trash\u00ebgimis\u00eb komb\u00ebtare [&hellip;]<\/p>\n","protected":false},"author":7,"featured_media":0,"parent":0,"menu_order":0,"comment_status":"closed","ping_status":"closed","template":"","meta":{"_acf_changed":false,"footnotes":""},"class_list":["post-22548","page","type-page","status-publish","hentry"],"acf":[],"yoast_head":"<!-- This site is optimized with the Yoast SEO plugin v27.3 - https:\/\/yoast.com\/product\/yoast-seo-wordpress\/ -->\n<title>Historiku - \u041a\u0438\u043d\u043e\u0442\u0435\u043a\u0430 \u043d\u0430 \u041c\u0430\u043a\u0435\u0434\u043e\u043d\u0438\u0458\u0430<\/title>\n<meta name=\"robots\" content=\"index, follow, max-snippet:-1, max-image-preview:large, max-video-preview:-1\" \/>\n<link rel=\"canonical\" href=\"https:\/\/staging.kinoteka.borkko.com\/sq\/historiku-2\/\" \/>\n<meta property=\"og:locale\" content=\"sq_AL\" \/>\n<meta property=\"og:type\" content=\"article\" \/>\n<meta property=\"og:title\" content=\"Historiku - \u041a\u0438\u043d\u043e\u0442\u0435\u043a\u0430 \u043d\u0430 \u041c\u0430\u043a\u0435\u0434\u043e\u043d\u0438\u0458\u0430\" \/>\n<meta property=\"og:description\" content=\"Historiku Kinoteka e Republik\u00ebs s\u00eb Maqedonis\u00eb s\u00eb Veriut \u00ebsht\u00eb nj\u00eb arkiv komb\u00ebtar i filmit i themeluar me ligj n\u00eb vitin 1974 si Kinoteka e Maqedonis\u00eb dhe merret me mbledhjen, ruajtjen, mbrojtjen, p\u00ebrpunimin, hulumtimin dhe prezantimin e filmave dhe materialeve filmike me r\u00ebnd\u00ebsi t\u00eb ve\u00e7ant\u00eb artistike, kulturore, shkencore, historike dhe t\u00eb tjera, ve\u00e7an\u00ebrisht t\u00eb trash\u00ebgimis\u00eb komb\u00ebtare [&hellip;]\" \/>\n<meta property=\"og:url\" content=\"https:\/\/staging.kinoteka.borkko.com\/sq\/historiku-2\/\" \/>\n<meta property=\"og:site_name\" content=\"\u041a\u0438\u043d\u043e\u0442\u0435\u043a\u0430 \u043d\u0430 \u041c\u0430\u043a\u0435\u0434\u043e\u043d\u0438\u0458\u0430\" \/>\n<meta property=\"article:publisher\" content=\"https:\/\/www.facebook.com\/KinotekaNaSevernaMakedonija\/\" \/>\n<meta property=\"article:modified_time\" content=\"2025-02-25T13:01:41+00:00\" \/>\n<meta name=\"twitter:card\" content=\"summary_large_image\" \/>\n<meta name=\"twitter:label1\" content=\"Est. reading time\" \/>\n\t<meta name=\"twitter:data1\" content=\"3 minutes\" \/>\n<script type=\"application\/ld+json\" class=\"yoast-schema-graph\">{\"@context\":\"https:\\\/\\\/schema.org\",\"@graph\":[{\"@type\":\"WebPage\",\"@id\":\"https:\\\/\\\/staging.kinoteka.borkko.com\\\/sq\\\/historiku-2\\\/\",\"url\":\"https:\\\/\\\/staging.kinoteka.borkko.com\\\/sq\\\/historiku-2\\\/\",\"name\":\"Historiku - \u041a\u0438\u043d\u043e\u0442\u0435\u043a\u0430 \u043d\u0430 \u041c\u0430\u043a\u0435\u0434\u043e\u043d\u0438\u0458\u0430\",\"isPartOf\":{\"@id\":\"https:\\\/\\\/staging.kinoteka.borkko.com\\\/#website\"},\"datePublished\":\"2025-02-18T21:37:12+00:00\",\"dateModified\":\"2025-02-25T13:01:41+00:00\",\"breadcrumb\":{\"@id\":\"https:\\\/\\\/staging.kinoteka.borkko.com\\\/sq\\\/historiku-2\\\/#breadcrumb\"},\"inLanguage\":\"sq-AL\",\"potentialAction\":[{\"@type\":\"ReadAction\",\"target\":[\"https:\\\/\\\/staging.kinoteka.borkko.com\\\/sq\\\/historiku-2\\\/\"]}]},{\"@type\":\"BreadcrumbList\",\"@id\":\"https:\\\/\\\/staging.kinoteka.borkko.com\\\/sq\\\/historiku-2\\\/#breadcrumb\",\"itemListElement\":[{\"@type\":\"ListItem\",\"position\":1,\"name\":\"Home\",\"item\":\"https:\\\/\\\/staging.kinoteka.borkko.com\\\/sq\\\/\"},{\"@type\":\"ListItem\",\"position\":2,\"name\":\"Historiku\"}]},{\"@type\":\"WebSite\",\"@id\":\"https:\\\/\\\/staging.kinoteka.borkko.com\\\/#website\",\"url\":\"https:\\\/\\\/staging.kinoteka.borkko.com\\\/\",\"name\":\"\u041a\u0438\u043d\u043e\u0442\u0435\u043a\u0430 \u043d\u0430 \u041c\u0430\u043a\u0435\u0434\u043e\u043d\u0438\u0458\u0430\",\"description\":\"\u041e\u0444\u0438\u0446\u0438\u0458\u0430\u043b\u043d\u0438\u043e\u0442 \u0432\u0435\u0431 \u043f\u043e\u0440\u0442\u0430\u043b \u043d\u0430 \u041a\u0438\u043d\u043e\u0442\u0435\u043a\u0430 \u043d\u0430 \u041c\u0430\u043a\u0435\u0434\u043e\u043d\u0438\u0458\u0430\",\"publisher\":{\"@id\":\"https:\\\/\\\/staging.kinoteka.borkko.com\\\/#organization\"},\"potentialAction\":[{\"@type\":\"SearchAction\",\"target\":{\"@type\":\"EntryPoint\",\"urlTemplate\":\"https:\\\/\\\/staging.kinoteka.borkko.com\\\/?s={search_term_string}\"},\"query-input\":{\"@type\":\"PropertyValueSpecification\",\"valueRequired\":true,\"valueName\":\"search_term_string\"}}],\"inLanguage\":\"sq-AL\"},{\"@type\":\"Organization\",\"@id\":\"https:\\\/\\\/staging.kinoteka.borkko.com\\\/#organization\",\"name\":\"\u041a\u0438\u043d\u043e\u0442\u0435\u043a\u0430 \u043d\u0430 \u041c\u0430\u043a\u0435\u0434\u043e\u043d\u0438\u0458\u0430\",\"url\":\"https:\\\/\\\/staging.kinoteka.borkko.com\\\/\",\"logo\":{\"@type\":\"ImageObject\",\"inLanguage\":\"sq-AL\",\"@id\":\"https:\\\/\\\/staging.kinoteka.borkko.com\\\/#\\\/schema\\\/logo\\\/image\\\/\",\"url\":\"https:\\\/\\\/staging.kinoteka.borkko.com\\\/wp-content\\\/uploads\\\/2025\\\/01\\\/LOGO-KINOTEKA-50-01.png\",\"contentUrl\":\"https:\\\/\\\/staging.kinoteka.borkko.com\\\/wp-content\\\/uploads\\\/2025\\\/01\\\/LOGO-KINOTEKA-50-01.png\",\"width\":1124,\"height\":1124,\"caption\":\"\u041a\u0438\u043d\u043e\u0442\u0435\u043a\u0430 \u043d\u0430 \u041c\u0430\u043a\u0435\u0434\u043e\u043d\u0438\u0458\u0430\"},\"image\":{\"@id\":\"https:\\\/\\\/staging.kinoteka.borkko.com\\\/#\\\/schema\\\/logo\\\/image\\\/\"},\"sameAs\":[\"https:\\\/\\\/www.facebook.com\\\/KinotekaNaSevernaMakedonija\\\/\",\"https:\\\/\\\/www.instagram.com\\\/kinoteka.mk\\\/\"]}]}<\/script>\n<!-- \/ Yoast SEO plugin. -->","yoast_head_json":{"title":"Historiku - \u041a\u0438\u043d\u043e\u0442\u0435\u043a\u0430 \u043d\u0430 \u041c\u0430\u043a\u0435\u0434\u043e\u043d\u0438\u0458\u0430","robots":{"index":"index","follow":"follow","max-snippet":"max-snippet:-1","max-image-preview":"max-image-preview:large","max-video-preview":"max-video-preview:-1"},"canonical":"https:\/\/staging.kinoteka.borkko.com\/sq\/historiku-2\/","og_locale":"sq_AL","og_type":"article","og_title":"Historiku - \u041a\u0438\u043d\u043e\u0442\u0435\u043a\u0430 \u043d\u0430 \u041c\u0430\u043a\u0435\u0434\u043e\u043d\u0438\u0458\u0430","og_description":"Historiku Kinoteka e Republik\u00ebs s\u00eb Maqedonis\u00eb s\u00eb Veriut \u00ebsht\u00eb nj\u00eb arkiv komb\u00ebtar i filmit i themeluar me ligj n\u00eb vitin 1974 si Kinoteka e Maqedonis\u00eb dhe merret me mbledhjen, ruajtjen, mbrojtjen, p\u00ebrpunimin, hulumtimin dhe prezantimin e filmave dhe materialeve filmike me r\u00ebnd\u00ebsi t\u00eb ve\u00e7ant\u00eb artistike, kulturore, shkencore, historike dhe t\u00eb tjera, ve\u00e7an\u00ebrisht t\u00eb trash\u00ebgimis\u00eb komb\u00ebtare [&hellip;]","og_url":"https:\/\/staging.kinoteka.borkko.com\/sq\/historiku-2\/","og_site_name":"\u041a\u0438\u043d\u043e\u0442\u0435\u043a\u0430 \u043d\u0430 \u041c\u0430\u043a\u0435\u0434\u043e\u043d\u0438\u0458\u0430","article_publisher":"https:\/\/www.facebook.com\/KinotekaNaSevernaMakedonija\/","article_modified_time":"2025-02-25T13:01:41+00:00","twitter_card":"summary_large_image","twitter_misc":{"Est. reading time":"3 minutes"},"schema":{"@context":"https:\/\/schema.org","@graph":[{"@type":"WebPage","@id":"https:\/\/staging.kinoteka.borkko.com\/sq\/historiku-2\/","url":"https:\/\/staging.kinoteka.borkko.com\/sq\/historiku-2\/","name":"Historiku - \u041a\u0438\u043d\u043e\u0442\u0435\u043a\u0430 \u043d\u0430 \u041c\u0430\u043a\u0435\u0434\u043e\u043d\u0438\u0458\u0430","isPartOf":{"@id":"https:\/\/staging.kinoteka.borkko.com\/#website"},"datePublished":"2025-02-18T21:37:12+00:00","dateModified":"2025-02-25T13:01:41+00:00","breadcrumb":{"@id":"https:\/\/staging.kinoteka.borkko.com\/sq\/historiku-2\/#breadcrumb"},"inLanguage":"sq-AL","potentialAction":[{"@type":"ReadAction","target":["https:\/\/staging.kinoteka.borkko.com\/sq\/historiku-2\/"]}]},{"@type":"BreadcrumbList","@id":"https:\/\/staging.kinoteka.borkko.com\/sq\/historiku-2\/#breadcrumb","itemListElement":[{"@type":"ListItem","position":1,"name":"Home","item":"https:\/\/staging.kinoteka.borkko.com\/sq\/"},{"@type":"ListItem","position":2,"name":"Historiku"}]},{"@type":"WebSite","@id":"https:\/\/staging.kinoteka.borkko.com\/#website","url":"https:\/\/staging.kinoteka.borkko.com\/","name":"\u041a\u0438\u043d\u043e\u0442\u0435\u043a\u0430 \u043d\u0430 \u041c\u0430\u043a\u0435\u0434\u043e\u043d\u0438\u0458\u0430","description":"\u041e\u0444\u0438\u0446\u0438\u0458\u0430\u043b\u043d\u0438\u043e\u0442 \u0432\u0435\u0431 \u043f\u043e\u0440\u0442\u0430\u043b \u043d\u0430 \u041a\u0438\u043d\u043e\u0442\u0435\u043a\u0430 \u043d\u0430 \u041c\u0430\u043a\u0435\u0434\u043e\u043d\u0438\u0458\u0430","publisher":{"@id":"https:\/\/staging.kinoteka.borkko.com\/#organization"},"potentialAction":[{"@type":"SearchAction","target":{"@type":"EntryPoint","urlTemplate":"https:\/\/staging.kinoteka.borkko.com\/?s={search_term_string}"},"query-input":{"@type":"PropertyValueSpecification","valueRequired":true,"valueName":"search_term_string"}}],"inLanguage":"sq-AL"},{"@type":"Organization","@id":"https:\/\/staging.kinoteka.borkko.com\/#organization","name":"\u041a\u0438\u043d\u043e\u0442\u0435\u043a\u0430 \u043d\u0430 \u041c\u0430\u043a\u0435\u0434\u043e\u043d\u0438\u0458\u0430","url":"https:\/\/staging.kinoteka.borkko.com\/","logo":{"@type":"ImageObject","inLanguage":"sq-AL","@id":"https:\/\/staging.kinoteka.borkko.com\/#\/schema\/logo\/image\/","url":"https:\/\/staging.kinoteka.borkko.com\/wp-content\/uploads\/2025\/01\/LOGO-KINOTEKA-50-01.png","contentUrl":"https:\/\/staging.kinoteka.borkko.com\/wp-content\/uploads\/2025\/01\/LOGO-KINOTEKA-50-01.png","width":1124,"height":1124,"caption":"\u041a\u0438\u043d\u043e\u0442\u0435\u043a\u0430 \u043d\u0430 \u041c\u0430\u043a\u0435\u0434\u043e\u043d\u0438\u0458\u0430"},"image":{"@id":"https:\/\/staging.kinoteka.borkko.com\/#\/schema\/logo\/image\/"},"sameAs":["https:\/\/www.facebook.com\/KinotekaNaSevernaMakedonija\/","https:\/\/www.instagram.com\/kinoteka.mk\/"]}]}},"_links":{"self":[{"href":"https:\/\/staging.kinoteka.borkko.com\/sq\/wp-json\/wp\/v2\/pages\/22548","targetHints":{"allow":["GET"]}}],"collection":[{"href":"https:\/\/staging.kinoteka.borkko.com\/sq\/wp-json\/wp\/v2\/pages"}],"about":[{"href":"https:\/\/staging.kinoteka.borkko.com\/sq\/wp-json\/wp\/v2\/types\/page"}],"author":[{"embeddable":true,"href":"https:\/\/staging.kinoteka.borkko.com\/sq\/wp-json\/wp\/v2\/users\/7"}],"replies":[{"embeddable":true,"href":"https:\/\/staging.kinoteka.borkko.com\/sq\/wp-json\/wp\/v2\/comments?post=22548"}],"version-history":[{"count":0,"href":"https:\/\/staging.kinoteka.borkko.com\/sq\/wp-json\/wp\/v2\/pages\/22548\/revisions"}],"wp:attachment":[{"href":"https:\/\/staging.kinoteka.borkko.com\/sq\/wp-json\/wp\/v2\/media?parent=22548"}],"curies":[{"name":"wp","href":"https:\/\/api.w.org\/{rel}","templated":true}]}}