{"id":22653,"date":"2025-02-20T17:50:46","date_gmt":"2025-02-20T16:50:46","guid":{"rendered":"https:\/\/staging.kinoteka.borkko.com\/vellezerit-milton-dhe-janaki-manaki\/"},"modified":"2025-02-25T13:59:57","modified_gmt":"2025-02-25T12:59:57","slug":"vellezerit-milton-dhe-janaki-manaki","status":"publish","type":"page","link":"https:\/\/staging.kinoteka.borkko.com\/sq\/vellezerit-milton-dhe-janaki-manaki\/","title":{"rendered":"V\u00ebllez\u00ebrit Milton dhe Janaki Manaki"},"content":{"rendered":"\t\t<div data-elementor-type=\"wp-page\" data-elementor-id=\"22653\" class=\"elementor elementor-22653 elementor-210\" data-elementor-post-type=\"page\">\n\t\t\t\t<div class=\"elementor-element elementor-element-66f4ec4c e-con-full e-flex e-con e-parent\" data-id=\"66f4ec4c\" data-element_type=\"container\" data-e-type=\"container\">\n\t\t<div class=\"elementor-element elementor-element-d24e5c9 e-con-full ken-burns animated-slow e-flex elementor-invisible e-con e-child\" data-id=\"d24e5c9\" data-element_type=\"container\" data-e-type=\"container\" data-settings=\"{&quot;background_background&quot;:&quot;classic&quot;,&quot;animation&quot;:&quot;fadeIn&quot;,&quot;animation_delay&quot;:1.5}\">\n\t\t\t\t<div class=\"elementor-element elementor-element-8a4078c elementor-widget elementor-widget-text-editor\" data-id=\"8a4078c\" data-element_type=\"widget\" data-e-type=\"widget\" data-widget_type=\"text-editor.default\">\n\t\t\t\t<div class=\"elementor-widget-container\">\n\t\t\t\t\t\t\t\t\t<h4 class=\"upper\">Pionier\u00ebt e filmit t\u00eb Ballkanit<\/h4><h2><strong>V\u00ebllez\u00ebrit Milton dhe Janaki Manaki<\/strong><\/h2>\t\t\t\t\t\t\t\t<\/div>\n\t\t\t\t<\/div>\n\t\t\t\t<\/div>\n\t\t<div class=\"elementor-element elementor-element-37f2095 e-flex e-con-boxed e-con e-child\" data-id=\"37f2095\" data-element_type=\"container\" data-e-type=\"container\">\n\t\t\t\t\t<div class=\"e-con-inner\">\n\t\t\t\t<div class=\"elementor-element elementor-element-1e6b306 elementor-widget__width-inherit elementor-widget elementor-widget-image\" data-id=\"1e6b306\" data-element_type=\"widget\" data-e-type=\"widget\" data-widget_type=\"image.default\">\n\t\t\t\t<div class=\"elementor-widget-container\">\n\t\t\t\t\t\t\t\t\t\t\t\t\t\t\t<img fetchpriority=\"high\" decoding=\"async\" width=\"768\" height=\"845\" src=\"https:\/\/staging.kinoteka.borkko.com\/wp-content\/uploads\/2018\/06\/BR_MANAK_02-768x845.jpg\" class=\"attachment-medium_large size-medium_large wp-image-303\" alt=\"\" srcset=\"https:\/\/staging.kinoteka.borkko.com\/wp-content\/uploads\/2018\/06\/BR_MANAK_02-768x845.jpg 768w, https:\/\/staging.kinoteka.borkko.com\/wp-content\/uploads\/2018\/06\/BR_MANAK_02-273x300.jpg 273w, https:\/\/staging.kinoteka.borkko.com\/wp-content\/uploads\/2018\/06\/BR_MANAK_02-600x660.jpg 600w, https:\/\/staging.kinoteka.borkko.com\/wp-content\/uploads\/2018\/06\/BR_MANAK_02-581x640.jpg 581w, https:\/\/staging.kinoteka.borkko.com\/wp-content\/uploads\/2018\/06\/BR_MANAK_02-800x880.jpg 800w, https:\/\/staging.kinoteka.borkko.com\/wp-content\/uploads\/2018\/06\/BR_MANAK_02.jpg 805w\" sizes=\"(max-width: 768px) 100vw, 768px\" \/>\t\t\t\t\t\t\t\t\t\t\t\t\t\t\t<\/div>\n\t\t\t\t<\/div>\n\t\t\t\t<div class=\"elementor-element elementor-element-3dbabb0e elementor-widget__width-inherit elementor-widget elementor-widget-text-editor\" data-id=\"3dbabb0e\" data-element_type=\"widget\" data-e-type=\"widget\" data-widget_type=\"text-editor.default\">\n\t\t\t\t<div class=\"elementor-widget-container\">\n\t\t\t\t\t\t\t\t\t<p> <\/p><p>Koh\u00ebzgjatja: 70 min.<\/p><p>Raporti i pamjes: PAL 4:3<\/p><p>Modaliteti i riprodhimit: PAL \u2013 Bardh e Zi<\/p><p>Format audio: Filma pa z\u00eb<\/p><p>Zona: T\u00eb gjitha Rajonet (0)<\/p><p>Edicioni DVD p\u00ebrmban 42 disqe filmike nga periudha pioniere e filmit n\u00eb Maqedoni dhe n\u00eb Ballkan.<\/p><p>\u00cbsht\u00eb ndoshta nj\u00eb lloj paradoksi q\u00eb nj\u00eb art si filmi, i cili bazohet n\u00eb nj\u00eb baz\u00eb t\u00eb zhvilluar teknike, mori jet\u00eb kaq her\u00ebt n\u00eb nj\u00eb mjedis kryesisht t\u00eb pazhvilluar, si\u00e7 ishte ai maqedonas n\u00eb fillim t\u00eb shekullit t\u00eb 20-t\u00eb. Por n\u00eb t\u00eb nj\u00ebjt\u00ebn koh\u00eb duhet theksuar se n\u00eb fillim t\u00eb shekullit n\u00eb Maqedoni, si udh\u00ebkryq mes Lindjes dhe Per\u00ebndimit, filluan t\u00eb qarkullojn\u00eb jo vet\u00ebm kapitali, por edhe njer\u00ebz me ide t\u00eb reja. Eksperimentin e tyre epokal filmik v\u00ebllez\u00ebrit Manaki e realizuan n\u00eb Manastir, i cili n\u00eb at\u00eb koh\u00eb ishte qytet evropian n\u00eb kuptimin e v\u00ebrtet\u00eb, me arkitektur\u00ebn e tij vendase, me institucionet e tij konsullore, por edhe me idet\u00eb dhe njer\u00ebzit evropian\u00eb q\u00eb jetonin e vepronin n\u00eb k\u00ebt\u00eb metropol ballkanik t\u00eb asaj kohe.  <\/p><p>Ky botim DVD \u00ebsht\u00eb nj\u00eb p\u00ebrmbledhje e vepr\u00ebs s\u00eb plot\u00eb incizuese (e autorit) (realizuar me nj\u00eb aparat filmik t\u00eb prodhuar nga kompania &#8220;Charles Urban Trading&#8221; dhe q\u00eb \u00ebsht\u00eb kopja e 300 e seris\u00eb BIOSCOPE) e v\u00ebllez\u00ebrve Manaki q\u00eb filloi n\u00eb fillim t\u00eb shekullit t\u00eb 20-t\u00eb dhe p\u00ebrfundoi diku para Luft\u00ebs s\u00eb Dyt\u00eb Bot\u00ebrore.<\/p><p><strong>\u00c7mimi:<\/strong><\/p><p><strong>1200 den. (kuti metalike) <\/strong><\/p><p><strong>600 den. (kuti plastike) <\/strong><\/p>\t\t\t\t\t\t\t\t<\/div>\n\t\t\t\t<\/div>\n\t\t\t\t\t<\/div>\n\t\t\t\t<\/div>\n\t\t\t\t<\/div>\n\t\t\t\t<\/div>\n\t\t","protected":false},"excerpt":{"rendered":"<p>Pionier\u00ebt e filmit t\u00eb Ballkanit V\u00ebllez\u00ebrit Milton dhe Janaki Manaki Koh\u00ebzgjatja: 70 min. Raporti i pamjes: PAL 4:3 Modaliteti i riprodhimit: PAL \u2013 Bardh e Zi Format audio: Filma pa z\u00eb Zona: T\u00eb gjitha Rajonet (0) Edicioni DVD p\u00ebrmban 42 disqe filmike nga periudha pioniere e filmit n\u00eb Maqedoni dhe n\u00eb Ballkan. \u00cbsht\u00eb ndoshta nj\u00eb [&hellip;]<\/p>\n","protected":false},"author":7,"featured_media":0,"parent":0,"menu_order":0,"comment_status":"closed","ping_status":"closed","template":"","meta":{"_acf_changed":false,"footnotes":""},"class_list":["post-22653","page","type-page","status-publish","hentry"],"acf":[],"yoast_head":"<!-- This site is optimized with the Yoast SEO plugin v27.3 - https:\/\/yoast.com\/product\/yoast-seo-wordpress\/ -->\n<title>V\u00ebllez\u00ebrit Milton dhe Janaki Manaki - \u041a\u0438\u043d\u043e\u0442\u0435\u043a\u0430 \u043d\u0430 \u041c\u0430\u043a\u0435\u0434\u043e\u043d\u0438\u0458\u0430<\/title>\n<meta name=\"robots\" content=\"index, follow, max-snippet:-1, max-image-preview:large, max-video-preview:-1\" \/>\n<link rel=\"canonical\" href=\"https:\/\/staging.kinoteka.borkko.com\/sq\/vellezerit-milton-dhe-janaki-manaki\/\" \/>\n<meta property=\"og:locale\" content=\"sq_AL\" \/>\n<meta property=\"og:type\" content=\"article\" \/>\n<meta property=\"og:title\" content=\"V\u00ebllez\u00ebrit Milton dhe Janaki Manaki - \u041a\u0438\u043d\u043e\u0442\u0435\u043a\u0430 \u043d\u0430 \u041c\u0430\u043a\u0435\u0434\u043e\u043d\u0438\u0458\u0430\" \/>\n<meta property=\"og:description\" content=\"Pionier\u00ebt e filmit t\u00eb Ballkanit V\u00ebllez\u00ebrit Milton dhe Janaki Manaki Koh\u00ebzgjatja: 70 min. Raporti i pamjes: PAL 4:3 Modaliteti i riprodhimit: PAL \u2013 Bardh e Zi Format audio: Filma pa z\u00eb Zona: T\u00eb gjitha Rajonet (0) Edicioni DVD p\u00ebrmban 42 disqe filmike nga periudha pioniere e filmit n\u00eb Maqedoni dhe n\u00eb Ballkan. \u00cbsht\u00eb ndoshta nj\u00eb [&hellip;]\" \/>\n<meta property=\"og:url\" content=\"https:\/\/staging.kinoteka.borkko.com\/sq\/vellezerit-milton-dhe-janaki-manaki\/\" \/>\n<meta property=\"og:site_name\" content=\"\u041a\u0438\u043d\u043e\u0442\u0435\u043a\u0430 \u043d\u0430 \u041c\u0430\u043a\u0435\u0434\u043e\u043d\u0438\u0458\u0430\" \/>\n<meta property=\"article:publisher\" content=\"https:\/\/www.facebook.com\/KinotekaNaSevernaMakedonija\/\" \/>\n<meta property=\"article:modified_time\" content=\"2025-02-25T12:59:57+00:00\" \/>\n<meta property=\"og:image\" content=\"https:\/\/staging.kinoteka.borkko.com\/wp-content\/uploads\/2018\/06\/BR_MANAK_02.jpg\" \/>\n\t<meta property=\"og:image:width\" content=\"805\" \/>\n\t<meta property=\"og:image:height\" content=\"886\" \/>\n\t<meta property=\"og:image:type\" content=\"image\/jpeg\" \/>\n<meta name=\"twitter:card\" content=\"summary_large_image\" \/>\n<meta name=\"twitter:label1\" content=\"Est. reading time\" \/>\n\t<meta name=\"twitter:data1\" content=\"1 minute\" \/>\n<script type=\"application\/ld+json\" class=\"yoast-schema-graph\">{\"@context\":\"https:\\\/\\\/schema.org\",\"@graph\":[{\"@type\":\"WebPage\",\"@id\":\"https:\\\/\\\/staging.kinoteka.borkko.com\\\/sq\\\/vellezerit-milton-dhe-janaki-manaki\\\/\",\"url\":\"https:\\\/\\\/staging.kinoteka.borkko.com\\\/sq\\\/vellezerit-milton-dhe-janaki-manaki\\\/\",\"name\":\"V\u00ebllez\u00ebrit Milton dhe Janaki Manaki - \u041a\u0438\u043d\u043e\u0442\u0435\u043a\u0430 \u043d\u0430 \u041c\u0430\u043a\u0435\u0434\u043e\u043d\u0438\u0458\u0430\",\"isPartOf\":{\"@id\":\"https:\\\/\\\/staging.kinoteka.borkko.com\\\/#website\"},\"primaryImageOfPage\":{\"@id\":\"https:\\\/\\\/staging.kinoteka.borkko.com\\\/sq\\\/vellezerit-milton-dhe-janaki-manaki\\\/#primaryimage\"},\"image\":{\"@id\":\"https:\\\/\\\/staging.kinoteka.borkko.com\\\/sq\\\/vellezerit-milton-dhe-janaki-manaki\\\/#primaryimage\"},\"thumbnailUrl\":\"https:\\\/\\\/staging.kinoteka.borkko.com\\\/wp-content\\\/uploads\\\/2018\\\/06\\\/BR_MANAK_02-768x845.jpg\",\"datePublished\":\"2025-02-20T16:50:46+00:00\",\"dateModified\":\"2025-02-25T12:59:57+00:00\",\"breadcrumb\":{\"@id\":\"https:\\\/\\\/staging.kinoteka.borkko.com\\\/sq\\\/vellezerit-milton-dhe-janaki-manaki\\\/#breadcrumb\"},\"inLanguage\":\"sq-AL\",\"potentialAction\":[{\"@type\":\"ReadAction\",\"target\":[\"https:\\\/\\\/staging.kinoteka.borkko.com\\\/sq\\\/vellezerit-milton-dhe-janaki-manaki\\\/\"]}]},{\"@type\":\"ImageObject\",\"inLanguage\":\"sq-AL\",\"@id\":\"https:\\\/\\\/staging.kinoteka.borkko.com\\\/sq\\\/vellezerit-milton-dhe-janaki-manaki\\\/#primaryimage\",\"url\":\"https:\\\/\\\/staging.kinoteka.borkko.com\\\/wp-content\\\/uploads\\\/2018\\\/06\\\/BR_MANAK_02-768x845.jpg\",\"contentUrl\":\"https:\\\/\\\/staging.kinoteka.borkko.com\\\/wp-content\\\/uploads\\\/2018\\\/06\\\/BR_MANAK_02-768x845.jpg\"},{\"@type\":\"BreadcrumbList\",\"@id\":\"https:\\\/\\\/staging.kinoteka.borkko.com\\\/sq\\\/vellezerit-milton-dhe-janaki-manaki\\\/#breadcrumb\",\"itemListElement\":[{\"@type\":\"ListItem\",\"position\":1,\"name\":\"Home\",\"item\":\"https:\\\/\\\/staging.kinoteka.borkko.com\\\/sq\\\/\"},{\"@type\":\"ListItem\",\"position\":2,\"name\":\"V\u00ebllez\u00ebrit Milton dhe Janaki Manaki\"}]},{\"@type\":\"WebSite\",\"@id\":\"https:\\\/\\\/staging.kinoteka.borkko.com\\\/#website\",\"url\":\"https:\\\/\\\/staging.kinoteka.borkko.com\\\/\",\"name\":\"\u041a\u0438\u043d\u043e\u0442\u0435\u043a\u0430 \u043d\u0430 \u041c\u0430\u043a\u0435\u0434\u043e\u043d\u0438\u0458\u0430\",\"description\":\"\u041e\u0444\u0438\u0446\u0438\u0458\u0430\u043b\u043d\u0438\u043e\u0442 \u0432\u0435\u0431 \u043f\u043e\u0440\u0442\u0430\u043b \u043d\u0430 \u041a\u0438\u043d\u043e\u0442\u0435\u043a\u0430 \u043d\u0430 \u041c\u0430\u043a\u0435\u0434\u043e\u043d\u0438\u0458\u0430\",\"publisher\":{\"@id\":\"https:\\\/\\\/staging.kinoteka.borkko.com\\\/#organization\"},\"potentialAction\":[{\"@type\":\"SearchAction\",\"target\":{\"@type\":\"EntryPoint\",\"urlTemplate\":\"https:\\\/\\\/staging.kinoteka.borkko.com\\\/?s={search_term_string}\"},\"query-input\":{\"@type\":\"PropertyValueSpecification\",\"valueRequired\":true,\"valueName\":\"search_term_string\"}}],\"inLanguage\":\"sq-AL\"},{\"@type\":\"Organization\",\"@id\":\"https:\\\/\\\/staging.kinoteka.borkko.com\\\/#organization\",\"name\":\"\u041a\u0438\u043d\u043e\u0442\u0435\u043a\u0430 \u043d\u0430 \u041c\u0430\u043a\u0435\u0434\u043e\u043d\u0438\u0458\u0430\",\"url\":\"https:\\\/\\\/staging.kinoteka.borkko.com\\\/\",\"logo\":{\"@type\":\"ImageObject\",\"inLanguage\":\"sq-AL\",\"@id\":\"https:\\\/\\\/staging.kinoteka.borkko.com\\\/#\\\/schema\\\/logo\\\/image\\\/\",\"url\":\"https:\\\/\\\/staging.kinoteka.borkko.com\\\/wp-content\\\/uploads\\\/2025\\\/01\\\/LOGO-KINOTEKA-50-01.png\",\"contentUrl\":\"https:\\\/\\\/staging.kinoteka.borkko.com\\\/wp-content\\\/uploads\\\/2025\\\/01\\\/LOGO-KINOTEKA-50-01.png\",\"width\":1124,\"height\":1124,\"caption\":\"\u041a\u0438\u043d\u043e\u0442\u0435\u043a\u0430 \u043d\u0430 \u041c\u0430\u043a\u0435\u0434\u043e\u043d\u0438\u0458\u0430\"},\"image\":{\"@id\":\"https:\\\/\\\/staging.kinoteka.borkko.com\\\/#\\\/schema\\\/logo\\\/image\\\/\"},\"sameAs\":[\"https:\\\/\\\/www.facebook.com\\\/KinotekaNaSevernaMakedonija\\\/\",\"https:\\\/\\\/www.instagram.com\\\/kinoteka.mk\\\/\"]}]}<\/script>\n<!-- \/ Yoast SEO plugin. -->","yoast_head_json":{"title":"V\u00ebllez\u00ebrit Milton dhe Janaki Manaki - \u041a\u0438\u043d\u043e\u0442\u0435\u043a\u0430 \u043d\u0430 \u041c\u0430\u043a\u0435\u0434\u043e\u043d\u0438\u0458\u0430","robots":{"index":"index","follow":"follow","max-snippet":"max-snippet:-1","max-image-preview":"max-image-preview:large","max-video-preview":"max-video-preview:-1"},"canonical":"https:\/\/staging.kinoteka.borkko.com\/sq\/vellezerit-milton-dhe-janaki-manaki\/","og_locale":"sq_AL","og_type":"article","og_title":"V\u00ebllez\u00ebrit Milton dhe Janaki Manaki - \u041a\u0438\u043d\u043e\u0442\u0435\u043a\u0430 \u043d\u0430 \u041c\u0430\u043a\u0435\u0434\u043e\u043d\u0438\u0458\u0430","og_description":"Pionier\u00ebt e filmit t\u00eb Ballkanit V\u00ebllez\u00ebrit Milton dhe Janaki Manaki Koh\u00ebzgjatja: 70 min. Raporti i pamjes: PAL 4:3 Modaliteti i riprodhimit: PAL \u2013 Bardh e Zi Format audio: Filma pa z\u00eb Zona: T\u00eb gjitha Rajonet (0) Edicioni DVD p\u00ebrmban 42 disqe filmike nga periudha pioniere e filmit n\u00eb Maqedoni dhe n\u00eb Ballkan. \u00cbsht\u00eb ndoshta nj\u00eb [&hellip;]","og_url":"https:\/\/staging.kinoteka.borkko.com\/sq\/vellezerit-milton-dhe-janaki-manaki\/","og_site_name":"\u041a\u0438\u043d\u043e\u0442\u0435\u043a\u0430 \u043d\u0430 \u041c\u0430\u043a\u0435\u0434\u043e\u043d\u0438\u0458\u0430","article_publisher":"https:\/\/www.facebook.com\/KinotekaNaSevernaMakedonija\/","article_modified_time":"2025-02-25T12:59:57+00:00","og_image":[{"width":805,"height":886,"url":"https:\/\/staging.kinoteka.borkko.com\/wp-content\/uploads\/2018\/06\/BR_MANAK_02.jpg","type":"image\/jpeg"}],"twitter_card":"summary_large_image","twitter_misc":{"Est. reading time":"1 minute"},"schema":{"@context":"https:\/\/schema.org","@graph":[{"@type":"WebPage","@id":"https:\/\/staging.kinoteka.borkko.com\/sq\/vellezerit-milton-dhe-janaki-manaki\/","url":"https:\/\/staging.kinoteka.borkko.com\/sq\/vellezerit-milton-dhe-janaki-manaki\/","name":"V\u00ebllez\u00ebrit Milton dhe Janaki Manaki - \u041a\u0438\u043d\u043e\u0442\u0435\u043a\u0430 \u043d\u0430 \u041c\u0430\u043a\u0435\u0434\u043e\u043d\u0438\u0458\u0430","isPartOf":{"@id":"https:\/\/staging.kinoteka.borkko.com\/#website"},"primaryImageOfPage":{"@id":"https:\/\/staging.kinoteka.borkko.com\/sq\/vellezerit-milton-dhe-janaki-manaki\/#primaryimage"},"image":{"@id":"https:\/\/staging.kinoteka.borkko.com\/sq\/vellezerit-milton-dhe-janaki-manaki\/#primaryimage"},"thumbnailUrl":"https:\/\/staging.kinoteka.borkko.com\/wp-content\/uploads\/2018\/06\/BR_MANAK_02-768x845.jpg","datePublished":"2025-02-20T16:50:46+00:00","dateModified":"2025-02-25T12:59:57+00:00","breadcrumb":{"@id":"https:\/\/staging.kinoteka.borkko.com\/sq\/vellezerit-milton-dhe-janaki-manaki\/#breadcrumb"},"inLanguage":"sq-AL","potentialAction":[{"@type":"ReadAction","target":["https:\/\/staging.kinoteka.borkko.com\/sq\/vellezerit-milton-dhe-janaki-manaki\/"]}]},{"@type":"ImageObject","inLanguage":"sq-AL","@id":"https:\/\/staging.kinoteka.borkko.com\/sq\/vellezerit-milton-dhe-janaki-manaki\/#primaryimage","url":"https:\/\/staging.kinoteka.borkko.com\/wp-content\/uploads\/2018\/06\/BR_MANAK_02-768x845.jpg","contentUrl":"https:\/\/staging.kinoteka.borkko.com\/wp-content\/uploads\/2018\/06\/BR_MANAK_02-768x845.jpg"},{"@type":"BreadcrumbList","@id":"https:\/\/staging.kinoteka.borkko.com\/sq\/vellezerit-milton-dhe-janaki-manaki\/#breadcrumb","itemListElement":[{"@type":"ListItem","position":1,"name":"Home","item":"https:\/\/staging.kinoteka.borkko.com\/sq\/"},{"@type":"ListItem","position":2,"name":"V\u00ebllez\u00ebrit Milton dhe Janaki Manaki"}]},{"@type":"WebSite","@id":"https:\/\/staging.kinoteka.borkko.com\/#website","url":"https:\/\/staging.kinoteka.borkko.com\/","name":"\u041a\u0438\u043d\u043e\u0442\u0435\u043a\u0430 \u043d\u0430 \u041c\u0430\u043a\u0435\u0434\u043e\u043d\u0438\u0458\u0430","description":"\u041e\u0444\u0438\u0446\u0438\u0458\u0430\u043b\u043d\u0438\u043e\u0442 \u0432\u0435\u0431 \u043f\u043e\u0440\u0442\u0430\u043b \u043d\u0430 \u041a\u0438\u043d\u043e\u0442\u0435\u043a\u0430 \u043d\u0430 \u041c\u0430\u043a\u0435\u0434\u043e\u043d\u0438\u0458\u0430","publisher":{"@id":"https:\/\/staging.kinoteka.borkko.com\/#organization"},"potentialAction":[{"@type":"SearchAction","target":{"@type":"EntryPoint","urlTemplate":"https:\/\/staging.kinoteka.borkko.com\/?s={search_term_string}"},"query-input":{"@type":"PropertyValueSpecification","valueRequired":true,"valueName":"search_term_string"}}],"inLanguage":"sq-AL"},{"@type":"Organization","@id":"https:\/\/staging.kinoteka.borkko.com\/#organization","name":"\u041a\u0438\u043d\u043e\u0442\u0435\u043a\u0430 \u043d\u0430 \u041c\u0430\u043a\u0435\u0434\u043e\u043d\u0438\u0458\u0430","url":"https:\/\/staging.kinoteka.borkko.com\/","logo":{"@type":"ImageObject","inLanguage":"sq-AL","@id":"https:\/\/staging.kinoteka.borkko.com\/#\/schema\/logo\/image\/","url":"https:\/\/staging.kinoteka.borkko.com\/wp-content\/uploads\/2025\/01\/LOGO-KINOTEKA-50-01.png","contentUrl":"https:\/\/staging.kinoteka.borkko.com\/wp-content\/uploads\/2025\/01\/LOGO-KINOTEKA-50-01.png","width":1124,"height":1124,"caption":"\u041a\u0438\u043d\u043e\u0442\u0435\u043a\u0430 \u043d\u0430 \u041c\u0430\u043a\u0435\u0434\u043e\u043d\u0438\u0458\u0430"},"image":{"@id":"https:\/\/staging.kinoteka.borkko.com\/#\/schema\/logo\/image\/"},"sameAs":["https:\/\/www.facebook.com\/KinotekaNaSevernaMakedonija\/","https:\/\/www.instagram.com\/kinoteka.mk\/"]}]}},"_links":{"self":[{"href":"https:\/\/staging.kinoteka.borkko.com\/sq\/wp-json\/wp\/v2\/pages\/22653","targetHints":{"allow":["GET"]}}],"collection":[{"href":"https:\/\/staging.kinoteka.borkko.com\/sq\/wp-json\/wp\/v2\/pages"}],"about":[{"href":"https:\/\/staging.kinoteka.borkko.com\/sq\/wp-json\/wp\/v2\/types\/page"}],"author":[{"embeddable":true,"href":"https:\/\/staging.kinoteka.borkko.com\/sq\/wp-json\/wp\/v2\/users\/7"}],"replies":[{"embeddable":true,"href":"https:\/\/staging.kinoteka.borkko.com\/sq\/wp-json\/wp\/v2\/comments?post=22653"}],"version-history":[{"count":0,"href":"https:\/\/staging.kinoteka.borkko.com\/sq\/wp-json\/wp\/v2\/pages\/22653\/revisions"}],"wp:attachment":[{"href":"https:\/\/staging.kinoteka.borkko.com\/sq\/wp-json\/wp\/v2\/media?parent=22653"}],"curies":[{"name":"wp","href":"https:\/\/api.w.org\/{rel}","templated":true}]}}