{"id":22728,"date":"2025-02-20T19:07:17","date_gmt":"2025-02-20T18:07:17","guid":{"rendered":"https:\/\/staging.kinoteka.borkko.com\/ljubisha-georgievski\/"},"modified":"2025-02-25T14:02:56","modified_gmt":"2025-02-25T13:02:56","slug":"ljubisha-georgievski","status":"publish","type":"page","link":"https:\/\/staging.kinoteka.borkko.com\/sq\/ljubisha-georgievski\/","title":{"rendered":"Ljubisha Georgievski"},"content":{"rendered":"\t\t<div data-elementor-type=\"wp-page\" data-elementor-id=\"22728\" class=\"elementor elementor-22728 elementor-199\" data-elementor-post-type=\"page\">\n\t\t\t\t<div class=\"elementor-element elementor-element-4adf600 e-con-full e-flex e-con e-parent\" data-id=\"4adf600\" data-element_type=\"container\" data-e-type=\"container\">\n\t\t<div class=\"elementor-element elementor-element-ac8e5fe e-con-full ken-burns animated-slow e-flex elementor-invisible e-con e-child\" data-id=\"ac8e5fe\" data-element_type=\"container\" data-e-type=\"container\" data-settings=\"{&quot;background_background&quot;:&quot;classic&quot;,&quot;animation&quot;:&quot;fadeIn&quot;,&quot;animation_delay&quot;:1.5}\">\n\t\t\t\t<div class=\"elementor-element elementor-element-84bf94c elementor-widget elementor-widget-text-editor\" data-id=\"84bf94c\" data-element_type=\"widget\" data-e-type=\"widget\" data-widget_type=\"text-editor.default\">\n\t\t\t\t<div class=\"elementor-widget-container\">\n\t\t\t\t\t\t\t\t\t<h4 class=\"upper\">Ngritja dhe r\u00ebnia meteorike e regjisorit<\/h4><h2><strong>Ljubisha Georgievski<\/strong><\/h2>\t\t\t\t\t\t\t\t<\/div>\n\t\t\t\t<\/div>\n\t\t\t\t<\/div>\n\t\t<div class=\"elementor-element elementor-element-ddb973e e-flex e-con-boxed e-con e-child\" data-id=\"ddb973e\" data-element_type=\"container\" data-e-type=\"container\">\n\t\t\t\t\t<div class=\"e-con-inner\">\n\t\t\t\t<div class=\"elementor-element elementor-element-99a4f78 elementor-widget elementor-widget-image\" data-id=\"99a4f78\" data-element_type=\"widget\" data-e-type=\"widget\" data-widget_type=\"image.default\">\n\t\t\t\t<div class=\"elementor-widget-container\">\n\t\t\t\t\t\t\t\t\t\t\t\t\t\t\t<img fetchpriority=\"high\" decoding=\"async\" width=\"768\" height=\"583\" src=\"https:\/\/staging.kinoteka.borkko.com\/wp-content\/uploads\/2018\/06\/Planina-na-gnevot-768x583.jpg\" class=\"attachment-medium_large size-medium_large wp-image-201\" alt=\"\" srcset=\"https:\/\/staging.kinoteka.borkko.com\/wp-content\/uploads\/2018\/06\/Planina-na-gnevot-768x583.jpg 768w, https:\/\/staging.kinoteka.borkko.com\/wp-content\/uploads\/2018\/06\/Planina-na-gnevot-300x228.jpg 300w, https:\/\/staging.kinoteka.borkko.com\/wp-content\/uploads\/2018\/06\/Planina-na-gnevot-1024x777.jpg 1024w, https:\/\/staging.kinoteka.borkko.com\/wp-content\/uploads\/2018\/06\/Planina-na-gnevot-960x729.jpg 960w, https:\/\/staging.kinoteka.borkko.com\/wp-content\/uploads\/2018\/06\/Planina-na-gnevot-600x455.jpg 600w, https:\/\/staging.kinoteka.borkko.com\/wp-content\/uploads\/2018\/06\/Planina-na-gnevot-843x640.jpg 843w, https:\/\/staging.kinoteka.borkko.com\/wp-content\/uploads\/2018\/06\/Planina-na-gnevot-800x607.jpg 800w, https:\/\/staging.kinoteka.borkko.com\/wp-content\/uploads\/2018\/06\/Planina-na-gnevot.jpg 2048w\" sizes=\"(max-width: 768px) 100vw, 768px\" \/>\t\t\t\t\t\t\t\t\t\t\t\t\t\t\t<\/div>\n\t\t\t\t<\/div>\n\t\t\t\t<div class=\"elementor-element elementor-element-300bf8e elementor-widget__width-initial elementor-widget-tablet__width-inherit elementor-widget elementor-widget-text-editor\" data-id=\"300bf8e\" data-element_type=\"widget\" data-e-type=\"widget\" data-widget_type=\"text-editor.default\">\n\t\t\t\t<div class=\"elementor-widget-container\">\n\t\t\t\t\t\t\t\t\t<h4><strong>N\u00cbN T\u00cb NJ\u00cbJTIN QIEL<\/strong><\/h4><p>Viti i prodhimit: 1964<\/p><p>Zhanri: Film artistik<\/p><p>Zhanri: dram\u00eb lufte<\/p><p>Teknika: standarde<\/p><p>Bardh e zi, me z\u00eb, 35 mm.<\/p><p>Gjat\u00ebsia: 2000 metra.<\/p><p>Koh\u00ebzgjatja: 77 min.<\/p><p>Prodhim: &#8220;Vardar film&#8221; &#8211; Shkup<\/p><h4><strong>MALI I ZEM\u00cbRIMIT<\/strong><\/h4><p>Viti i prodhimit: 1968<\/p><p>Zhanri: Film artistik<\/p><p>Zhanri: dram\u00eb sociale<\/p><p>Teknika: ekran i gjer\u00eb<\/p><p>Bardh e zi, me z\u00eb, 35 mm.<\/p><p>Gjat\u00ebsia: 2267 metra.<\/p><p>Koh\u00ebzgjatja: 81 min.<\/p><p>Prodhim <strong>:<\/strong> &#8220;Vardar Film&#8221; &#8211; Shkup<\/p><h4><strong>REPUBLIKA N\u00cb ZJARR<\/strong><\/h4><p>Viti i prodhimit: 1969<\/p><p>Zhanri: Film artistik<\/p><p>Zhanri: Historik<\/p><p>Teknika: ekran i gjer\u00eb<\/p><p>Me ngjyra, me z\u00eb, 35 mm.<\/p><p>Gjat\u00ebsia: 2704 metra.<\/p><p>Koh\u00ebzgjatja: 105 min.<\/p><p>Prodhim: &#8220;Vardar film&#8221; &#8211; Shkup<\/p><h4><strong>\u00c7MIMI I QYTETIT<\/strong><\/h4><p>Viti i prodhimit: 1970<\/p><p>Zhanri: Film artistik<\/p><p>Zhanri: dram\u00eb lufte<\/p><p>Teknika: ekran i gjer\u00eb<\/p><p>Bardh e zi, me z\u00eb, 35 mm.<\/p><p>Gjat\u00ebsia: 2254 metra.<\/p><p>Koh\u00ebzgjatja: 85 min.<\/p><p>Prodhim: &#8220;Vardar film&#8221; &#8211; Shkup<\/p><h4><strong>NR<\/strong><\/h4><p>Viti i prodhimit: 1966<\/p><p>Gjinia: film me metrazh t\u00eb shkurt\u00ebr<\/p><p>Zhanri: dram\u00eb sociale<\/p><p>Teknika: standarde<\/p><p>Bardh e zi, me z\u00eb, 35 mm.<\/p><p>Gjat\u00ebsia: 330 metra.<\/p><p>Koh\u00ebzgjatja: 13 min.<\/p><p>Prodhim: &#8220;Vardar film&#8221; &#8211; Shkup<\/p><h4><strong>SHTEG<\/strong><\/h4><p>Viti i prodhimit: 1967<\/p><p>Gjinia: film me metrazh t\u00eb shkurt\u00ebr<\/p><p>Zhanri: parodi<\/p><p>Teknika: standarde<\/p><p>Bardh e zi, me z\u00eb, 35 mm.<\/p><p>Gjat\u00ebsia: 197 metra.<\/p><p>Koh\u00ebzgjatja: 8 min.<\/p><p>Prodhim: &#8220;Vardar film&#8221; &#8211; Shkup<\/p><p><strong> <\/strong><\/p><h4><strong>SIC TRANSIT GLORIA MUNDI<\/strong><\/h4><p>Viti i prodhimit: 1974<\/p><p>Zhanri: dokumentar<\/p><p>Teknika: standarde<\/p><p>Me ngjyra, me z\u00eb, 35 mm.<\/p><p>Gjat\u00ebsia: 280 metra.<\/p><p>Koh\u00ebzgjatja: 10 min.<\/p><p>Prodhim: &#8220;Vardar film&#8221; &#8211; Shkup<\/p><p>N\u00eb fush\u00ebn e kineastis\u00eb hyri me nj\u00eb ngritje meteorike si bashk\u00ebregjisor, me Miodrag-Miki Stamenkoviq, t\u00eb filmit artistik \u201cN\u00ebn t\u00eb nj\u00ebjtin qiell\u201d, p\u00ebr t\u00eb cilin ishte edhe skenarist.<\/p><p>N\u00eb periudh\u00ebn nga 1968 deri n\u00eb 1970. Ai drejtoi n\u00eb m\u00ebnyr\u00eb t\u00eb pavarur tre filmat e tij artistik\u00eb: &#8220;Mali i zem\u00ebrimit&#8221;, &#8220;Republika n\u00eb flak\u00eb&#8221; dhe &#8220;\u00c7mimi i qytetit&#8221;, pas t\u00eb cilave iu p\u00ebrkushtua t\u00ebr\u00ebsisht teatrit. <\/p><p>Ai gjithashtu ka drejtuar filma t\u00eb metrazhit t\u00eb shkurt\u00ebr: &#8220;Jo&#8221; (1966), &#8220;Rruga&#8221; (1967), &#8220;\u00c7far\u00eb shekulli kalon p\u00ebrtej f\u00ebmij\u00ebve&#8221; (1975), dokumentar\u00eb: &#8220;SicTransit Gloria Mundi \/ Heraclea&#8221; (1974) dhe drama televizive.<\/p>\t\t\t\t\t\t\t\t<\/div>\n\t\t\t\t<\/div>\n\t\t\t\t\t<\/div>\n\t\t\t\t<\/div>\n\t\t\t\t<\/div>\n\t\t\t\t<\/div>\n\t\t","protected":false},"excerpt":{"rendered":"<p>Ngritja dhe r\u00ebnia meteorike e regjisorit Ljubisha Georgievski N\u00cbN T\u00cb NJ\u00cbJTIN QIEL Viti i prodhimit: 1964 Zhanri: Film artistik Zhanri: dram\u00eb lufte Teknika: standarde Bardh e zi, me z\u00eb, 35 mm. Gjat\u00ebsia: 2000 metra. Koh\u00ebzgjatja: 77 min. Prodhim: &#8220;Vardar film&#8221; &#8211; Shkup MALI I ZEM\u00cbRIMIT Viti i prodhimit: 1968 Zhanri: Film artistik Zhanri: dram\u00eb sociale [&hellip;]<\/p>\n","protected":false},"author":7,"featured_media":0,"parent":0,"menu_order":0,"comment_status":"closed","ping_status":"closed","template":"","meta":{"_acf_changed":false,"footnotes":""},"class_list":["post-22728","page","type-page","status-publish","hentry"],"acf":[],"yoast_head":"<!-- This site is optimized with the Yoast SEO plugin v27.3 - https:\/\/yoast.com\/product\/yoast-seo-wordpress\/ -->\n<title>Ljubisha Georgievski - \u041a\u0438\u043d\u043e\u0442\u0435\u043a\u0430 \u043d\u0430 \u041c\u0430\u043a\u0435\u0434\u043e\u043d\u0438\u0458\u0430<\/title>\n<meta name=\"robots\" content=\"index, follow, max-snippet:-1, max-image-preview:large, max-video-preview:-1\" \/>\n<link rel=\"canonical\" href=\"https:\/\/staging.kinoteka.borkko.com\/sq\/ljubisha-georgievski\/\" \/>\n<meta property=\"og:locale\" content=\"sq_AL\" \/>\n<meta property=\"og:type\" content=\"article\" \/>\n<meta property=\"og:title\" content=\"Ljubisha Georgievski - \u041a\u0438\u043d\u043e\u0442\u0435\u043a\u0430 \u043d\u0430 \u041c\u0430\u043a\u0435\u0434\u043e\u043d\u0438\u0458\u0430\" \/>\n<meta property=\"og:description\" content=\"Ngritja dhe r\u00ebnia meteorike e regjisorit Ljubisha Georgievski N\u00cbN T\u00cb NJ\u00cbJTIN QIEL Viti i prodhimit: 1964 Zhanri: Film artistik Zhanri: dram\u00eb lufte Teknika: standarde Bardh e zi, me z\u00eb, 35 mm. Gjat\u00ebsia: 2000 metra. Koh\u00ebzgjatja: 77 min. Prodhim: &#8220;Vardar film&#8221; &#8211; Shkup MALI I ZEM\u00cbRIMIT Viti i prodhimit: 1968 Zhanri: Film artistik Zhanri: dram\u00eb sociale [&hellip;]\" \/>\n<meta property=\"og:url\" content=\"https:\/\/staging.kinoteka.borkko.com\/sq\/ljubisha-georgievski\/\" \/>\n<meta property=\"og:site_name\" content=\"\u041a\u0438\u043d\u043e\u0442\u0435\u043a\u0430 \u043d\u0430 \u041c\u0430\u043a\u0435\u0434\u043e\u043d\u0438\u0458\u0430\" \/>\n<meta property=\"article:publisher\" content=\"https:\/\/www.facebook.com\/KinotekaNaSevernaMakedonija\/\" \/>\n<meta property=\"article:modified_time\" content=\"2025-02-25T13:02:56+00:00\" \/>\n<meta property=\"og:image\" content=\"https:\/\/staging.kinoteka.borkko.com\/wp-content\/uploads\/2018\/06\/Planina-na-gnevot.jpg\" \/>\n\t<meta property=\"og:image:width\" content=\"2048\" \/>\n\t<meta property=\"og:image:height\" content=\"1554\" \/>\n\t<meta property=\"og:image:type\" content=\"image\/jpeg\" \/>\n<meta name=\"twitter:card\" content=\"summary_large_image\" \/>\n<meta name=\"twitter:label1\" content=\"Est. reading time\" \/>\n\t<meta name=\"twitter:data1\" content=\"2 minutes\" \/>\n<script type=\"application\/ld+json\" class=\"yoast-schema-graph\">{\"@context\":\"https:\\\/\\\/schema.org\",\"@graph\":[{\"@type\":\"WebPage\",\"@id\":\"https:\\\/\\\/staging.kinoteka.borkko.com\\\/sq\\\/ljubisha-georgievski\\\/\",\"url\":\"https:\\\/\\\/staging.kinoteka.borkko.com\\\/sq\\\/ljubisha-georgievski\\\/\",\"name\":\"Ljubisha Georgievski - \u041a\u0438\u043d\u043e\u0442\u0435\u043a\u0430 \u043d\u0430 \u041c\u0430\u043a\u0435\u0434\u043e\u043d\u0438\u0458\u0430\",\"isPartOf\":{\"@id\":\"https:\\\/\\\/staging.kinoteka.borkko.com\\\/#website\"},\"primaryImageOfPage\":{\"@id\":\"https:\\\/\\\/staging.kinoteka.borkko.com\\\/sq\\\/ljubisha-georgievski\\\/#primaryimage\"},\"image\":{\"@id\":\"https:\\\/\\\/staging.kinoteka.borkko.com\\\/sq\\\/ljubisha-georgievski\\\/#primaryimage\"},\"thumbnailUrl\":\"https:\\\/\\\/staging.kinoteka.borkko.com\\\/wp-content\\\/uploads\\\/2018\\\/06\\\/Planina-na-gnevot-768x583.jpg\",\"datePublished\":\"2025-02-20T18:07:17+00:00\",\"dateModified\":\"2025-02-25T13:02:56+00:00\",\"breadcrumb\":{\"@id\":\"https:\\\/\\\/staging.kinoteka.borkko.com\\\/sq\\\/ljubisha-georgievski\\\/#breadcrumb\"},\"inLanguage\":\"sq-AL\",\"potentialAction\":[{\"@type\":\"ReadAction\",\"target\":[\"https:\\\/\\\/staging.kinoteka.borkko.com\\\/sq\\\/ljubisha-georgievski\\\/\"]}]},{\"@type\":\"ImageObject\",\"inLanguage\":\"sq-AL\",\"@id\":\"https:\\\/\\\/staging.kinoteka.borkko.com\\\/sq\\\/ljubisha-georgievski\\\/#primaryimage\",\"url\":\"https:\\\/\\\/staging.kinoteka.borkko.com\\\/wp-content\\\/uploads\\\/2018\\\/06\\\/Planina-na-gnevot-768x583.jpg\",\"contentUrl\":\"https:\\\/\\\/staging.kinoteka.borkko.com\\\/wp-content\\\/uploads\\\/2018\\\/06\\\/Planina-na-gnevot-768x583.jpg\"},{\"@type\":\"BreadcrumbList\",\"@id\":\"https:\\\/\\\/staging.kinoteka.borkko.com\\\/sq\\\/ljubisha-georgievski\\\/#breadcrumb\",\"itemListElement\":[{\"@type\":\"ListItem\",\"position\":1,\"name\":\"Home\",\"item\":\"https:\\\/\\\/staging.kinoteka.borkko.com\\\/sq\\\/\"},{\"@type\":\"ListItem\",\"position\":2,\"name\":\"Ljubisha Georgievski\"}]},{\"@type\":\"WebSite\",\"@id\":\"https:\\\/\\\/staging.kinoteka.borkko.com\\\/#website\",\"url\":\"https:\\\/\\\/staging.kinoteka.borkko.com\\\/\",\"name\":\"\u041a\u0438\u043d\u043e\u0442\u0435\u043a\u0430 \u043d\u0430 \u041c\u0430\u043a\u0435\u0434\u043e\u043d\u0438\u0458\u0430\",\"description\":\"\u041e\u0444\u0438\u0446\u0438\u0458\u0430\u043b\u043d\u0438\u043e\u0442 \u0432\u0435\u0431 \u043f\u043e\u0440\u0442\u0430\u043b \u043d\u0430 \u041a\u0438\u043d\u043e\u0442\u0435\u043a\u0430 \u043d\u0430 \u041c\u0430\u043a\u0435\u0434\u043e\u043d\u0438\u0458\u0430\",\"publisher\":{\"@id\":\"https:\\\/\\\/staging.kinoteka.borkko.com\\\/#organization\"},\"potentialAction\":[{\"@type\":\"SearchAction\",\"target\":{\"@type\":\"EntryPoint\",\"urlTemplate\":\"https:\\\/\\\/staging.kinoteka.borkko.com\\\/?s={search_term_string}\"},\"query-input\":{\"@type\":\"PropertyValueSpecification\",\"valueRequired\":true,\"valueName\":\"search_term_string\"}}],\"inLanguage\":\"sq-AL\"},{\"@type\":\"Organization\",\"@id\":\"https:\\\/\\\/staging.kinoteka.borkko.com\\\/#organization\",\"name\":\"\u041a\u0438\u043d\u043e\u0442\u0435\u043a\u0430 \u043d\u0430 \u041c\u0430\u043a\u0435\u0434\u043e\u043d\u0438\u0458\u0430\",\"url\":\"https:\\\/\\\/staging.kinoteka.borkko.com\\\/\",\"logo\":{\"@type\":\"ImageObject\",\"inLanguage\":\"sq-AL\",\"@id\":\"https:\\\/\\\/staging.kinoteka.borkko.com\\\/#\\\/schema\\\/logo\\\/image\\\/\",\"url\":\"https:\\\/\\\/staging.kinoteka.borkko.com\\\/wp-content\\\/uploads\\\/2025\\\/01\\\/LOGO-KINOTEKA-50-01.png\",\"contentUrl\":\"https:\\\/\\\/staging.kinoteka.borkko.com\\\/wp-content\\\/uploads\\\/2025\\\/01\\\/LOGO-KINOTEKA-50-01.png\",\"width\":1124,\"height\":1124,\"caption\":\"\u041a\u0438\u043d\u043e\u0442\u0435\u043a\u0430 \u043d\u0430 \u041c\u0430\u043a\u0435\u0434\u043e\u043d\u0438\u0458\u0430\"},\"image\":{\"@id\":\"https:\\\/\\\/staging.kinoteka.borkko.com\\\/#\\\/schema\\\/logo\\\/image\\\/\"},\"sameAs\":[\"https:\\\/\\\/www.facebook.com\\\/KinotekaNaSevernaMakedonija\\\/\",\"https:\\\/\\\/www.instagram.com\\\/kinoteka.mk\\\/\"]}]}<\/script>\n<!-- \/ Yoast SEO plugin. -->","yoast_head_json":{"title":"Ljubisha Georgievski - \u041a\u0438\u043d\u043e\u0442\u0435\u043a\u0430 \u043d\u0430 \u041c\u0430\u043a\u0435\u0434\u043e\u043d\u0438\u0458\u0430","robots":{"index":"index","follow":"follow","max-snippet":"max-snippet:-1","max-image-preview":"max-image-preview:large","max-video-preview":"max-video-preview:-1"},"canonical":"https:\/\/staging.kinoteka.borkko.com\/sq\/ljubisha-georgievski\/","og_locale":"sq_AL","og_type":"article","og_title":"Ljubisha Georgievski - \u041a\u0438\u043d\u043e\u0442\u0435\u043a\u0430 \u043d\u0430 \u041c\u0430\u043a\u0435\u0434\u043e\u043d\u0438\u0458\u0430","og_description":"Ngritja dhe r\u00ebnia meteorike e regjisorit Ljubisha Georgievski N\u00cbN T\u00cb NJ\u00cbJTIN QIEL Viti i prodhimit: 1964 Zhanri: Film artistik Zhanri: dram\u00eb lufte Teknika: standarde Bardh e zi, me z\u00eb, 35 mm. Gjat\u00ebsia: 2000 metra. Koh\u00ebzgjatja: 77 min. Prodhim: &#8220;Vardar film&#8221; &#8211; Shkup MALI I ZEM\u00cbRIMIT Viti i prodhimit: 1968 Zhanri: Film artistik Zhanri: dram\u00eb sociale [&hellip;]","og_url":"https:\/\/staging.kinoteka.borkko.com\/sq\/ljubisha-georgievski\/","og_site_name":"\u041a\u0438\u043d\u043e\u0442\u0435\u043a\u0430 \u043d\u0430 \u041c\u0430\u043a\u0435\u0434\u043e\u043d\u0438\u0458\u0430","article_publisher":"https:\/\/www.facebook.com\/KinotekaNaSevernaMakedonija\/","article_modified_time":"2025-02-25T13:02:56+00:00","og_image":[{"width":2048,"height":1554,"url":"https:\/\/staging.kinoteka.borkko.com\/wp-content\/uploads\/2018\/06\/Planina-na-gnevot.jpg","type":"image\/jpeg"}],"twitter_card":"summary_large_image","twitter_misc":{"Est. reading time":"2 minutes"},"schema":{"@context":"https:\/\/schema.org","@graph":[{"@type":"WebPage","@id":"https:\/\/staging.kinoteka.borkko.com\/sq\/ljubisha-georgievski\/","url":"https:\/\/staging.kinoteka.borkko.com\/sq\/ljubisha-georgievski\/","name":"Ljubisha Georgievski - \u041a\u0438\u043d\u043e\u0442\u0435\u043a\u0430 \u043d\u0430 \u041c\u0430\u043a\u0435\u0434\u043e\u043d\u0438\u0458\u0430","isPartOf":{"@id":"https:\/\/staging.kinoteka.borkko.com\/#website"},"primaryImageOfPage":{"@id":"https:\/\/staging.kinoteka.borkko.com\/sq\/ljubisha-georgievski\/#primaryimage"},"image":{"@id":"https:\/\/staging.kinoteka.borkko.com\/sq\/ljubisha-georgievski\/#primaryimage"},"thumbnailUrl":"https:\/\/staging.kinoteka.borkko.com\/wp-content\/uploads\/2018\/06\/Planina-na-gnevot-768x583.jpg","datePublished":"2025-02-20T18:07:17+00:00","dateModified":"2025-02-25T13:02:56+00:00","breadcrumb":{"@id":"https:\/\/staging.kinoteka.borkko.com\/sq\/ljubisha-georgievski\/#breadcrumb"},"inLanguage":"sq-AL","potentialAction":[{"@type":"ReadAction","target":["https:\/\/staging.kinoteka.borkko.com\/sq\/ljubisha-georgievski\/"]}]},{"@type":"ImageObject","inLanguage":"sq-AL","@id":"https:\/\/staging.kinoteka.borkko.com\/sq\/ljubisha-georgievski\/#primaryimage","url":"https:\/\/staging.kinoteka.borkko.com\/wp-content\/uploads\/2018\/06\/Planina-na-gnevot-768x583.jpg","contentUrl":"https:\/\/staging.kinoteka.borkko.com\/wp-content\/uploads\/2018\/06\/Planina-na-gnevot-768x583.jpg"},{"@type":"BreadcrumbList","@id":"https:\/\/staging.kinoteka.borkko.com\/sq\/ljubisha-georgievski\/#breadcrumb","itemListElement":[{"@type":"ListItem","position":1,"name":"Home","item":"https:\/\/staging.kinoteka.borkko.com\/sq\/"},{"@type":"ListItem","position":2,"name":"Ljubisha Georgievski"}]},{"@type":"WebSite","@id":"https:\/\/staging.kinoteka.borkko.com\/#website","url":"https:\/\/staging.kinoteka.borkko.com\/","name":"\u041a\u0438\u043d\u043e\u0442\u0435\u043a\u0430 \u043d\u0430 \u041c\u0430\u043a\u0435\u0434\u043e\u043d\u0438\u0458\u0430","description":"\u041e\u0444\u0438\u0446\u0438\u0458\u0430\u043b\u043d\u0438\u043e\u0442 \u0432\u0435\u0431 \u043f\u043e\u0440\u0442\u0430\u043b \u043d\u0430 \u041a\u0438\u043d\u043e\u0442\u0435\u043a\u0430 \u043d\u0430 \u041c\u0430\u043a\u0435\u0434\u043e\u043d\u0438\u0458\u0430","publisher":{"@id":"https:\/\/staging.kinoteka.borkko.com\/#organization"},"potentialAction":[{"@type":"SearchAction","target":{"@type":"EntryPoint","urlTemplate":"https:\/\/staging.kinoteka.borkko.com\/?s={search_term_string}"},"query-input":{"@type":"PropertyValueSpecification","valueRequired":true,"valueName":"search_term_string"}}],"inLanguage":"sq-AL"},{"@type":"Organization","@id":"https:\/\/staging.kinoteka.borkko.com\/#organization","name":"\u041a\u0438\u043d\u043e\u0442\u0435\u043a\u0430 \u043d\u0430 \u041c\u0430\u043a\u0435\u0434\u043e\u043d\u0438\u0458\u0430","url":"https:\/\/staging.kinoteka.borkko.com\/","logo":{"@type":"ImageObject","inLanguage":"sq-AL","@id":"https:\/\/staging.kinoteka.borkko.com\/#\/schema\/logo\/image\/","url":"https:\/\/staging.kinoteka.borkko.com\/wp-content\/uploads\/2025\/01\/LOGO-KINOTEKA-50-01.png","contentUrl":"https:\/\/staging.kinoteka.borkko.com\/wp-content\/uploads\/2025\/01\/LOGO-KINOTEKA-50-01.png","width":1124,"height":1124,"caption":"\u041a\u0438\u043d\u043e\u0442\u0435\u043a\u0430 \u043d\u0430 \u041c\u0430\u043a\u0435\u0434\u043e\u043d\u0438\u0458\u0430"},"image":{"@id":"https:\/\/staging.kinoteka.borkko.com\/#\/schema\/logo\/image\/"},"sameAs":["https:\/\/www.facebook.com\/KinotekaNaSevernaMakedonija\/","https:\/\/www.instagram.com\/kinoteka.mk\/"]}]}},"_links":{"self":[{"href":"https:\/\/staging.kinoteka.borkko.com\/sq\/wp-json\/wp\/v2\/pages\/22728","targetHints":{"allow":["GET"]}}],"collection":[{"href":"https:\/\/staging.kinoteka.borkko.com\/sq\/wp-json\/wp\/v2\/pages"}],"about":[{"href":"https:\/\/staging.kinoteka.borkko.com\/sq\/wp-json\/wp\/v2\/types\/page"}],"author":[{"embeddable":true,"href":"https:\/\/staging.kinoteka.borkko.com\/sq\/wp-json\/wp\/v2\/users\/7"}],"replies":[{"embeddable":true,"href":"https:\/\/staging.kinoteka.borkko.com\/sq\/wp-json\/wp\/v2\/comments?post=22728"}],"version-history":[{"count":0,"href":"https:\/\/staging.kinoteka.borkko.com\/sq\/wp-json\/wp\/v2\/pages\/22728\/revisions"}],"wp:attachment":[{"href":"https:\/\/staging.kinoteka.borkko.com\/sq\/wp-json\/wp\/v2\/media?parent=22728"}],"curies":[{"name":"wp","href":"https:\/\/api.w.org\/{rel}","templated":true}]}}