{"id":22736,"date":"2025-02-20T19:13:24","date_gmt":"2025-02-20T18:13:24","guid":{"rendered":"https:\/\/staging.kinoteka.borkko.com\/milcho-manchevski\/"},"modified":"2025-02-25T14:03:03","modified_gmt":"2025-02-25T13:03:03","slug":"milcho-manchevski","status":"publish","type":"page","link":"https:\/\/staging.kinoteka.borkko.com\/sq\/milcho-manchevski\/","title":{"rendered":"Milcho Manchevski"},"content":{"rendered":"\t\t<div data-elementor-type=\"wp-page\" data-elementor-id=\"22736\" class=\"elementor elementor-22736 elementor-654\" data-elementor-post-type=\"page\">\n\t\t\t\t<div class=\"elementor-element elementor-element-c2b8b30 e-con-full e-flex e-con e-parent\" data-id=\"c2b8b30\" data-element_type=\"container\" data-e-type=\"container\">\n\t\t<div class=\"elementor-element elementor-element-497caf2 e-con-full ken-burns animated-slow e-flex elementor-invisible e-con e-child\" data-id=\"497caf2\" data-element_type=\"container\" data-e-type=\"container\" data-settings=\"{&quot;background_background&quot;:&quot;classic&quot;,&quot;animation&quot;:&quot;fadeIn&quot;,&quot;animation_delay&quot;:1.5}\">\n\t\t\t\t<div class=\"elementor-element elementor-element-db3a6aa elementor-widget elementor-widget-text-editor\" data-id=\"db3a6aa\" data-element_type=\"widget\" data-e-type=\"widget\" data-widget_type=\"text-editor.default\">\n\t\t\t\t<div class=\"elementor-widget-container\">\n\t\t\t\t\t\t\t\t\t<h4 class=\"upper\">Para shiut, Pluhuri, Hijet<\/h4><section class=\"page-title parallax-section last-section\"><div class=\"row-parallax-bg\"><div class=\"centrize\"><div class=\"v-center\"><div class=\"container\"><div class=\"title text-center\"><h2><strong>Milcho Manchevski<\/strong><\/h2><\/div><\/div><\/div><\/div><\/div><\/section>\t\t\t\t\t\t\t\t<\/div>\n\t\t\t\t<\/div>\n\t\t\t\t<\/div>\n\t\t<div class=\"elementor-element elementor-element-c6402ea e-flex e-con-boxed e-con e-child\" data-id=\"c6402ea\" data-element_type=\"container\" data-e-type=\"container\">\n\t\t\t\t\t<div class=\"e-con-inner\">\n\t\t\t\t<div class=\"elementor-element elementor-element-ce14256 elementor-widget-tablet__width-inherit elementor-widget elementor-widget-text-editor\" data-id=\"ce14256\" data-element_type=\"widget\" data-e-type=\"widget\" data-widget_type=\"text-editor.default\">\n\t\t\t\t<div class=\"elementor-widget-container\">\n\t\t\t\t\t\t\t\t\t<p><a href=\"http:\/\/maccinema.com\/Person.aspx?p=399\"><strong>Mil\u00e7o Man\u00e7evski<\/strong><\/a> (Shkup, 18 tetor 1959) \u00ebsht\u00eb regjisor dhe skenarist. Ai studioi histori arti dhe arkeologji n\u00eb Fakultetin Filozofik n\u00eb Shkup, m\u00eb pas u nis p\u00ebr n\u00eb Shtetet e Bashkuara t\u00eb Amerik\u00ebs dhe n\u00eb vitin 1983 u diplomua n\u00eb Fakultetin e Filmit dhe Fotografis\u00eb n\u00eb Universitetin e Ilinoisit Jugor. Man\u00e7evski \u00ebsht\u00eb autor i librit \u201cShpirti i n\u00ebn\u00ebs sime\u201d, botuar n\u00eb Nju Jork, tekste p\u00ebr grupin <em>Bastion<\/em>, skenare p\u00ebr videoklipe dhe reklama, si dhe \u00ebsht\u00eb shfaqur si aktor n\u00eb disa filma t\u00eb shkurt\u00ebr, n\u00eb dy filma artistik\u00eb maqedonas dhe n\u00eb nj\u00eb shfaqje teatrale. Nga viti 1985 deri n\u00eb 1991 Ai punon n\u00eb Nju Jork si kameraman p\u00ebr filma dokumentar\u00eb dhe artistik\u00eb, m\u00eb pas si montazher dokumentar\u00ebsh, asistent skenarist p\u00ebr video industriale, asistent projektues ndri\u00e7imi dhe asistent regjisor p\u00ebr video muzikore. Q\u00eb nga viti 1994, ai ka bashk\u00ebpunuar si regjisor n\u00eb projekte p\u00ebr t\u00eb shtat\u00eb studiot e Hollivudit. N\u00eb vitin 1995, Kinoteka e Bolonj\u00ebs, Itali, organizoi retrospektiv\u00ebn e par\u00eb t\u00eb Man\u00e7evskit. Ai ka fituar disa \u00e7mime dhe mir\u00ebnjohje, duke p\u00ebrfshir\u00eb: p\u00ebr filmin PARA SHI, nj\u00eb nominim p\u00ebr \u00e7mimin m\u00eb t\u00eb lart\u00eb t\u00eb filmit, <em>Oscar<\/em> p\u00ebr filmin m\u00eb t\u00eb mir\u00eb n\u00eb gjuh\u00eb t\u00eb huaj, <em>\u00e7mimin Luani<\/em> i Art\u00eb p\u00ebr filmin m\u00eb t\u00eb mir\u00eb n\u00eb Festivalin e Filmit n\u00eb Venecia, m\u00eb pas \u00e7mimin <em>Golden Charlie<\/em> n\u00eb Festivalin Mons, Belgjik\u00eb, si dhe Grand Prix n\u00eb Festivalin e Festivaleve n\u00eb Petrograd. Mil\u00e7o Man\u00e7evski p\u00ebr filmin PARA SHIUT \u00ebsht\u00eb fitues i \u00e7mimit 11 Tetori dhe i shum\u00eb \u00e7mimeve e mir\u00ebnjohjeve t\u00eb tjera p\u00ebr angazhimin e tij n\u00eb artin e filmit&#8230;        <\/p>\t\t\t\t\t\t\t\t<\/div>\n\t\t\t\t<\/div>\n\t\t\t\t<div class=\"elementor-element elementor-element-0a33312 elementor-widget elementor-widget-gallery\" data-id=\"0a33312\" data-element_type=\"widget\" data-e-type=\"widget\" data-settings=\"{&quot;columns&quot;:2,&quot;gap&quot;:{&quot;unit&quot;:&quot;px&quot;,&quot;size&quot;:15,&quot;sizes&quot;:[]},&quot;gallery_layout&quot;:&quot;masonry&quot;,&quot;lazyload&quot;:&quot;yes&quot;,&quot;columns_tablet&quot;:2,&quot;columns_mobile&quot;:1,&quot;gap_tablet&quot;:{&quot;unit&quot;:&quot;px&quot;,&quot;size&quot;:10,&quot;sizes&quot;:[]},&quot;gap_mobile&quot;:{&quot;unit&quot;:&quot;px&quot;,&quot;size&quot;:10,&quot;sizes&quot;:[]},&quot;link_to&quot;:&quot;file&quot;,&quot;overlay_background&quot;:&quot;yes&quot;,&quot;content_hover_animation&quot;:&quot;fade-in&quot;}\" data-widget_type=\"gallery.default\">\n\t\t\t\t<div class=\"elementor-widget-container\">\n\t\t\t\t\t\t\t<div class=\"elementor-gallery__container\">\n\t\t\t\t\t\t\t<a class=\"e-gallery-item elementor-gallery-item elementor-animated-content\" href=\"https:\/\/staging.kinoteka.borkko.com\/wp-content\/uploads\/2018\/09\/Milcho-Manchevski.jpg\" data-elementor-open-lightbox=\"yes\" data-elementor-lightbox-slideshow=\"0a33312\" data-elementor-lightbox-title=\"Milcho Manchevski\" data-e-action-hash=\"#elementor-action%3Aaction%3Dlightbox%26settings%3DeyJpZCI6NjU2LCJ1cmwiOiJodHRwczpcL1wvc3RhZ2luZy5raW5vdGVrYS5ib3Jra28uY29tXC93cC1jb250ZW50XC91cGxvYWRzXC8yMDE4XC8wOVwvTWlsY2hvLU1hbmNoZXZza2kuanBnIiwic2xpZGVzaG93IjoiMGEzMzMxMiJ9\">\n\t\t\t\t\t<div class=\"e-gallery-image elementor-gallery-item__image\" data-thumbnail=\"https:\/\/staging.kinoteka.borkko.com\/wp-content\/uploads\/2018\/09\/Milcho-Manchevski-768x512.jpg\" data-width=\"768\" data-height=\"512\" aria-label=\"\" role=\"img\" ><\/div>\n\t\t\t\t\t\t\t\t\t\t\t<div class=\"elementor-gallery-item__overlay\"><\/div>\n\t\t\t\t\t\t\t\t\t\t\t\t\t\t<\/a>\n\t\t\t\t\t\t\t<a class=\"e-gallery-item elementor-gallery-item elementor-animated-content\" href=\"https:\/\/staging.kinoteka.borkko.com\/wp-content\/uploads\/2018\/09\/scan0001-1-1.jpg\" data-elementor-open-lightbox=\"yes\" data-elementor-lightbox-slideshow=\"0a33312\" data-elementor-lightbox-title=\"scan0001 (1)\" data-e-action-hash=\"#elementor-action%3Aaction%3Dlightbox%26settings%3DeyJpZCI6NjYyLCJ1cmwiOiJodHRwczpcL1wvc3RhZ2luZy5raW5vdGVrYS5ib3Jra28uY29tXC93cC1jb250ZW50XC91cGxvYWRzXC8yMDE4XC8wOVwvc2NhbjAwMDEtMS0xLmpwZyIsInNsaWRlc2hvdyI6IjBhMzMzMTIifQ%3D%3D\">\n\t\t\t\t\t<div class=\"e-gallery-image elementor-gallery-item__image\" data-thumbnail=\"https:\/\/staging.kinoteka.borkko.com\/wp-content\/uploads\/2018\/09\/scan0001-1-1-768x1085.jpg\" data-width=\"768\" data-height=\"1085\" aria-label=\"\" role=\"img\" ><\/div>\n\t\t\t\t\t\t\t\t\t\t\t<div class=\"elementor-gallery-item__overlay\"><\/div>\n\t\t\t\t\t\t\t\t\t\t\t\t\t\t<\/a>\n\t\t\t\t\t\t\t<a class=\"e-gallery-item elementor-gallery-item elementor-animated-content\" href=\"https:\/\/staging.kinoteka.borkko.com\/wp-content\/uploads\/2018\/09\/scan0001-4-1.jpg\" data-elementor-open-lightbox=\"yes\" data-elementor-lightbox-slideshow=\"0a33312\" data-elementor-lightbox-title=\"scan0001 (4)\" data-e-action-hash=\"#elementor-action%3Aaction%3Dlightbox%26settings%3DeyJpZCI6NjYxLCJ1cmwiOiJodHRwczpcL1wvc3RhZ2luZy5raW5vdGVrYS5ib3Jra28uY29tXC93cC1jb250ZW50XC91cGxvYWRzXC8yMDE4XC8wOVwvc2NhbjAwMDEtNC0xLmpwZyIsInNsaWRlc2hvdyI6IjBhMzMzMTIifQ%3D%3D\">\n\t\t\t\t\t<div class=\"e-gallery-image elementor-gallery-item__image\" data-thumbnail=\"https:\/\/staging.kinoteka.borkko.com\/wp-content\/uploads\/2018\/09\/scan0001-4-1-768x534.jpg\" data-width=\"768\" data-height=\"534\" aria-label=\"\" role=\"img\" ><\/div>\n\t\t\t\t\t\t\t\t\t\t\t<div class=\"elementor-gallery-item__overlay\"><\/div>\n\t\t\t\t\t\t\t\t\t\t\t\t\t\t<\/a>\n\t\t\t\t\t\t\t<a class=\"e-gallery-item elementor-gallery-item elementor-animated-content\" href=\"https:\/\/staging.kinoteka.borkko.com\/wp-content\/uploads\/2018\/09\/scan0001-3-e1736781224833.jpg\" data-elementor-open-lightbox=\"yes\" data-elementor-lightbox-slideshow=\"0a33312\" data-elementor-lightbox-title=\"scan0001 (3)\" data-e-action-hash=\"#elementor-action%3Aaction%3Dlightbox%26settings%3DeyJpZCI6NjYzLCJ1cmwiOiJodHRwczpcL1wvc3RhZ2luZy5raW5vdGVrYS5ib3Jra28uY29tXC93cC1jb250ZW50XC91cGxvYWRzXC8yMDE4XC8wOVwvc2NhbjAwMDEtMy1lMTczNjc4MTIyNDgzMy5qcGciLCJzbGlkZXNob3ciOiIwYTMzMzEyIn0%3D\">\n\t\t\t\t\t<div class=\"e-gallery-image elementor-gallery-item__image\" data-thumbnail=\"https:\/\/staging.kinoteka.borkko.com\/wp-content\/uploads\/2018\/09\/scan0001-3-e1736781224833-768x1096.jpg\" data-width=\"768\" data-height=\"1096\" aria-label=\"\" role=\"img\" ><\/div>\n\t\t\t\t\t\t\t\t\t\t\t<div class=\"elementor-gallery-item__overlay\"><\/div>\n\t\t\t\t\t\t\t\t\t\t\t\t\t\t<\/a>\n\t\t\t\t\t<\/div>\n\t\t\t\t\t<\/div>\n\t\t\t\t<\/div>\n\t\t\t\t<div class=\"elementor-element elementor-element-528f784 elementor-widget-tablet__width-inherit elementor-widget elementor-widget-text-editor\" data-id=\"528f784\" data-element_type=\"widget\" data-e-type=\"widget\" data-widget_type=\"text-editor.default\">\n\t\t\t\t<div class=\"elementor-widget-container\">\n\t\t\t\t\t\t\t\t\t<p>&#8220;N\u00eb PARA SHIUT, ne shijuam historin\u00eb e filmuar bukur dhe qart\u00eb, t\u00eb p\u00ebrshtatur n\u00eb loj\u00ebn e strukturuar zgjuar t\u00eb kronotopit t\u00eb filmit &#8211; n\u00eb &#8220;figur\u00ebn tet\u00eb&#8221; t\u00eb p\u00ebrkohshme t\u00eb &#8220;rrethit&#8221; q\u00eb &#8220;nuk \u00ebsht\u00eb i rrumbullak\u00ebt&#8221;, duke reflektuar se sa rast\u00ebsi, si dhe shkatht\u00ebsia mashtruese e k\u00ebtij autori, nuk jan\u00eb pjes\u00eb e filmit n\u00eb p\u00ebrgjith\u00ebsi, ose nuk jan\u00eb pjes\u00eb e filmit t\u00eb p\u00ebrgjithsh\u00ebm.<\/p><p>M\u00eb pas, n\u00eb PLUHUR, u k\u00ebnaq\u00ebm dhe b\u00ebnim gjimnastik\u00eb mendore mes dualitetit intelektual dhe paqart\u00ebsis\u00eb mashtruese t\u00eb autorit dhe q\u00ebndrimit t\u00eb tij autorial, n\u00eb kuptimin &#8220;e kam seriozisht &#8211; nuk jam serioz&#8221;, shkrimi filmik postmodern apo postmodern. A nuk ishte ashtu?<br>Dhe tani, me k\u00ebt\u00eb film t\u00eb tret\u00eb t\u00eb tij, SHADOWS, mashtruesi yn\u00eb i madh i filmit \u2013 ai m\u00eb n\u00eb fund ka realizuar skenarin q\u00eb ishte nj\u00eb nga skenar\u00ebt e tij t\u00eb par\u00eb p\u00ebr nj\u00eb film artistik, dhe t\u00eb cilin donte ta b\u00ebnte p\u00ebr nj\u00eb koh\u00eb t\u00eb gjat\u00eb, madje edhe para dy filmave t\u00eb lartp\u00ebrmendur\u2026 Dhe \u00e7far\u00eb shohim tani n\u00eb k\u00ebt\u00eb film \u2013 kur m\u00eb n\u00eb fund e realizoi?\u2026\u201d <\/p><p>(Fragment nga eseja e Petar Volnarovskit, <em>Kur ka \u2013 ka\u2026 por si?<\/em> kushtuar sken\u00ebs filmike maqedonase, <em>Kinopis <\/em>nr. 35) <\/p>\t\t\t\t\t\t\t\t<\/div>\n\t\t\t\t<\/div>\n\t\t\t\t\t<\/div>\n\t\t\t\t<\/div>\n\t\t\t\t<\/div>\n\t\t\t\t<\/div>\n\t\t","protected":false},"excerpt":{"rendered":"<p>Para shiut, Pluhuri, Hijet Milcho Manchevski Mil\u00e7o Man\u00e7evski (Shkup, 18 tetor 1959) \u00ebsht\u00eb regjisor dhe skenarist. Ai studioi histori arti dhe arkeologji n\u00eb Fakultetin Filozofik n\u00eb Shkup, m\u00eb pas u nis p\u00ebr n\u00eb Shtetet e Bashkuara t\u00eb Amerik\u00ebs dhe n\u00eb vitin 1983 u diplomua n\u00eb Fakultetin e Filmit dhe Fotografis\u00eb n\u00eb Universitetin e Ilinoisit Jugor. [&hellip;]<\/p>\n","protected":false},"author":7,"featured_media":0,"parent":0,"menu_order":0,"comment_status":"closed","ping_status":"closed","template":"","meta":{"_acf_changed":false,"footnotes":""},"class_list":["post-22736","page","type-page","status-publish","hentry"],"acf":[],"yoast_head":"<!-- This site is optimized with the Yoast SEO plugin v27.3 - https:\/\/yoast.com\/product\/yoast-seo-wordpress\/ -->\n<title>Milcho Manchevski - \u041a\u0438\u043d\u043e\u0442\u0435\u043a\u0430 \u043d\u0430 \u041c\u0430\u043a\u0435\u0434\u043e\u043d\u0438\u0458\u0430<\/title>\n<meta name=\"robots\" content=\"index, follow, max-snippet:-1, max-image-preview:large, max-video-preview:-1\" \/>\n<link rel=\"canonical\" href=\"https:\/\/staging.kinoteka.borkko.com\/sq\/milcho-manchevski\/\" \/>\n<meta property=\"og:locale\" content=\"sq_AL\" \/>\n<meta property=\"og:type\" content=\"article\" \/>\n<meta property=\"og:title\" content=\"Milcho Manchevski - \u041a\u0438\u043d\u043e\u0442\u0435\u043a\u0430 \u043d\u0430 \u041c\u0430\u043a\u0435\u0434\u043e\u043d\u0438\u0458\u0430\" \/>\n<meta property=\"og:description\" content=\"Para shiut, Pluhuri, Hijet Milcho Manchevski Mil\u00e7o Man\u00e7evski (Shkup, 18 tetor 1959) \u00ebsht\u00eb regjisor dhe skenarist. Ai studioi histori arti dhe arkeologji n\u00eb Fakultetin Filozofik n\u00eb Shkup, m\u00eb pas u nis p\u00ebr n\u00eb Shtetet e Bashkuara t\u00eb Amerik\u00ebs dhe n\u00eb vitin 1983 u diplomua n\u00eb Fakultetin e Filmit dhe Fotografis\u00eb n\u00eb Universitetin e Ilinoisit Jugor. [&hellip;]\" \/>\n<meta property=\"og:url\" content=\"https:\/\/staging.kinoteka.borkko.com\/sq\/milcho-manchevski\/\" \/>\n<meta property=\"og:site_name\" content=\"\u041a\u0438\u043d\u043e\u0442\u0435\u043a\u0430 \u043d\u0430 \u041c\u0430\u043a\u0435\u0434\u043e\u043d\u0438\u0458\u0430\" \/>\n<meta property=\"article:publisher\" content=\"https:\/\/www.facebook.com\/KinotekaNaSevernaMakedonija\/\" \/>\n<meta property=\"article:modified_time\" content=\"2025-02-25T13:03:03+00:00\" \/>\n<meta name=\"twitter:card\" content=\"summary_large_image\" \/>\n<meta name=\"twitter:label1\" content=\"Est. reading time\" \/>\n\t<meta name=\"twitter:data1\" content=\"2 minutes\" \/>\n<script type=\"application\/ld+json\" class=\"yoast-schema-graph\">{\"@context\":\"https:\\\/\\\/schema.org\",\"@graph\":[{\"@type\":\"WebPage\",\"@id\":\"https:\\\/\\\/staging.kinoteka.borkko.com\\\/sq\\\/milcho-manchevski\\\/\",\"url\":\"https:\\\/\\\/staging.kinoteka.borkko.com\\\/sq\\\/milcho-manchevski\\\/\",\"name\":\"Milcho Manchevski - \u041a\u0438\u043d\u043e\u0442\u0435\u043a\u0430 \u043d\u0430 \u041c\u0430\u043a\u0435\u0434\u043e\u043d\u0438\u0458\u0430\",\"isPartOf\":{\"@id\":\"https:\\\/\\\/staging.kinoteka.borkko.com\\\/#website\"},\"datePublished\":\"2025-02-20T18:13:24+00:00\",\"dateModified\":\"2025-02-25T13:03:03+00:00\",\"breadcrumb\":{\"@id\":\"https:\\\/\\\/staging.kinoteka.borkko.com\\\/sq\\\/milcho-manchevski\\\/#breadcrumb\"},\"inLanguage\":\"sq-AL\",\"potentialAction\":[{\"@type\":\"ReadAction\",\"target\":[\"https:\\\/\\\/staging.kinoteka.borkko.com\\\/sq\\\/milcho-manchevski\\\/\"]}]},{\"@type\":\"BreadcrumbList\",\"@id\":\"https:\\\/\\\/staging.kinoteka.borkko.com\\\/sq\\\/milcho-manchevski\\\/#breadcrumb\",\"itemListElement\":[{\"@type\":\"ListItem\",\"position\":1,\"name\":\"Home\",\"item\":\"https:\\\/\\\/staging.kinoteka.borkko.com\\\/sq\\\/\"},{\"@type\":\"ListItem\",\"position\":2,\"name\":\"Milcho Manchevski\"}]},{\"@type\":\"WebSite\",\"@id\":\"https:\\\/\\\/staging.kinoteka.borkko.com\\\/#website\",\"url\":\"https:\\\/\\\/staging.kinoteka.borkko.com\\\/\",\"name\":\"\u041a\u0438\u043d\u043e\u0442\u0435\u043a\u0430 \u043d\u0430 \u041c\u0430\u043a\u0435\u0434\u043e\u043d\u0438\u0458\u0430\",\"description\":\"\u041e\u0444\u0438\u0446\u0438\u0458\u0430\u043b\u043d\u0438\u043e\u0442 \u0432\u0435\u0431 \u043f\u043e\u0440\u0442\u0430\u043b \u043d\u0430 \u041a\u0438\u043d\u043e\u0442\u0435\u043a\u0430 \u043d\u0430 \u041c\u0430\u043a\u0435\u0434\u043e\u043d\u0438\u0458\u0430\",\"publisher\":{\"@id\":\"https:\\\/\\\/staging.kinoteka.borkko.com\\\/#organization\"},\"potentialAction\":[{\"@type\":\"SearchAction\",\"target\":{\"@type\":\"EntryPoint\",\"urlTemplate\":\"https:\\\/\\\/staging.kinoteka.borkko.com\\\/?s={search_term_string}\"},\"query-input\":{\"@type\":\"PropertyValueSpecification\",\"valueRequired\":true,\"valueName\":\"search_term_string\"}}],\"inLanguage\":\"sq-AL\"},{\"@type\":\"Organization\",\"@id\":\"https:\\\/\\\/staging.kinoteka.borkko.com\\\/#organization\",\"name\":\"\u041a\u0438\u043d\u043e\u0442\u0435\u043a\u0430 \u043d\u0430 \u041c\u0430\u043a\u0435\u0434\u043e\u043d\u0438\u0458\u0430\",\"url\":\"https:\\\/\\\/staging.kinoteka.borkko.com\\\/\",\"logo\":{\"@type\":\"ImageObject\",\"inLanguage\":\"sq-AL\",\"@id\":\"https:\\\/\\\/staging.kinoteka.borkko.com\\\/#\\\/schema\\\/logo\\\/image\\\/\",\"url\":\"https:\\\/\\\/staging.kinoteka.borkko.com\\\/wp-content\\\/uploads\\\/2025\\\/01\\\/LOGO-KINOTEKA-50-01.png\",\"contentUrl\":\"https:\\\/\\\/staging.kinoteka.borkko.com\\\/wp-content\\\/uploads\\\/2025\\\/01\\\/LOGO-KINOTEKA-50-01.png\",\"width\":1124,\"height\":1124,\"caption\":\"\u041a\u0438\u043d\u043e\u0442\u0435\u043a\u0430 \u043d\u0430 \u041c\u0430\u043a\u0435\u0434\u043e\u043d\u0438\u0458\u0430\"},\"image\":{\"@id\":\"https:\\\/\\\/staging.kinoteka.borkko.com\\\/#\\\/schema\\\/logo\\\/image\\\/\"},\"sameAs\":[\"https:\\\/\\\/www.facebook.com\\\/KinotekaNaSevernaMakedonija\\\/\",\"https:\\\/\\\/www.instagram.com\\\/kinoteka.mk\\\/\"]}]}<\/script>\n<!-- \/ Yoast SEO plugin. -->","yoast_head_json":{"title":"Milcho Manchevski - \u041a\u0438\u043d\u043e\u0442\u0435\u043a\u0430 \u043d\u0430 \u041c\u0430\u043a\u0435\u0434\u043e\u043d\u0438\u0458\u0430","robots":{"index":"index","follow":"follow","max-snippet":"max-snippet:-1","max-image-preview":"max-image-preview:large","max-video-preview":"max-video-preview:-1"},"canonical":"https:\/\/staging.kinoteka.borkko.com\/sq\/milcho-manchevski\/","og_locale":"sq_AL","og_type":"article","og_title":"Milcho Manchevski - \u041a\u0438\u043d\u043e\u0442\u0435\u043a\u0430 \u043d\u0430 \u041c\u0430\u043a\u0435\u0434\u043e\u043d\u0438\u0458\u0430","og_description":"Para shiut, Pluhuri, Hijet Milcho Manchevski Mil\u00e7o Man\u00e7evski (Shkup, 18 tetor 1959) \u00ebsht\u00eb regjisor dhe skenarist. Ai studioi histori arti dhe arkeologji n\u00eb Fakultetin Filozofik n\u00eb Shkup, m\u00eb pas u nis p\u00ebr n\u00eb Shtetet e Bashkuara t\u00eb Amerik\u00ebs dhe n\u00eb vitin 1983 u diplomua n\u00eb Fakultetin e Filmit dhe Fotografis\u00eb n\u00eb Universitetin e Ilinoisit Jugor. [&hellip;]","og_url":"https:\/\/staging.kinoteka.borkko.com\/sq\/milcho-manchevski\/","og_site_name":"\u041a\u0438\u043d\u043e\u0442\u0435\u043a\u0430 \u043d\u0430 \u041c\u0430\u043a\u0435\u0434\u043e\u043d\u0438\u0458\u0430","article_publisher":"https:\/\/www.facebook.com\/KinotekaNaSevernaMakedonija\/","article_modified_time":"2025-02-25T13:03:03+00:00","twitter_card":"summary_large_image","twitter_misc":{"Est. reading time":"2 minutes"},"schema":{"@context":"https:\/\/schema.org","@graph":[{"@type":"WebPage","@id":"https:\/\/staging.kinoteka.borkko.com\/sq\/milcho-manchevski\/","url":"https:\/\/staging.kinoteka.borkko.com\/sq\/milcho-manchevski\/","name":"Milcho Manchevski - \u041a\u0438\u043d\u043e\u0442\u0435\u043a\u0430 \u043d\u0430 \u041c\u0430\u043a\u0435\u0434\u043e\u043d\u0438\u0458\u0430","isPartOf":{"@id":"https:\/\/staging.kinoteka.borkko.com\/#website"},"datePublished":"2025-02-20T18:13:24+00:00","dateModified":"2025-02-25T13:03:03+00:00","breadcrumb":{"@id":"https:\/\/staging.kinoteka.borkko.com\/sq\/milcho-manchevski\/#breadcrumb"},"inLanguage":"sq-AL","potentialAction":[{"@type":"ReadAction","target":["https:\/\/staging.kinoteka.borkko.com\/sq\/milcho-manchevski\/"]}]},{"@type":"BreadcrumbList","@id":"https:\/\/staging.kinoteka.borkko.com\/sq\/milcho-manchevski\/#breadcrumb","itemListElement":[{"@type":"ListItem","position":1,"name":"Home","item":"https:\/\/staging.kinoteka.borkko.com\/sq\/"},{"@type":"ListItem","position":2,"name":"Milcho Manchevski"}]},{"@type":"WebSite","@id":"https:\/\/staging.kinoteka.borkko.com\/#website","url":"https:\/\/staging.kinoteka.borkko.com\/","name":"\u041a\u0438\u043d\u043e\u0442\u0435\u043a\u0430 \u043d\u0430 \u041c\u0430\u043a\u0435\u0434\u043e\u043d\u0438\u0458\u0430","description":"\u041e\u0444\u0438\u0446\u0438\u0458\u0430\u043b\u043d\u0438\u043e\u0442 \u0432\u0435\u0431 \u043f\u043e\u0440\u0442\u0430\u043b \u043d\u0430 \u041a\u0438\u043d\u043e\u0442\u0435\u043a\u0430 \u043d\u0430 \u041c\u0430\u043a\u0435\u0434\u043e\u043d\u0438\u0458\u0430","publisher":{"@id":"https:\/\/staging.kinoteka.borkko.com\/#organization"},"potentialAction":[{"@type":"SearchAction","target":{"@type":"EntryPoint","urlTemplate":"https:\/\/staging.kinoteka.borkko.com\/?s={search_term_string}"},"query-input":{"@type":"PropertyValueSpecification","valueRequired":true,"valueName":"search_term_string"}}],"inLanguage":"sq-AL"},{"@type":"Organization","@id":"https:\/\/staging.kinoteka.borkko.com\/#organization","name":"\u041a\u0438\u043d\u043e\u0442\u0435\u043a\u0430 \u043d\u0430 \u041c\u0430\u043a\u0435\u0434\u043e\u043d\u0438\u0458\u0430","url":"https:\/\/staging.kinoteka.borkko.com\/","logo":{"@type":"ImageObject","inLanguage":"sq-AL","@id":"https:\/\/staging.kinoteka.borkko.com\/#\/schema\/logo\/image\/","url":"https:\/\/staging.kinoteka.borkko.com\/wp-content\/uploads\/2025\/01\/LOGO-KINOTEKA-50-01.png","contentUrl":"https:\/\/staging.kinoteka.borkko.com\/wp-content\/uploads\/2025\/01\/LOGO-KINOTEKA-50-01.png","width":1124,"height":1124,"caption":"\u041a\u0438\u043d\u043e\u0442\u0435\u043a\u0430 \u043d\u0430 \u041c\u0430\u043a\u0435\u0434\u043e\u043d\u0438\u0458\u0430"},"image":{"@id":"https:\/\/staging.kinoteka.borkko.com\/#\/schema\/logo\/image\/"},"sameAs":["https:\/\/www.facebook.com\/KinotekaNaSevernaMakedonija\/","https:\/\/www.instagram.com\/kinoteka.mk\/"]}]}},"_links":{"self":[{"href":"https:\/\/staging.kinoteka.borkko.com\/sq\/wp-json\/wp\/v2\/pages\/22736","targetHints":{"allow":["GET"]}}],"collection":[{"href":"https:\/\/staging.kinoteka.borkko.com\/sq\/wp-json\/wp\/v2\/pages"}],"about":[{"href":"https:\/\/staging.kinoteka.borkko.com\/sq\/wp-json\/wp\/v2\/types\/page"}],"author":[{"embeddable":true,"href":"https:\/\/staging.kinoteka.borkko.com\/sq\/wp-json\/wp\/v2\/users\/7"}],"replies":[{"embeddable":true,"href":"https:\/\/staging.kinoteka.borkko.com\/sq\/wp-json\/wp\/v2\/comments?post=22736"}],"version-history":[{"count":0,"href":"https:\/\/staging.kinoteka.borkko.com\/sq\/wp-json\/wp\/v2\/pages\/22736\/revisions"}],"wp:attachment":[{"href":"https:\/\/staging.kinoteka.borkko.com\/sq\/wp-json\/wp\/v2\/media?parent=22736"}],"curies":[{"name":"wp","href":"https:\/\/api.w.org\/{rel}","templated":true}]}}