{"id":471,"date":"2018-07-25T23:44:04","date_gmt":"2018-07-25T21:44:04","guid":{"rendered":"http:\/\/newsite.maccinema.com\/?page_id=471"},"modified":"2025-02-25T14:32:53","modified_gmt":"2025-02-25T13:32:53","slug":"veprimtaria-publike","status":"publish","type":"page","link":"https:\/\/staging.kinoteka.borkko.com\/sq\/veprimtaria-publike\/","title":{"rendered":"Veprimtaria Publike"},"content":{"rendered":"\t\t<div data-elementor-type=\"wp-page\" data-elementor-id=\"471\" class=\"elementor elementor-471 elementor-105\" data-elementor-post-type=\"page\">\n\t\t\t\t<div class=\"elementor-element elementor-element-4ced6b3 e-con-full animated-slow hero-section e-flex elementor-invisible e-con e-parent\" data-id=\"4ced6b3\" data-element_type=\"container\" data-e-type=\"container\" data-settings=\"{&quot;background_background&quot;:&quot;gradient&quot;,&quot;animation&quot;:&quot;fadeIn&quot;,&quot;animation_delay&quot;:0.3}\">\n\t\t\t\t<div class=\"elementor-element elementor-element-dd8920a elementor-widget elementor-widget-heading\" data-id=\"dd8920a\" data-element_type=\"widget\" data-e-type=\"widget\" data-widget_type=\"heading.default\">\n\t\t\t\t<div class=\"elementor-widget-container\">\n\t\t\t\t\t<h2 class=\"elementor-heading-title elementor-size-default\">veprimtaria publike<\/h2>\t\t\t\t<\/div>\n\t\t\t\t<\/div>\n\t\t\t\t<\/div>\n\t\t<div class=\"elementor-element elementor-element-7c164072 e-flex e-con-boxed e-con e-parent\" data-id=\"7c164072\" data-element_type=\"container\" data-e-type=\"container\">\n\t\t\t\t\t<div class=\"e-con-inner\">\n\t\t\t\t<div class=\"elementor-element elementor-element-5571fa3c elementor-widget elementor-widget-text-editor\" data-id=\"5571fa3c\" data-element_type=\"widget\" data-e-type=\"widget\" data-widget_type=\"text-editor.default\">\n\t\t\t\t<div class=\"elementor-widget-container\">\n\t\t\t\t\t\t\t\t\t<p class=\"p1\"><span class=\"s1\">Sektori p\u00ebr veprimtari publike kryen aktivitete nga fusha e prezantimit, promovimit dhe shfaqjes s\u00eb filmave q\u00eb i posedon Kinoteka, \u2013 p\u00ebrmes huazimit t\u00eb filmave dhe materialeve tjera, si dhe p\u00ebrmes organizimit t\u00eb retrospektivave, manifestimeve e ekspozitave \u2013 si n\u00eb shtet, ashtu edhe jasht\u00eb.<\/span><\/p>\n\n<h3 class=\"p1\"><strong><span class=\"s1\"><i>Fototeka<\/i><\/span><\/strong><\/h3>\n<p class=\"p1\"><span class=\"s1\">Pjes\u00eb e pandashme e produksionit t\u00eb filmit jan\u00eb fotografit\u00eb filmike, pllakatet dhe materiali tjet\u00ebr propagandues q\u00eb ruhet n\u00eb fototek\u00eb. N\u00eb t\u00eb jan\u00eb mbledhur dhe p\u00ebrpunuar mbi 45.000 fotografi, 607 pllakate, mbi 34.000 materiale propagandistike (katalogje, programe, afishe), 4.800 fotografi n\u00eb negativ, 1.270 sllajde, 390 skica kostumografie, 155 skica skenografie dhe 380 folia. Ato jan\u00eb mbi 80.600 nj\u00ebsi \u2013 vet\u00ebm nga program nacional. Gjithashtu, fototeka e Kinotek\u00ebs s\u00eb Maqedonis\u00eb disponon edhe me num\u00ebr t\u00eb madh pllakatesh dhe material propagandues nga produksioni i huaj.   <\/span><\/p>\n<p class=\"p1\"><span class=\"s1\">Kontakt: Sillvana Jovanovska <strong><a href=\"mailto:silvanaj@maccinema.com\"><span class=\"s2\">silvanaj@maccinema.com<\/span><\/a><\/strong><\/span><\/p>\n\n<h3 class=\"p1\"><strong><span class=\"s1\"><i>Dokumentacioni i shkruar<\/i><\/span><\/strong><\/h3>\n<p class=\"p1\"><span class=\"s1\">Sektori p\u00ebr dokumente t\u00eb shkruara ka p\u00ebr detyr\u00eb t\u00eb mbledh, ruan dhe p\u00ebrpunon materialet e shkruara dhe dokumentacionin shoq\u00ebrues nga sfera e filmit: sinopsis\u00eb, skenare, libra p\u00ebr xhirim, dialogje dhe dokumente tjera (marr\u00ebveshje autoriale, marr\u00ebveshje p\u00ebr koproduksion, dokumente personale t\u00eb autor\u00ebve filmik\u00eb). Deri tani, n\u00eb k\u00ebt\u00eb sektor jan\u00eb mbledhur dhe p\u00ebrpunuar m\u00eb shum\u00eb se 400.000 nj\u00ebsi dokumentesh e materialesh, t\u00eb vendosura n\u00eb kutit\u00eb e arkivit p\u00ebraf\u00ebrsisht rreth 200 metra gjat\u00ebsi. <\/span><\/p>\n<p class=\"p1\"><span class=\"s1\">Kontakt: Millka Kapsarova-Zoksimovska <strong><a href=\"mailto:milkakz@maccinema.com\"><span class=\"s2\">milkakz@maccinema.com<\/span><\/a><\/strong><\/span><\/p>\n\n<h3 class=\"p1\"><strong><span class=\"s1\"><i>Veprimtaria botuese<\/i><\/span><\/strong><\/h3>\n<p class=\"p1\"><span class=\"s1\">Mes aktiviteteve tjera t\u00eb Kinotek\u00ebs, bie edhe publikimi dhe shtypja e librave nga fusha e historis\u00eb dhe teoris\u00eb filmike. Deri tash, Kinoteka ka botuar 26 tituj. Kinoteka e boton edhe revist\u00ebn periodike p\u00ebr histori, teori dhe culture filmike \u2013 KINOPIS, e cila del dy here n\u00eb vit. P\u00ebrve\u00e7 k\u00ebsaj, nga fusha e botimeve elektronike, n\u00eb vitin 200, Kinoteka e botoi edhe CD-ROM multimedial \u201cShekulli i filmit n\u00eb Maqedoni\u201d.    <\/span><\/p>\n<p class=\"p1\">Kontakt: Petar Vollnarovski <strong><a href=\"mailto:petarv@maccinema.com\">petarv@maccinema.com<\/a><\/strong><\/p>\n\n<h3><strong><em>Salla e kinemas\u00eb<\/em><\/strong><\/h3>\nN\u00eb vitin 2006, Kinoteka festoi 30 vjetorin e saj n\u00eb ambientet e reja t\u00eb godin\u00ebs s\u00eb bibliotek\u00ebs &#8220;Drugarche&#8221; me sall\u00ebn e kinemas\u00eb, videoteka dhe librari filmike, ekspozit\u00eb t\u00eb p\u00ebrhershme muzeale, galeri ekspozitash, bibliotek\u00eb, fototek\u00eb&#8230;\n\nPas rinovimit t\u00eb plot\u00eb dhe pajisjes me 35mm. projektor\u00eb filmash dhe nj\u00eb sistem tingulli rrethues, dhe 136 vende, m\u00eb 10 tetor 2006, programi i rregullt i filmit fillon n\u00eb kinema. Jan\u00eb mbajtur disa cikle, duke p\u00ebrfshir\u00eb: \u201cFilmi maqedonas\u201d, \u201cFilmi i autorit\u201d, \u201c\u00c7aplin-identiteti i filmit\u201d, \u201cVisconti\u201d, \u201cLindje-Per\u00ebndim\u201d, \u201cJava e filmit francez\u201d etj.\n\nN\u00eb vitet n\u00eb vijim mbahen nj\u00eb num\u00ebr i madh ciklesh t\u00eb autor\u00ebve, regjisor\u00ebve dhe regjisor\u00ebve t\u00eb njohur t\u00eb fotografis\u00eb, pastaj prezantimi i nj\u00eb numri t\u00eb madh kinemash komb\u00ebtare si dhe festivale, premiera dhe promovime. T\u00eb ftuar n\u00eb Kinematek\u00eb, nd\u00ebr t\u00eb tjera, ishin: Jiri Menzl, Natalija Bondarchuk, Manolo De Oliveira, Thierry Arbogas, Lordan Zafranovi\u0107, Zhelimir \u017dilnik e t\u00eb tjer\u00eb.\n\nN\u00eb vitin 2015 \u00ebsht\u00eb b\u00ebr\u00eb rinovimi i sall\u00ebs s\u00eb kinemas\u00eb, gjegj\u00ebsisht jan\u00eb instaluar pajisje t\u00eb reja p\u00ebr projektim dixhital, projektor DCP, media, Blu-ray dhe DVD player, si dhe \u00ebsht\u00eb instaluar nj\u00eb ekran i ri projeksioni.\n<h2><strong>T\u00cb DH\u00cbNAT E PARAQITJES S\u00cb SHQIP\u00cbRIS\u00cb S\u00cb Kinemas\u00eb <\/strong><\/h2>\n<h3><strong>N\u00cb PERIUDH\u00cbN NGA 2015-2018<\/strong><\/h3>\n<table>\n<tbody>\n<tr>\n<td width=\"177\"><strong>Viti\n<\/strong><\/td><td width=\"131\"><strong>Projeksionet\n<\/strong><\/td><td width=\"154\"><strong>Titujt\n<\/strong><\/td><td width=\"154\"><strong>Vizitor\u00ebt<\/strong><\/td>\n<\/tr>\n<tr>\n<td width=\"177\">2015<\/td>\n<td width=\"131\">276<\/td>\n<td width=\"154\">207<\/td>\n<td width=\"154\">8811<\/td>\n<\/tr>\n<tr>\n<td width=\"177\">2016<\/td>\n<td width=\"131\">363<\/td>\n<td width=\"154\">267<\/td>\n<td width=\"154\">13275<\/td>\n<\/tr>\n<tr>\n<td width=\"177\">2017<\/td>\n<td width=\"131\">255<\/td>\n<td width=\"154\">362<\/td>\n<td width=\"154\">9198<\/td>\n<\/tr>\n<tr>\n<td width=\"177\">2018 (1\u20136 muaj)<\/td>\n<td width=\"131\">248<\/td>\n<td width=\"154\">240<\/td>\n<td width=\"154\">9522<\/td>\n<\/tr>\n<\/tbody>\n<\/table>\nKontakt: Bojan Stanisic <a href=\"mailto:bojans@maccinema.com\"><strong>bojans@maccinema.com<\/strong><\/a>\t\t\t\t\t\t\t\t<\/div>\n\t\t\t\t<\/div>\n\t\t\t\t\t<\/div>\n\t\t\t\t<\/div>\n\t\t\t\t<\/div>\n\t\t","protected":false},"excerpt":{"rendered":"<p>veprimtaria publike Sektori p\u00ebr veprimtari publike kryen aktivitete nga fusha e prezantimit, promovimit dhe shfaqjes s\u00eb filmave q\u00eb i posedon Kinoteka, \u2013 p\u00ebrmes huazimit t\u00eb filmave dhe materialeve tjera, si dhe p\u00ebrmes organizimit t\u00eb retrospektivave, manifestimeve e ekspozitave \u2013 si n\u00eb shtet, ashtu edhe jasht\u00eb. Fototeka Pjes\u00eb e pandashme e produksionit t\u00eb filmit jan\u00eb fotografit\u00eb [&hellip;]<\/p>\n","protected":false},"author":7,"featured_media":0,"parent":0,"menu_order":0,"comment_status":"closed","ping_status":"closed","template":"","meta":{"_acf_changed":false,"footnotes":""},"class_list":["post-471","page","type-page","status-publish","hentry"],"acf":[],"yoast_head":"<!-- This site is optimized with the Yoast SEO plugin v27.3 - https:\/\/yoast.com\/product\/yoast-seo-wordpress\/ -->\n<title>Veprimtaria Publike - \u041a\u0438\u043d\u043e\u0442\u0435\u043a\u0430 \u043d\u0430 \u041c\u0430\u043a\u0435\u0434\u043e\u043d\u0438\u0458\u0430<\/title>\n<meta name=\"robots\" content=\"index, follow, max-snippet:-1, max-image-preview:large, max-video-preview:-1\" \/>\n<link rel=\"canonical\" href=\"https:\/\/staging.kinoteka.borkko.com\/javna-dejnost\/\" \/>\n<meta property=\"og:locale\" content=\"sq_AL\" \/>\n<meta property=\"og:type\" content=\"article\" \/>\n<meta property=\"og:title\" content=\"Veprimtaria Publike - \u041a\u0438\u043d\u043e\u0442\u0435\u043a\u0430 \u043d\u0430 \u041c\u0430\u043a\u0435\u0434\u043e\u043d\u0438\u0458\u0430\" \/>\n<meta property=\"og:description\" content=\"veprimtaria publike Sektori p\u00ebr veprimtari publike kryen aktivitete nga fusha e prezantimit, promovimit dhe shfaqjes s\u00eb filmave q\u00eb i posedon Kinoteka, \u2013 p\u00ebrmes huazimit t\u00eb filmave dhe materialeve tjera, si dhe p\u00ebrmes organizimit t\u00eb retrospektivave, manifestimeve e ekspozitave \u2013 si n\u00eb shtet, ashtu edhe jasht\u00eb. Fototeka Pjes\u00eb e pandashme e produksionit t\u00eb filmit jan\u00eb fotografit\u00eb [&hellip;]\" \/>\n<meta property=\"og:url\" content=\"https:\/\/staging.kinoteka.borkko.com\/javna-dejnost\/\" \/>\n<meta property=\"og:site_name\" content=\"\u041a\u0438\u043d\u043e\u0442\u0435\u043a\u0430 \u043d\u0430 \u041c\u0430\u043a\u0435\u0434\u043e\u043d\u0438\u0458\u0430\" \/>\n<meta property=\"article:publisher\" content=\"https:\/\/www.facebook.com\/KinotekaNaSevernaMakedonija\/\" \/>\n<meta property=\"article:modified_time\" content=\"2025-02-25T13:32:53+00:00\" \/>\n<meta name=\"twitter:card\" content=\"summary_large_image\" \/>\n<meta name=\"twitter:label1\" content=\"Est. reading time\" \/>\n\t<meta name=\"twitter:data1\" content=\"3 minutes\" \/>\n<script type=\"application\/ld+json\" class=\"yoast-schema-graph\">{\"@context\":\"https:\\\/\\\/schema.org\",\"@graph\":[{\"@type\":\"WebPage\",\"@id\":\"https:\\\/\\\/staging.kinoteka.borkko.com\\\/javna-dejnost\\\/\",\"url\":\"https:\\\/\\\/staging.kinoteka.borkko.com\\\/javna-dejnost\\\/\",\"name\":\"Veprimtaria Publike - \u041a\u0438\u043d\u043e\u0442\u0435\u043a\u0430 \u043d\u0430 \u041c\u0430\u043a\u0435\u0434\u043e\u043d\u0438\u0458\u0430\",\"isPartOf\":{\"@id\":\"https:\\\/\\\/staging.kinoteka.borkko.com\\\/#website\"},\"datePublished\":\"2018-07-25T21:44:04+00:00\",\"dateModified\":\"2025-02-25T13:32:53+00:00\",\"breadcrumb\":{\"@id\":\"https:\\\/\\\/staging.kinoteka.borkko.com\\\/javna-dejnost\\\/#breadcrumb\"},\"inLanguage\":\"sq-AL\",\"potentialAction\":[{\"@type\":\"ReadAction\",\"target\":[\"https:\\\/\\\/staging.kinoteka.borkko.com\\\/javna-dejnost\\\/\"]}]},{\"@type\":\"BreadcrumbList\",\"@id\":\"https:\\\/\\\/staging.kinoteka.borkko.com\\\/javna-dejnost\\\/#breadcrumb\",\"itemListElement\":[{\"@type\":\"ListItem\",\"position\":1,\"name\":\"Home\",\"item\":\"https:\\\/\\\/staging.kinoteka.borkko.com\\\/sq\\\/\"},{\"@type\":\"ListItem\",\"position\":2,\"name\":\"Veprimtaria Publike\"}]},{\"@type\":\"WebSite\",\"@id\":\"https:\\\/\\\/staging.kinoteka.borkko.com\\\/#website\",\"url\":\"https:\\\/\\\/staging.kinoteka.borkko.com\\\/\",\"name\":\"\u041a\u0438\u043d\u043e\u0442\u0435\u043a\u0430 \u043d\u0430 \u041c\u0430\u043a\u0435\u0434\u043e\u043d\u0438\u0458\u0430\",\"description\":\"\u041e\u0444\u0438\u0446\u0438\u0458\u0430\u043b\u043d\u0438\u043e\u0442 \u0432\u0435\u0431 \u043f\u043e\u0440\u0442\u0430\u043b \u043d\u0430 \u041a\u0438\u043d\u043e\u0442\u0435\u043a\u0430 \u043d\u0430 \u041c\u0430\u043a\u0435\u0434\u043e\u043d\u0438\u0458\u0430\",\"publisher\":{\"@id\":\"https:\\\/\\\/staging.kinoteka.borkko.com\\\/#organization\"},\"potentialAction\":[{\"@type\":\"SearchAction\",\"target\":{\"@type\":\"EntryPoint\",\"urlTemplate\":\"https:\\\/\\\/staging.kinoteka.borkko.com\\\/?s={search_term_string}\"},\"query-input\":{\"@type\":\"PropertyValueSpecification\",\"valueRequired\":true,\"valueName\":\"search_term_string\"}}],\"inLanguage\":\"sq-AL\"},{\"@type\":\"Organization\",\"@id\":\"https:\\\/\\\/staging.kinoteka.borkko.com\\\/#organization\",\"name\":\"\u041a\u0438\u043d\u043e\u0442\u0435\u043a\u0430 \u043d\u0430 \u041c\u0430\u043a\u0435\u0434\u043e\u043d\u0438\u0458\u0430\",\"url\":\"https:\\\/\\\/staging.kinoteka.borkko.com\\\/\",\"logo\":{\"@type\":\"ImageObject\",\"inLanguage\":\"sq-AL\",\"@id\":\"https:\\\/\\\/staging.kinoteka.borkko.com\\\/#\\\/schema\\\/logo\\\/image\\\/\",\"url\":\"https:\\\/\\\/staging.kinoteka.borkko.com\\\/wp-content\\\/uploads\\\/2025\\\/01\\\/LOGO-KINOTEKA-50-01.png\",\"contentUrl\":\"https:\\\/\\\/staging.kinoteka.borkko.com\\\/wp-content\\\/uploads\\\/2025\\\/01\\\/LOGO-KINOTEKA-50-01.png\",\"width\":1124,\"height\":1124,\"caption\":\"\u041a\u0438\u043d\u043e\u0442\u0435\u043a\u0430 \u043d\u0430 \u041c\u0430\u043a\u0435\u0434\u043e\u043d\u0438\u0458\u0430\"},\"image\":{\"@id\":\"https:\\\/\\\/staging.kinoteka.borkko.com\\\/#\\\/schema\\\/logo\\\/image\\\/\"},\"sameAs\":[\"https:\\\/\\\/www.facebook.com\\\/KinotekaNaSevernaMakedonija\\\/\",\"https:\\\/\\\/www.instagram.com\\\/kinoteka.mk\\\/\"]}]}<\/script>\n<!-- \/ Yoast SEO plugin. -->","yoast_head_json":{"title":"Veprimtaria Publike - \u041a\u0438\u043d\u043e\u0442\u0435\u043a\u0430 \u043d\u0430 \u041c\u0430\u043a\u0435\u0434\u043e\u043d\u0438\u0458\u0430","robots":{"index":"index","follow":"follow","max-snippet":"max-snippet:-1","max-image-preview":"max-image-preview:large","max-video-preview":"max-video-preview:-1"},"canonical":"https:\/\/staging.kinoteka.borkko.com\/javna-dejnost\/","og_locale":"sq_AL","og_type":"article","og_title":"Veprimtaria Publike - \u041a\u0438\u043d\u043e\u0442\u0435\u043a\u0430 \u043d\u0430 \u041c\u0430\u043a\u0435\u0434\u043e\u043d\u0438\u0458\u0430","og_description":"veprimtaria publike Sektori p\u00ebr veprimtari publike kryen aktivitete nga fusha e prezantimit, promovimit dhe shfaqjes s\u00eb filmave q\u00eb i posedon Kinoteka, \u2013 p\u00ebrmes huazimit t\u00eb filmave dhe materialeve tjera, si dhe p\u00ebrmes organizimit t\u00eb retrospektivave, manifestimeve e ekspozitave \u2013 si n\u00eb shtet, ashtu edhe jasht\u00eb. Fototeka Pjes\u00eb e pandashme e produksionit t\u00eb filmit jan\u00eb fotografit\u00eb [&hellip;]","og_url":"https:\/\/staging.kinoteka.borkko.com\/javna-dejnost\/","og_site_name":"\u041a\u0438\u043d\u043e\u0442\u0435\u043a\u0430 \u043d\u0430 \u041c\u0430\u043a\u0435\u0434\u043e\u043d\u0438\u0458\u0430","article_publisher":"https:\/\/www.facebook.com\/KinotekaNaSevernaMakedonija\/","article_modified_time":"2025-02-25T13:32:53+00:00","twitter_card":"summary_large_image","twitter_misc":{"Est. reading time":"3 minutes"},"schema":{"@context":"https:\/\/schema.org","@graph":[{"@type":"WebPage","@id":"https:\/\/staging.kinoteka.borkko.com\/javna-dejnost\/","url":"https:\/\/staging.kinoteka.borkko.com\/javna-dejnost\/","name":"Veprimtaria Publike - \u041a\u0438\u043d\u043e\u0442\u0435\u043a\u0430 \u043d\u0430 \u041c\u0430\u043a\u0435\u0434\u043e\u043d\u0438\u0458\u0430","isPartOf":{"@id":"https:\/\/staging.kinoteka.borkko.com\/#website"},"datePublished":"2018-07-25T21:44:04+00:00","dateModified":"2025-02-25T13:32:53+00:00","breadcrumb":{"@id":"https:\/\/staging.kinoteka.borkko.com\/javna-dejnost\/#breadcrumb"},"inLanguage":"sq-AL","potentialAction":[{"@type":"ReadAction","target":["https:\/\/staging.kinoteka.borkko.com\/javna-dejnost\/"]}]},{"@type":"BreadcrumbList","@id":"https:\/\/staging.kinoteka.borkko.com\/javna-dejnost\/#breadcrumb","itemListElement":[{"@type":"ListItem","position":1,"name":"Home","item":"https:\/\/staging.kinoteka.borkko.com\/sq\/"},{"@type":"ListItem","position":2,"name":"Veprimtaria Publike"}]},{"@type":"WebSite","@id":"https:\/\/staging.kinoteka.borkko.com\/#website","url":"https:\/\/staging.kinoteka.borkko.com\/","name":"\u041a\u0438\u043d\u043e\u0442\u0435\u043a\u0430 \u043d\u0430 \u041c\u0430\u043a\u0435\u0434\u043e\u043d\u0438\u0458\u0430","description":"\u041e\u0444\u0438\u0446\u0438\u0458\u0430\u043b\u043d\u0438\u043e\u0442 \u0432\u0435\u0431 \u043f\u043e\u0440\u0442\u0430\u043b \u043d\u0430 \u041a\u0438\u043d\u043e\u0442\u0435\u043a\u0430 \u043d\u0430 \u041c\u0430\u043a\u0435\u0434\u043e\u043d\u0438\u0458\u0430","publisher":{"@id":"https:\/\/staging.kinoteka.borkko.com\/#organization"},"potentialAction":[{"@type":"SearchAction","target":{"@type":"EntryPoint","urlTemplate":"https:\/\/staging.kinoteka.borkko.com\/?s={search_term_string}"},"query-input":{"@type":"PropertyValueSpecification","valueRequired":true,"valueName":"search_term_string"}}],"inLanguage":"sq-AL"},{"@type":"Organization","@id":"https:\/\/staging.kinoteka.borkko.com\/#organization","name":"\u041a\u0438\u043d\u043e\u0442\u0435\u043a\u0430 \u043d\u0430 \u041c\u0430\u043a\u0435\u0434\u043e\u043d\u0438\u0458\u0430","url":"https:\/\/staging.kinoteka.borkko.com\/","logo":{"@type":"ImageObject","inLanguage":"sq-AL","@id":"https:\/\/staging.kinoteka.borkko.com\/#\/schema\/logo\/image\/","url":"https:\/\/staging.kinoteka.borkko.com\/wp-content\/uploads\/2025\/01\/LOGO-KINOTEKA-50-01.png","contentUrl":"https:\/\/staging.kinoteka.borkko.com\/wp-content\/uploads\/2025\/01\/LOGO-KINOTEKA-50-01.png","width":1124,"height":1124,"caption":"\u041a\u0438\u043d\u043e\u0442\u0435\u043a\u0430 \u043d\u0430 \u041c\u0430\u043a\u0435\u0434\u043e\u043d\u0438\u0458\u0430"},"image":{"@id":"https:\/\/staging.kinoteka.borkko.com\/#\/schema\/logo\/image\/"},"sameAs":["https:\/\/www.facebook.com\/KinotekaNaSevernaMakedonija\/","https:\/\/www.instagram.com\/kinoteka.mk\/"]}]}},"_links":{"self":[{"href":"https:\/\/staging.kinoteka.borkko.com\/sq\/wp-json\/wp\/v2\/pages\/471","targetHints":{"allow":["GET"]}}],"collection":[{"href":"https:\/\/staging.kinoteka.borkko.com\/sq\/wp-json\/wp\/v2\/pages"}],"about":[{"href":"https:\/\/staging.kinoteka.borkko.com\/sq\/wp-json\/wp\/v2\/types\/page"}],"author":[{"embeddable":true,"href":"https:\/\/staging.kinoteka.borkko.com\/sq\/wp-json\/wp\/v2\/users\/7"}],"replies":[{"embeddable":true,"href":"https:\/\/staging.kinoteka.borkko.com\/sq\/wp-json\/wp\/v2\/comments?post=471"}],"version-history":[{"count":0,"href":"https:\/\/staging.kinoteka.borkko.com\/sq\/wp-json\/wp\/v2\/pages\/471\/revisions"}],"wp:attachment":[{"href":"https:\/\/staging.kinoteka.borkko.com\/sq\/wp-json\/wp\/v2\/media?parent=471"}],"curies":[{"name":"wp","href":"https:\/\/api.w.org\/{rel}","templated":true}]}}